{"id":9960,"date":"2023-09-20T16:06:13","date_gmt":"2023-09-20T14:06:13","guid":{"rendered":"https:\/\/discimus-lab.com\/avtorske-pravice-discimus-lab-2023\/"},"modified":"2024-05-25T18:18:36","modified_gmt":"2024-05-25T16:18:36","slug":"avtorske-pravice-discimus-lab-2024","status":"publish","type":"page","link":"https:\/\/discimus-lab.com\/sl\/avtorske-pravice-discimus-lab-2024\/","title":{"rendered":"Avtorske pravice \u00a9 Discimus Lab 2024"},"content":{"rendered":"&#13;\n<p>Vse datoteke, slike in informacije, objavljene na tem spletnem mestu, so avtorske pravice dru\u017ebe Discimus Lab, razen \u010de je navedeno druga\u010de, in jih ni dovoljeno razmno\u017eevati, kopirati, spreminjati ali kakor koli prilagajati brez na\u0161ega pisnega dovoljenja. Uporaba na\u0161ega spletnega mesta in storitev vam ne daje nobenih lastni\u0161kih pravic na na\u0161i vsebini.<\/p>&#13;\n","protected":false},"excerpt":{"rendered":"<p>&#13; Vse datoteke, slike in informacije, objavljene na tem spletnem mestu, so avtorske pravice dru\u017ebe Discimus Lab, razen \u010de je navedeno druga\u010de, in jih ni dovoljeno razmno\u017eevati, kopirati, spreminjati ali kakor koli prilagajati brez na\u0161ega pisnega dovoljenja. Uporaba na\u0161ega spletnega mesta in storitev vam ne daje nobenih lastni\u0161kih pravic na na\u0161i vsebini. &#13;<\/p>\n","protected":false},"author":1,"featured_media":0,"parent":0,"menu_order":0,"comment_status":"closed","ping_status":"closed","template":"","meta":{"footnotes":""},"class_list":["post-9960","page","type-page","status-publish","hentry"],"yoast_head":"<!-- This site is optimized with the Yoast SEO plugin v27.3 - https:\/\/yoast.com\/product\/yoast-seo-wordpress\/ -->\n<title>Avtorske pravice<\/title>\n<meta name=\"description\" content=\"Avtorske pravice za vsebine na tem spletnem mestu ima podjetje Discimus Lab, razen \u010de ni navedeno druga\u010de. Vse pravice pridr\u017eane.\" \/>\n<meta name=\"robots\" content=\"index, follow, max-snippet:-1, max-image-preview:large, max-video-preview:-1\" \/>\n<link rel=\"canonical\" href=\"https:\/\/discimus-lab.com\/sl\/avtorske-pravice-discimus-lab-2024\/\" \/>\n<meta property=\"og:locale\" content=\"sl_SI\" \/>\n<meta property=\"og:type\" content=\"article\" \/>\n<meta property=\"og:title\" content=\"Avtorske pravice\" \/>\n<meta property=\"og:description\" content=\"Avtorske pravice za vsebine na tem spletnem mestu ima podjetje Discimus Lab, razen \u010de ni navedeno druga\u010de. Vse pravice pridr\u017eane.\" \/>\n<meta property=\"og:url\" content=\"https:\/\/discimus-lab.com\/sl\/avtorske-pravice-discimus-lab-2024\/\" \/>\n<meta property=\"og:site_name\" content=\"Institut Discimus Lab Tr\u017eec\" \/>\n<meta property=\"article:publisher\" content=\"https:\/\/www.facebook.com\/profile.php?id=61552849460549\" \/>\n<meta property=\"article:modified_time\" content=\"2024-05-25T16:18:36+00:00\" \/>\n<meta name=\"twitter:card\" content=\"summary_large_image\" \/>\n<meta name=\"twitter:label1\" content=\"Est. reading time\" \/>\n\t<meta name=\"twitter:data1\" content=\"1 minuta\" \/>\n<script type=\"application\/ld+json\" class=\"yoast-schema-graph\">{\"@context\":\"https:\\\/\\\/schema.org\",\"@graph\":[{\"@type\":\"WebPage\",\"@id\":\"https:\\\/\\\/discimus-lab.com\\\/sl\\\/avtorske-pravice-discimus-lab-2024\\\/\",\"url\":\"https:\\\/\\\/discimus-lab.com\\\/sl\\\/avtorske-pravice-discimus-lab-2024\\\/\",\"name\":\"Avtorske pravice\",\"isPartOf\":{\"@id\":\"https:\\\/\\\/discimus-lab.com\\\/#website\"},\"datePublished\":\"2023-09-20T14:06:13+00:00\",\"dateModified\":\"2024-05-25T16:18:36+00:00\",\"description\":\"Avtorske pravice za vsebine na tem spletnem mestu ima podjetje Discimus Lab, razen \u010de ni navedeno druga\u010de. Vse pravice pridr\u017eane.\",\"breadcrumb\":{\"@id\":\"https:\\\/\\\/discimus-lab.com\\\/sl\\\/avtorske-pravice-discimus-lab-2024\\\/#breadcrumb\"},\"inLanguage\":\"sl-SI\",\"potentialAction\":[{\"@type\":\"ReadAction\",\"target\":[\"https:\\\/\\\/discimus-lab.com\\\/sl\\\/avtorske-pravice-discimus-lab-2024\\\/\"]}]},{\"@type\":\"BreadcrumbList\",\"@id\":\"https:\\\/\\\/discimus-lab.com\\\/sl\\\/avtorske-pravice-discimus-lab-2024\\\/#breadcrumb\",\"itemListElement\":[{\"@type\":\"ListItem\",\"position\":1,\"name\":\"Startseite\",\"item\":\"https:\\\/\\\/discimus-lab.com\\\/sl\\\/\"},{\"@type\":\"ListItem\",\"position\":2,\"name\":\"Avtorske pravice \u00a9 Discimus Lab 2024\"}]},{\"@type\":\"WebSite\",\"@id\":\"https:\\\/\\\/discimus-lab.com\\\/#website\",\"url\":\"https:\\\/\\\/discimus-lab.com\\\/\",\"name\":\"Institut Discimus Lab Tr\u017eec\",\"description\":\"Zavod Discimus Lab Tr\u017eec\",\"publisher\":{\"@id\":\"https:\\\/\\\/discimus-lab.com\\\/#organization\"},\"potentialAction\":[{\"@type\":\"SearchAction\",\"target\":{\"@type\":\"EntryPoint\",\"urlTemplate\":\"https:\\\/\\\/discimus-lab.com\\\/?s={search_term_string}\"},\"query-input\":{\"@type\":\"PropertyValueSpecification\",\"valueRequired\":true,\"valueName\":\"search_term_string\"}}],\"inLanguage\":\"sl-SI\"},{\"@type\":\"Organization\",\"@id\":\"https:\\\/\\\/discimus-lab.com\\\/#organization\",\"name\":\"Institut Discimus Lab Tr\u017eec\",\"url\":\"https:\\\/\\\/discimus-lab.com\\\/\",\"logo\":{\"@type\":\"ImageObject\",\"inLanguage\":\"sl-SI\",\"@id\":\"https:\\\/\\\/discimus-lab.com\\\/#\\\/schema\\\/logo\\\/image\\\/\",\"url\":\"https:\\\/\\\/discimus-lab.com\\\/wp-content\\\/uploads\\\/2021\\\/09\\\/DL-640x221.png\",\"contentUrl\":\"https:\\\/\\\/discimus-lab.com\\\/wp-content\\\/uploads\\\/2021\\\/09\\\/DL-640x221.png\",\"width\":643,\"height\":222,\"caption\":\"Institut Discimus Lab Tr\u017eec\"},\"image\":{\"@id\":\"https:\\\/\\\/discimus-lab.com\\\/#\\\/schema\\\/logo\\\/image\\\/\"},\"sameAs\":[\"https:\\\/\\\/www.facebook.com\\\/profile.php?id=61552849460549\",\"https:\\\/\\\/www.linkedin.com\\\/company\\\/76269864\\\/\",\"https:\\\/\\\/www.instagram.com\\\/discimus_lab\\\/\"]}]}<\/script>\n<!-- \/ Yoast SEO plugin. -->","yoast_head_json":{"title":"Avtorske pravice","description":"Avtorske pravice za vsebine na tem spletnem mestu ima podjetje Discimus Lab, razen \u010de ni navedeno druga\u010de. Vse pravice pridr\u017eane.","robots":{"index":"index","follow":"follow","max-snippet":"max-snippet:-1","max-image-preview":"max-image-preview:large","max-video-preview":"max-video-preview:-1"},"canonical":"https:\/\/discimus-lab.com\/sl\/avtorske-pravice-discimus-lab-2024\/","og_locale":"sl_SI","og_type":"article","og_title":"Avtorske pravice","og_description":"Avtorske pravice za vsebine na tem spletnem mestu ima podjetje Discimus Lab, razen \u010de ni navedeno druga\u010de. Vse pravice pridr\u017eane.","og_url":"https:\/\/discimus-lab.com\/sl\/avtorske-pravice-discimus-lab-2024\/","og_site_name":"Institut Discimus Lab Tr\u017eec","article_publisher":"https:\/\/www.facebook.com\/profile.php?id=61552849460549","article_modified_time":"2024-05-25T16:18:36+00:00","twitter_card":"summary_large_image","twitter_misc":{"Est. reading time":"1 minuta"},"schema":{"@context":"https:\/\/schema.org","@graph":[{"@type":"WebPage","@id":"https:\/\/discimus-lab.com\/sl\/avtorske-pravice-discimus-lab-2024\/","url":"https:\/\/discimus-lab.com\/sl\/avtorske-pravice-discimus-lab-2024\/","name":"Avtorske pravice","isPartOf":{"@id":"https:\/\/discimus-lab.com\/#website"},"datePublished":"2023-09-20T14:06:13+00:00","dateModified":"2024-05-25T16:18:36+00:00","description":"Avtorske pravice za vsebine na tem spletnem mestu ima podjetje Discimus Lab, razen \u010de ni navedeno druga\u010de. Vse pravice pridr\u017eane.","breadcrumb":{"@id":"https:\/\/discimus-lab.com\/sl\/avtorske-pravice-discimus-lab-2024\/#breadcrumb"},"inLanguage":"sl-SI","potentialAction":[{"@type":"ReadAction","target":["https:\/\/discimus-lab.com\/sl\/avtorske-pravice-discimus-lab-2024\/"]}]},{"@type":"BreadcrumbList","@id":"https:\/\/discimus-lab.com\/sl\/avtorske-pravice-discimus-lab-2024\/#breadcrumb","itemListElement":[{"@type":"ListItem","position":1,"name":"Startseite","item":"https:\/\/discimus-lab.com\/sl\/"},{"@type":"ListItem","position":2,"name":"Avtorske pravice \u00a9 Discimus Lab 2024"}]},{"@type":"WebSite","@id":"https:\/\/discimus-lab.com\/#website","url":"https:\/\/discimus-lab.com\/","name":"Institut Discimus Lab Tr\u017eec","description":"Zavod Discimus Lab Tr\u017eec","publisher":{"@id":"https:\/\/discimus-lab.com\/#organization"},"potentialAction":[{"@type":"SearchAction","target":{"@type":"EntryPoint","urlTemplate":"https:\/\/discimus-lab.com\/?s={search_term_string}"},"query-input":{"@type":"PropertyValueSpecification","valueRequired":true,"valueName":"search_term_string"}}],"inLanguage":"sl-SI"},{"@type":"Organization","@id":"https:\/\/discimus-lab.com\/#organization","name":"Institut Discimus Lab Tr\u017eec","url":"https:\/\/discimus-lab.com\/","logo":{"@type":"ImageObject","inLanguage":"sl-SI","@id":"https:\/\/discimus-lab.com\/#\/schema\/logo\/image\/","url":"https:\/\/discimus-lab.com\/wp-content\/uploads\/2021\/09\/DL-640x221.png","contentUrl":"https:\/\/discimus-lab.com\/wp-content\/uploads\/2021\/09\/DL-640x221.png","width":643,"height":222,"caption":"Institut Discimus Lab Tr\u017eec"},"image":{"@id":"https:\/\/discimus-lab.com\/#\/schema\/logo\/image\/"},"sameAs":["https:\/\/www.facebook.com\/profile.php?id=61552849460549","https:\/\/www.linkedin.com\/company\/76269864\/","https:\/\/www.instagram.com\/discimus_lab\/"]}]}},"_links":{"self":[{"href":"https:\/\/discimus-lab.com\/sl\/wp-json\/wp\/v2\/pages\/9960","targetHints":{"allow":["GET"]}}],"collection":[{"href":"https:\/\/discimus-lab.com\/sl\/wp-json\/wp\/v2\/pages"}],"about":[{"href":"https:\/\/discimus-lab.com\/sl\/wp-json\/wp\/v2\/types\/page"}],"author":[{"embeddable":true,"href":"https:\/\/discimus-lab.com\/sl\/wp-json\/wp\/v2\/users\/1"}],"replies":[{"embeddable":true,"href":"https:\/\/discimus-lab.com\/sl\/wp-json\/wp\/v2\/comments?post=9960"}],"version-history":[{"count":4,"href":"https:\/\/discimus-lab.com\/sl\/wp-json\/wp\/v2\/pages\/9960\/revisions"}],"predecessor-version":[{"id":10088,"href":"https:\/\/discimus-lab.com\/sl\/wp-json\/wp\/v2\/pages\/9960\/revisions\/10088"}],"wp:attachment":[{"href":"https:\/\/discimus-lab.com\/sl\/wp-json\/wp\/v2\/media?parent=9960"}],"curies":[{"name":"wp","href":"https:\/\/api.w.org\/{rel}","templated":true}]}}