{"id":7948,"date":"2022-12-05T10:00:21","date_gmt":"2022-12-05T09:00:21","guid":{"rendered":"https:\/\/discimus-lab.com\/nasa-ekipa\/"},"modified":"2024-05-25T16:08:43","modified_gmt":"2024-05-25T14:08:43","slug":"nasa-ekipa","status":"publish","type":"page","link":"https:\/\/discimus-lab.com\/sl\/nasa-ekipa\/","title":{"rendered":"Na\u0161a ekipa"},"content":{"rendered":"<h4>Dr. phil. Gerald H\u00fchner:<\/h4>\n<ul>\n<li>&#8211; dvojno poklicno usposabljanje za tehni\u010dnega risarja<\/li>\n<li>&#8211; \u0161tudij literature, filozofije in umetnostne zgodovine (magisterij, Univerza v Bonnu\/D)<\/li>\n<li>&#8211; \u0160tudij knji\u017eevnosti (dr. fil., Univerza v Bielefeldu\/D)<\/li>\n<li>&#8211; Ve\u010d kot 26 let strokovnega delovanja na mednarodnem podro\u010dju CLIL-\/CLILiG-izobra\u017eevanja.<\/li>\n<li>&#8211; Zasnova, izvajanje in dokumentiranje mednarodnih projektov<\/li>\n<li>&#8211; Usposabljanje u\u010diteljev\/Train the Trainer<\/li>\n<li>&#8211; Nem\u0161ko delo v \u0161oli v tujini na Mad\u017earskem, v Sloveniji in na Hrva\u0161kem (1995-2017)<\/li>\n<li>&#8211; Strokoven sodelavec za pou\u010devanje na Goethe-Institutu Zagreb (2017 &#8211; 2019)<\/li>\n<li>&#8211; Od takrat naprej zasnovanje in izvedba posebnih projektov izobra\u017eevanja (usposabljanja) v dr\u017eavah srednje in jugovzhodne Evrope (CSEE).<\/li>\n<li>Aktualne, motivacijske metode pou\u010devanja in u\u010denja &#8211; vklju\u010dno z medijskimi projekti z objavo<\/li>\n<li>&#8211; Pripovedovanje zgodb, rap.<\/li>\n<\/ul>\n<h4>Dr. sc. Monica H\u00fchner:<\/h4>\n<ul>\n<li>&#8211; Univerzitetna diploma iz kmetijstva (Univerza v Leipzigu\/D)<\/li>\n<li>&#8211; doktorat iz kmetijskega mened\u017ementa (Univerza v Mariboru\/SLO)<\/li>\n<li>&#8211; Strokovno znanje na podro\u010dju vzdr\u017eevanja spletnih strani<\/li>\n<li>&#8211; Strokovno znanje na podro\u010dju uporabe digitalnih orodij, zlasti pri <strong>sprejemanju odlo\u010ditev<\/strong>, kar je predmet njene doktorske disertacije. V ta namen trenutno programira orodje za podporo znanstvenim in vsakdanjim procesom odlo\u010danja (<strong>\u201eDecAid\u201c:<\/strong> <a href=\"http:\/\/www.decaid.eu\/\"><strong>www.decaid.eu<\/strong><\/a><strong>).<\/strong><\/li>\n<li><strong>&#8211;<\/strong> Prostovoljna vodja pisarne fundacije &#8220;Znanje na delu\/Zaklada znanje na djelu&#8221; v okviru poklicnega izobra\u017eevanja na Hrva\u0161kem.<\/li>\n<li>&#8211; Soustanovitelj (z Geraldom H\u00fchnerjem) in soorganizator hrva\u0161kega in slovenskega dr\u017eavnega prvenstva v robotiki CLILiG za osnovne in srednje \u0161ole (2018ff.), z namenom spodbujanja zgodnje in stalno grajene spretnosti na podro\u010dju robotike in nem\u0161\u010dine kot jezikovnega jezika v regiji.<\/li>\n<li>&#8211; Soustanovitelj (skupaj z Geraldom H\u00fchnerjem) mednarodnega rokometnega turnirja &#8220;DaF-Cup&#8221; v Zapre\u0161i\u0107u na Hrva\u0161kem (2011ff.)z namenom spodbujanja mednarodnih sre\u010danj mladih z nem\u0161\u010dino kot lingua franca v regiji.<\/li>\n<\/ul>\n","protected":false},"excerpt":{"rendered":"<p>Dr. phil. Gerald H\u00fchner: &#8211; dvojno poklicno usposabljanje za tehni\u010dnega risarja &#8211; \u0161tudij literature, filozofije in umetnostne zgodovine (magisterij, Univerza v Bonnu\/D) &#8211; \u0160tudij knji\u017eevnosti (dr. fil., Univerza v Bielefeldu\/D) &#8211; Ve\u010d kot 26 let strokovnega delovanja na mednarodnem podro\u010dju CLIL-\/CLILiG-izobra\u017eevanja. &#8211; Zasnova, izvajanje in dokumentiranje mednarodnih projektov &#8211; Usposabljanje u\u010diteljev\/Train the Trainer &#8211; Nem\u0161ko [&hellip;]<\/p>\n","protected":false},"author":1,"featured_media":0,"parent":0,"menu_order":0,"comment_status":"closed","ping_status":"closed","template":"","meta":{"footnotes":""},"class_list":["post-7948","page","type-page","status-publish","hentry"],"yoast_head":"<!-- This site is optimized with the Yoast SEO plugin v27.4 - https:\/\/yoast.com\/product\/yoast-seo-wordpress\/ -->\n<title>Ekipa<\/title>\n<meta name=\"description\" content=\"Ekipo na in\u0161titutu sestavljata dve osebi, ki se ukvarjata predvsem z razvojem, na\u010drtovanjem in izvajanjem projektov.\" \/>\n<meta name=\"robots\" content=\"index, follow, max-snippet:-1, max-image-preview:large, max-video-preview:-1\" \/>\n<link rel=\"canonical\" href=\"https:\/\/discimus-lab.com\/unser-team\/\" \/>\n<meta property=\"og:locale\" content=\"sl_SI\" \/>\n<meta property=\"og:type\" content=\"article\" \/>\n<meta property=\"og:title\" content=\"Ekipa\" \/>\n<meta property=\"og:description\" content=\"Ekipo na in\u0161titutu sestavljata dve osebi, ki se ukvarjata predvsem z razvojem, na\u010drtovanjem in izvajanjem projektov.\" \/>\n<meta property=\"og:url\" content=\"https:\/\/discimus-lab.com\/unser-team\/\" \/>\n<meta property=\"og:site_name\" content=\"Institut Discimus Lab Tr\u017eec\" \/>\n<meta property=\"article:publisher\" content=\"https:\/\/www.facebook.com\/profile.php?id=61552849460549\" \/>\n<meta property=\"article:modified_time\" content=\"2024-05-25T14:08:43+00:00\" \/>\n<meta name=\"twitter:card\" content=\"summary_large_image\" \/>\n<meta name=\"twitter:label1\" content=\"Est. reading time\" \/>\n\t<meta name=\"twitter:data1\" content=\"2 minuti\" \/>\n<script type=\"application\/ld+json\" class=\"yoast-schema-graph\">{\"@context\":\"https:\\\/\\\/schema.org\",\"@graph\":[{\"@type\":\"WebPage\",\"@id\":\"https:\\\/\\\/discimus-lab.com\\\/unser-team\\\/\",\"url\":\"https:\\\/\\\/discimus-lab.com\\\/unser-team\\\/\",\"name\":\"Ekipa\",\"isPartOf\":{\"@id\":\"https:\\\/\\\/discimus-lab.com\\\/#website\"},\"datePublished\":\"2022-12-05T09:00:21+00:00\",\"dateModified\":\"2024-05-25T14:08:43+00:00\",\"description\":\"Ekipo na in\u0161titutu sestavljata dve osebi, ki se ukvarjata predvsem z razvojem, na\u010drtovanjem in izvajanjem projektov.\",\"breadcrumb\":{\"@id\":\"https:\\\/\\\/discimus-lab.com\\\/unser-team\\\/#breadcrumb\"},\"inLanguage\":\"sl-SI\",\"potentialAction\":[{\"@type\":\"ReadAction\",\"target\":[\"https:\\\/\\\/discimus-lab.com\\\/unser-team\\\/\"]}]},{\"@type\":\"BreadcrumbList\",\"@id\":\"https:\\\/\\\/discimus-lab.com\\\/unser-team\\\/#breadcrumb\",\"itemListElement\":[{\"@type\":\"ListItem\",\"position\":1,\"name\":\"Startseite\",\"item\":\"https:\\\/\\\/discimus-lab.com\\\/sl\\\/\"},{\"@type\":\"ListItem\",\"position\":2,\"name\":\"Na\u0161a ekipa\"}]},{\"@type\":\"WebSite\",\"@id\":\"https:\\\/\\\/discimus-lab.com\\\/#website\",\"url\":\"https:\\\/\\\/discimus-lab.com\\\/\",\"name\":\"Institut Discimus Lab Tr\u017eec\",\"description\":\"Zavod Discimus Lab Tr\u017eec\",\"publisher\":{\"@id\":\"https:\\\/\\\/discimus-lab.com\\\/#organization\"},\"potentialAction\":[{\"@type\":\"SearchAction\",\"target\":{\"@type\":\"EntryPoint\",\"urlTemplate\":\"https:\\\/\\\/discimus-lab.com\\\/?s={search_term_string}\"},\"query-input\":{\"@type\":\"PropertyValueSpecification\",\"valueRequired\":true,\"valueName\":\"search_term_string\"}}],\"inLanguage\":\"sl-SI\"},{\"@type\":\"Organization\",\"@id\":\"https:\\\/\\\/discimus-lab.com\\\/#organization\",\"name\":\"Institut Discimus Lab Tr\u017eec\",\"url\":\"https:\\\/\\\/discimus-lab.com\\\/\",\"logo\":{\"@type\":\"ImageObject\",\"inLanguage\":\"sl-SI\",\"@id\":\"https:\\\/\\\/discimus-lab.com\\\/#\\\/schema\\\/logo\\\/image\\\/\",\"url\":\"https:\\\/\\\/discimus-lab.com\\\/wp-content\\\/uploads\\\/2021\\\/09\\\/DL-640x221.png\",\"contentUrl\":\"https:\\\/\\\/discimus-lab.com\\\/wp-content\\\/uploads\\\/2021\\\/09\\\/DL-640x221.png\",\"width\":643,\"height\":222,\"caption\":\"Institut Discimus Lab Tr\u017eec\"},\"image\":{\"@id\":\"https:\\\/\\\/discimus-lab.com\\\/#\\\/schema\\\/logo\\\/image\\\/\"},\"sameAs\":[\"https:\\\/\\\/www.facebook.com\\\/profile.php?id=61552849460549\",\"https:\\\/\\\/www.linkedin.com\\\/company\\\/76269864\\\/\",\"https:\\\/\\\/www.instagram.com\\\/discimus_lab\\\/\"]}]}<\/script>\n<!-- \/ Yoast SEO plugin. -->","yoast_head_json":{"title":"Ekipa","description":"Ekipo na in\u0161titutu sestavljata dve osebi, ki se ukvarjata predvsem z razvojem, na\u010drtovanjem in izvajanjem projektov.","robots":{"index":"index","follow":"follow","max-snippet":"max-snippet:-1","max-image-preview":"max-image-preview:large","max-video-preview":"max-video-preview:-1"},"canonical":"https:\/\/discimus-lab.com\/unser-team\/","og_locale":"sl_SI","og_type":"article","og_title":"Ekipa","og_description":"Ekipo na in\u0161titutu sestavljata dve osebi, ki se ukvarjata predvsem z razvojem, na\u010drtovanjem in izvajanjem projektov.","og_url":"https:\/\/discimus-lab.com\/unser-team\/","og_site_name":"Institut Discimus Lab Tr\u017eec","article_publisher":"https:\/\/www.facebook.com\/profile.php?id=61552849460549","article_modified_time":"2024-05-25T14:08:43+00:00","twitter_card":"summary_large_image","twitter_misc":{"Est. reading time":"2 minuti"},"schema":{"@context":"https:\/\/schema.org","@graph":[{"@type":"WebPage","@id":"https:\/\/discimus-lab.com\/unser-team\/","url":"https:\/\/discimus-lab.com\/unser-team\/","name":"Ekipa","isPartOf":{"@id":"https:\/\/discimus-lab.com\/#website"},"datePublished":"2022-12-05T09:00:21+00:00","dateModified":"2024-05-25T14:08:43+00:00","description":"Ekipo na in\u0161titutu sestavljata dve osebi, ki se ukvarjata predvsem z razvojem, na\u010drtovanjem in izvajanjem projektov.","breadcrumb":{"@id":"https:\/\/discimus-lab.com\/unser-team\/#breadcrumb"},"inLanguage":"sl-SI","potentialAction":[{"@type":"ReadAction","target":["https:\/\/discimus-lab.com\/unser-team\/"]}]},{"@type":"BreadcrumbList","@id":"https:\/\/discimus-lab.com\/unser-team\/#breadcrumb","itemListElement":[{"@type":"ListItem","position":1,"name":"Startseite","item":"https:\/\/discimus-lab.com\/sl\/"},{"@type":"ListItem","position":2,"name":"Na\u0161a ekipa"}]},{"@type":"WebSite","@id":"https:\/\/discimus-lab.com\/#website","url":"https:\/\/discimus-lab.com\/","name":"Institut Discimus Lab Tr\u017eec","description":"Zavod Discimus Lab Tr\u017eec","publisher":{"@id":"https:\/\/discimus-lab.com\/#organization"},"potentialAction":[{"@type":"SearchAction","target":{"@type":"EntryPoint","urlTemplate":"https:\/\/discimus-lab.com\/?s={search_term_string}"},"query-input":{"@type":"PropertyValueSpecification","valueRequired":true,"valueName":"search_term_string"}}],"inLanguage":"sl-SI"},{"@type":"Organization","@id":"https:\/\/discimus-lab.com\/#organization","name":"Institut Discimus Lab Tr\u017eec","url":"https:\/\/discimus-lab.com\/","logo":{"@type":"ImageObject","inLanguage":"sl-SI","@id":"https:\/\/discimus-lab.com\/#\/schema\/logo\/image\/","url":"https:\/\/discimus-lab.com\/wp-content\/uploads\/2021\/09\/DL-640x221.png","contentUrl":"https:\/\/discimus-lab.com\/wp-content\/uploads\/2021\/09\/DL-640x221.png","width":643,"height":222,"caption":"Institut Discimus Lab Tr\u017eec"},"image":{"@id":"https:\/\/discimus-lab.com\/#\/schema\/logo\/image\/"},"sameAs":["https:\/\/www.facebook.com\/profile.php?id=61552849460549","https:\/\/www.linkedin.com\/company\/76269864\/","https:\/\/www.instagram.com\/discimus_lab\/"]}]}},"_links":{"self":[{"href":"https:\/\/discimus-lab.com\/sl\/wp-json\/wp\/v2\/pages\/7948","targetHints":{"allow":["GET"]}}],"collection":[{"href":"https:\/\/discimus-lab.com\/sl\/wp-json\/wp\/v2\/pages"}],"about":[{"href":"https:\/\/discimus-lab.com\/sl\/wp-json\/wp\/v2\/types\/page"}],"author":[{"embeddable":true,"href":"https:\/\/discimus-lab.com\/sl\/wp-json\/wp\/v2\/users\/1"}],"replies":[{"embeddable":true,"href":"https:\/\/discimus-lab.com\/sl\/wp-json\/wp\/v2\/comments?post=7948"}],"version-history":[{"count":2,"href":"https:\/\/discimus-lab.com\/sl\/wp-json\/wp\/v2\/pages\/7948\/revisions"}],"predecessor-version":[{"id":9573,"href":"https:\/\/discimus-lab.com\/sl\/wp-json\/wp\/v2\/pages\/7948\/revisions\/9573"}],"wp:attachment":[{"href":"https:\/\/discimus-lab.com\/sl\/wp-json\/wp\/v2\/media?parent=7948"}],"curies":[{"name":"wp","href":"https:\/\/api.w.org\/{rel}","templated":true}]}}