{"id":7700,"date":"2018-08-01T04:43:10","date_gmt":"2018-08-01T02:43:10","guid":{"rendered":"https:\/\/discimus-lab.com\/bliznjice\/"},"modified":"2018-08-01T04:43:10","modified_gmt":"2018-08-01T02:43:10","slug":"bliznjice","status":"publish","type":"page","link":"https:\/\/discimus-lab.com\/sl\/bliznjice\/","title":{"rendered":"Bli\u017enjice"},"content":{"rendered":"<div class=\"wpb-content-wrapper\"><p>[vc_row][vc_column][vc_custom_heading text=&#8221;Opozorila&#8221; google_fonts=&#8221;font_family:Montserrat%3Aregular%2C700|font_style:700%20bold%20regular%3A700%3Anormal&#8221; css=&#8221;.vc_custom_1437030587692{margin-bottom: 20px !important;}&#8221;][vc_message]Sem polje za sporo\u010dila. \u010ce \u017eelite spremeniti to besedilo, kliknite gumb za urejanje.[\/vc_message][vc_message message_box_color=&#8221;warning&#8221; icon_fontawesome=&#8221;fa fa-exclamation-triangle&#8221;]Sem polje za sporo\u010dila. \u010ce \u017eelite spremeniti to besedilo, kliknite gumb za urejanje.[\/vc_message][vc_message message_box_color=&#8221;success&#8221; icon_fontawesome=&#8221;fa fa-check-circle&#8221;]Sem polje za sporo\u010dila. \u010ce \u017eelite spremeniti to besedilo, kliknite gumb za urejanje.[\/vc_message][vc_message message_box_color=&#8221;danger&#8221; icon_fontawesome=&#8221;fa fa-hand-o-right&#8221;]Sem polje za sporo\u010dila. \u010ce \u017eelite spremeniti to besedilo, kliknite gumb za urejanje.[\/vc_message][vc_message message_box_color=&#8221;alert-info&#8221; icon_fontawesome=&#8221;fa fa-bell-o&#8221;]Sem polje za sporo\u010dila. \u010ce \u017eelite spremeniti to besedilo, kliknite gumb za urejanje.[\/vc_message][vc_message message_box_color=&#8221;alert-warning&#8221; icon_fontawesome=&#8221;fa-icon-stm_icon_bullhorn&#8221;]Sem polje za sporo\u010dila. \u010ce \u017eelite spremeniti to besedilo, kliknite gumb za urejanje.[\/vc_message][vc_message message_box_color=&#8221;alert-success&#8221; icon_fontawesome=&#8221;fa fa-check&#8221;]Sem polje za sporo\u010dila. \u010ce \u017eelite spremeniti to besedilo, kliknite gumb za urejanje.[\/vc_message][vc_message message_box_color=&#8221;alert-danger&#8221; icon_fontawesome=&#8221;fa fa-frown-o&#8221;]Sem polje za sporo\u010dila. \u010ce \u017eelite spremeniti to besedilo, kliknite gumb za urejanje.[\/vc_message][\/vc_column][\/vc_row][vc_row][vc_column][vc_custom_heading text=&#8221;Razli\u010dne vrstice napredka&#8221; google_fonts=&#8221;font_family:Montserrat%3Aregular%2C700|font_style:700%20bold%20regular%3A700%3Anormal&#8221; css=&#8221;.vc_custom_1437025801493{margin-bottom: 20px !important;}&#8221;][vc_row_inner][vc_column_inner width=&#8221;1\/2&#8243;][vc_progress_bar values=&#8221;90|Development&#8221; bgcolor=&#8221;custom&#8221; options=&#8221;striped,animated&#8221; custombgcolor=&#8221;#457992&#8243; units=&#8221;%&#8221;][vc_progress_bar values=&#8221;92|Design|#eab830&#8243;][\/vc_column_inner][vc_column_inner width=&#8221;1\/2&#8243;][vc_progress_bar values=&#8221;95|Management&#8221; bgcolor=&#8221;custom&#8221; options=&#8221;striped&#8221; custombgcolor=&#8221;#457992&#8243; units=&#8221;%&#8221;][\/vc_column_inner][\/vc_row_inner][\/vc_column][\/vc_row][vc_row][vc_column][vc_custom_heading text=&#8221;Kro\u017eni diagrami&#8221; google_fonts=&#8221;font_family:Montserrat%3Aregular%2C700|font_style:700%20bold%20regular%3A700%3Anormal&#8221; css=&#8221;.vc_custom_1437026001148{margin-bottom: 20px !important;}&#8221;][vc_row_inner][vc_column_inner width=&#8221;1\/4&#8243;][vc_round_chart stroke_width=&#8221;2&#8243; values=&#8221;%5B%7B%22title%22%3A%22Value%20blue%22%2C%22value%22%3A%2260%22%2C%22color%22%3A%22blue%22%7D%2C%7B%22title%22%3A%22Value%20pink%22%2C%22value%22%3A%2240%22%2C%22color%22%3A%22pink%22%7D%5D&#8221;][\/vc_column_inner][vc_column_inner width=&#8221;1\/4&#8243;][vc_round_chart stroke_width=&#8221;2&#8243; values=&#8221;%5B%7B%22title%22%3A%22Value%20blue%22%2C%22value%22%3A%2250%22%2C%22color%22%3A%22mulled-wine%22%7D%2C%7B%22title%22%3A%22Value%20pink%22%2C%22value%22%3A%2250%22%2C%22color%22%3A%22vista-blue%22%7D%5D&#8221;][\/vc_column_inner][vc_column_inner width=&#8221;1\/4&#8243;][vc_round_chart stroke_width=&#8221;2&#8243; values=&#8221;%5B%7B%22title%22%3A%22Value%20blue%22%2C%22value%22%3A%225%22%2C%22color%22%3A%22blue%22%7D%2C%7B%22title%22%3A%22Value%20pink%22%2C%22value%22%3A%2295%22%2C%22color%22%3A%22pink%22%7D%5D&#8221;][\/vc_column_inner][vc_column_inner width=&#8221;1\/4&#8243;][\/vc_column_inner][\/vc_row_inner][\/vc_column][\/vc_row]<\/p>\n<\/div>","protected":false},"excerpt":{"rendered":"<p>[vc_row][vc_column][vc_custom_heading text=&#8221;Opozorila&#8221; google_fonts=&#8221;font_family:Montserrat%3Aregular%2C700|font_style:700%20bold%20regular%3A700%3Anormal&#8221; css=&#8221;.vc_custom_1437030587692{margin-bottom: 20px !important;}&#8221;][vc_message]Sem polje za sporo\u010dila. \u010ce \u017eelite spremeniti to besedilo, kliknite gumb za urejanje.[\/vc_message][vc_message message_box_color=&#8221;warning&#8221; icon_fontawesome=&#8221;fa fa-exclamation-triangle&#8221;]Sem polje za sporo\u010dila. \u010ce \u017eelite spremeniti to besedilo, kliknite gumb za urejanje.[\/vc_message][vc_message message_box_color=&#8221;success&#8221; icon_fontawesome=&#8221;fa fa-check-circle&#8221;]Sem polje za sporo\u010dila. \u010ce \u017eelite spremeniti to besedilo, kliknite gumb za urejanje.[\/vc_message][vc_message message_box_color=&#8221;danger&#8221; icon_fontawesome=&#8221;fa fa-hand-o-right&#8221;]Sem polje za sporo\u010dila. \u010ce [&hellip;]<\/p>\n","protected":false},"author":1,"featured_media":0,"parent":0,"menu_order":0,"comment_status":"closed","ping_status":"closed","template":"","meta":{"footnotes":""},"class_list":["post-7700","page","type-page","status-publish","hentry"],"yoast_head":"<!-- This site is optimized with the Yoast SEO plugin v27.3 - https:\/\/yoast.com\/product\/yoast-seo-wordpress\/ -->\n<title>Bli\u017enjice - Institut Discimus Lab Tr\u017eec<\/title>\n<meta name=\"robots\" content=\"index, follow, max-snippet:-1, max-image-preview:large, max-video-preview:-1\" \/>\n<link rel=\"canonical\" href=\"https:\/\/discimus-lab.com\/shortcodes\/\" \/>\n<meta property=\"og:locale\" content=\"sl_SI\" \/>\n<meta property=\"og:type\" content=\"article\" \/>\n<meta property=\"og:title\" content=\"Bli\u017enjice - Institut Discimus Lab Tr\u017eec\" \/>\n<meta property=\"og:description\" content=\"[vc_row][vc_column][vc_custom_heading text=&#8221;Opozorila&#8221; google_fonts=&#8221;font_family:Montserrat%3Aregular%2C700|font_style:700%20bold%20regular%3A700%3Anormal&#8221; css=&#8221;.vc_custom_1437030587692{margin-bottom: 20px !important;}&#8221;][vc_message]Sem polje za sporo\u010dila. \u010ce \u017eelite spremeniti to besedilo, kliknite gumb za urejanje.[\/vc_message][vc_message message_box_color=&#8221;warning&#8221; icon_fontawesome=&#8221;fa fa-exclamation-triangle&#8221;]Sem polje za sporo\u010dila. \u010ce \u017eelite spremeniti to besedilo, kliknite gumb za urejanje.[\/vc_message][vc_message message_box_color=&#8221;success&#8221; icon_fontawesome=&#8221;fa fa-check-circle&#8221;]Sem polje za sporo\u010dila. \u010ce \u017eelite spremeniti to besedilo, kliknite gumb za urejanje.[\/vc_message][vc_message message_box_color=&#8221;danger&#8221; icon_fontawesome=&#8221;fa fa-hand-o-right&#8221;]Sem polje za sporo\u010dila. \u010ce [&hellip;]\" \/>\n<meta property=\"og:url\" content=\"https:\/\/discimus-lab.com\/shortcodes\/\" \/>\n<meta property=\"og:site_name\" content=\"Institut Discimus Lab Tr\u017eec\" \/>\n<meta property=\"article:publisher\" content=\"https:\/\/www.facebook.com\/profile.php?id=61552849460549\" \/>\n<meta name=\"twitter:card\" content=\"summary_large_image\" \/>\n<meta name=\"twitter:label1\" content=\"Est. reading time\" \/>\n\t<meta name=\"twitter:data1\" content=\"2 minuti\" \/>\n<script type=\"application\/ld+json\" class=\"yoast-schema-graph\">{\"@context\":\"https:\\\/\\\/schema.org\",\"@graph\":[{\"@type\":\"WebPage\",\"@id\":\"https:\\\/\\\/discimus-lab.com\\\/shortcodes\\\/\",\"url\":\"https:\\\/\\\/discimus-lab.com\\\/shortcodes\\\/\",\"name\":\"Bli\u017enjice - Institut Discimus Lab Tr\u017eec\",\"isPartOf\":{\"@id\":\"https:\\\/\\\/discimus-lab.com\\\/#website\"},\"datePublished\":\"2018-08-01T02:43:10+00:00\",\"breadcrumb\":{\"@id\":\"https:\\\/\\\/discimus-lab.com\\\/shortcodes\\\/#breadcrumb\"},\"inLanguage\":\"sl-SI\",\"potentialAction\":[{\"@type\":\"ReadAction\",\"target\":[\"https:\\\/\\\/discimus-lab.com\\\/shortcodes\\\/\"]}]},{\"@type\":\"BreadcrumbList\",\"@id\":\"https:\\\/\\\/discimus-lab.com\\\/shortcodes\\\/#breadcrumb\",\"itemListElement\":[{\"@type\":\"ListItem\",\"position\":1,\"name\":\"Startseite\",\"item\":\"https:\\\/\\\/discimus-lab.com\\\/sl\\\/\"},{\"@type\":\"ListItem\",\"position\":2,\"name\":\"Bli\u017enjice\"}]},{\"@type\":\"WebSite\",\"@id\":\"https:\\\/\\\/discimus-lab.com\\\/#website\",\"url\":\"https:\\\/\\\/discimus-lab.com\\\/\",\"name\":\"Institut Discimus Lab Tr\u017eec\",\"description\":\"Zavod Discimus Lab Tr\u017eec\",\"publisher\":{\"@id\":\"https:\\\/\\\/discimus-lab.com\\\/#organization\"},\"potentialAction\":[{\"@type\":\"SearchAction\",\"target\":{\"@type\":\"EntryPoint\",\"urlTemplate\":\"https:\\\/\\\/discimus-lab.com\\\/?s={search_term_string}\"},\"query-input\":{\"@type\":\"PropertyValueSpecification\",\"valueRequired\":true,\"valueName\":\"search_term_string\"}}],\"inLanguage\":\"sl-SI\"},{\"@type\":\"Organization\",\"@id\":\"https:\\\/\\\/discimus-lab.com\\\/#organization\",\"name\":\"Institut Discimus Lab Tr\u017eec\",\"url\":\"https:\\\/\\\/discimus-lab.com\\\/\",\"logo\":{\"@type\":\"ImageObject\",\"inLanguage\":\"sl-SI\",\"@id\":\"https:\\\/\\\/discimus-lab.com\\\/#\\\/schema\\\/logo\\\/image\\\/\",\"url\":\"https:\\\/\\\/discimus-lab.com\\\/wp-content\\\/uploads\\\/2021\\\/09\\\/DL-640x221.png\",\"contentUrl\":\"https:\\\/\\\/discimus-lab.com\\\/wp-content\\\/uploads\\\/2021\\\/09\\\/DL-640x221.png\",\"width\":643,\"height\":222,\"caption\":\"Institut Discimus Lab Tr\u017eec\"},\"image\":{\"@id\":\"https:\\\/\\\/discimus-lab.com\\\/#\\\/schema\\\/logo\\\/image\\\/\"},\"sameAs\":[\"https:\\\/\\\/www.facebook.com\\\/profile.php?id=61552849460549\",\"https:\\\/\\\/www.linkedin.com\\\/company\\\/76269864\\\/\",\"https:\\\/\\\/www.instagram.com\\\/discimus_lab\\\/\"]}]}<\/script>\n<!-- \/ Yoast SEO plugin. -->","yoast_head_json":{"title":"Bli\u017enjice - Institut Discimus Lab Tr\u017eec","robots":{"index":"index","follow":"follow","max-snippet":"max-snippet:-1","max-image-preview":"max-image-preview:large","max-video-preview":"max-video-preview:-1"},"canonical":"https:\/\/discimus-lab.com\/shortcodes\/","og_locale":"sl_SI","og_type":"article","og_title":"Bli\u017enjice - Institut Discimus Lab Tr\u017eec","og_description":"[vc_row][vc_column][vc_custom_heading text=&#8221;Opozorila&#8221; google_fonts=&#8221;font_family:Montserrat%3Aregular%2C700|font_style:700%20bold%20regular%3A700%3Anormal&#8221; css=&#8221;.vc_custom_1437030587692{margin-bottom: 20px !important;}&#8221;][vc_message]Sem polje za sporo\u010dila. \u010ce \u017eelite spremeniti to besedilo, kliknite gumb za urejanje.[\/vc_message][vc_message message_box_color=&#8221;warning&#8221; icon_fontawesome=&#8221;fa fa-exclamation-triangle&#8221;]Sem polje za sporo\u010dila. \u010ce \u017eelite spremeniti to besedilo, kliknite gumb za urejanje.[\/vc_message][vc_message message_box_color=&#8221;success&#8221; icon_fontawesome=&#8221;fa fa-check-circle&#8221;]Sem polje za sporo\u010dila. \u010ce \u017eelite spremeniti to besedilo, kliknite gumb za urejanje.[\/vc_message][vc_message message_box_color=&#8221;danger&#8221; icon_fontawesome=&#8221;fa fa-hand-o-right&#8221;]Sem polje za sporo\u010dila. \u010ce [&hellip;]","og_url":"https:\/\/discimus-lab.com\/shortcodes\/","og_site_name":"Institut Discimus Lab Tr\u017eec","article_publisher":"https:\/\/www.facebook.com\/profile.php?id=61552849460549","twitter_card":"summary_large_image","twitter_misc":{"Est. reading time":"2 minuti"},"schema":{"@context":"https:\/\/schema.org","@graph":[{"@type":"WebPage","@id":"https:\/\/discimus-lab.com\/shortcodes\/","url":"https:\/\/discimus-lab.com\/shortcodes\/","name":"Bli\u017enjice - Institut Discimus Lab Tr\u017eec","isPartOf":{"@id":"https:\/\/discimus-lab.com\/#website"},"datePublished":"2018-08-01T02:43:10+00:00","breadcrumb":{"@id":"https:\/\/discimus-lab.com\/shortcodes\/#breadcrumb"},"inLanguage":"sl-SI","potentialAction":[{"@type":"ReadAction","target":["https:\/\/discimus-lab.com\/shortcodes\/"]}]},{"@type":"BreadcrumbList","@id":"https:\/\/discimus-lab.com\/shortcodes\/#breadcrumb","itemListElement":[{"@type":"ListItem","position":1,"name":"Startseite","item":"https:\/\/discimus-lab.com\/sl\/"},{"@type":"ListItem","position":2,"name":"Bli\u017enjice"}]},{"@type":"WebSite","@id":"https:\/\/discimus-lab.com\/#website","url":"https:\/\/discimus-lab.com\/","name":"Institut Discimus Lab Tr\u017eec","description":"Zavod Discimus Lab Tr\u017eec","publisher":{"@id":"https:\/\/discimus-lab.com\/#organization"},"potentialAction":[{"@type":"SearchAction","target":{"@type":"EntryPoint","urlTemplate":"https:\/\/discimus-lab.com\/?s={search_term_string}"},"query-input":{"@type":"PropertyValueSpecification","valueRequired":true,"valueName":"search_term_string"}}],"inLanguage":"sl-SI"},{"@type":"Organization","@id":"https:\/\/discimus-lab.com\/#organization","name":"Institut Discimus Lab Tr\u017eec","url":"https:\/\/discimus-lab.com\/","logo":{"@type":"ImageObject","inLanguage":"sl-SI","@id":"https:\/\/discimus-lab.com\/#\/schema\/logo\/image\/","url":"https:\/\/discimus-lab.com\/wp-content\/uploads\/2021\/09\/DL-640x221.png","contentUrl":"https:\/\/discimus-lab.com\/wp-content\/uploads\/2021\/09\/DL-640x221.png","width":643,"height":222,"caption":"Institut Discimus Lab Tr\u017eec"},"image":{"@id":"https:\/\/discimus-lab.com\/#\/schema\/logo\/image\/"},"sameAs":["https:\/\/www.facebook.com\/profile.php?id=61552849460549","https:\/\/www.linkedin.com\/company\/76269864\/","https:\/\/www.instagram.com\/discimus_lab\/"]}]}},"_links":{"self":[{"href":"https:\/\/discimus-lab.com\/sl\/wp-json\/wp\/v2\/pages\/7700","targetHints":{"allow":["GET"]}}],"collection":[{"href":"https:\/\/discimus-lab.com\/sl\/wp-json\/wp\/v2\/pages"}],"about":[{"href":"https:\/\/discimus-lab.com\/sl\/wp-json\/wp\/v2\/types\/page"}],"author":[{"embeddable":true,"href":"https:\/\/discimus-lab.com\/sl\/wp-json\/wp\/v2\/users\/1"}],"replies":[{"embeddable":true,"href":"https:\/\/discimus-lab.com\/sl\/wp-json\/wp\/v2\/comments?post=7700"}],"version-history":[{"count":0,"href":"https:\/\/discimus-lab.com\/sl\/wp-json\/wp\/v2\/pages\/7700\/revisions"}],"wp:attachment":[{"href":"https:\/\/discimus-lab.com\/sl\/wp-json\/wp\/v2\/media?parent=7700"}],"curies":[{"name":"wp","href":"https:\/\/api.w.org\/{rel}","templated":true}]}}