{"id":7694,"date":"2022-02-27T23:21:21","date_gmt":"2022-02-27T22:21:21","guid":{"rendered":"https:\/\/discimus-lab.com\/zasebnost\/"},"modified":"2024-05-25T18:24:48","modified_gmt":"2024-05-25T16:24:48","slug":"zasebnost","status":"publish","type":"page","link":"https:\/\/discimus-lab.com\/sl\/zasebnost\/","title":{"rendered":"ZASEBNOST"},"content":{"rendered":"<p>ZASEBNOST<br \/>\nPravilnik o zasebnosti<\/p>\n<p>Uvod<\/p>\n<p>Z naslednjo izjavo o varstvu podatkov vas \u017eelimo obvestiti o tem, katere vrste va\u0161ih osebnih podatkov (v nadaljnjem besedilu tudi \u201cpodatki\u201d) obdelujemo, za katere namene in v kak\u0161nem obsegu. Izjava o varstvu podatkov velja za vso obdelavo osebnih podatkov, ki jo izvajamo v okviru zagotavljanja na\u0161ih storitev, zlasti na na\u0161ih spletnih mestih, v mobilnih aplikacijah in v zunanjih spletnih predstavitvah, kot so na\u0161i profili na dru\u017eabnih omre\u017ejih (v nadaljevanju skupaj imenovani \u201cspletna ponudba\u201d).<\/p>\n<p>Uporabljeni izrazi niso vezani na spol.<\/p>\n<p>Status: 30.11.2022<\/p>\n<p>Vsebina<\/p>\n<p>Uvod<br \/>\nOdgovorno<br \/>\nPregled obdelave<br \/>\nUstrezne pravne podlage<br \/>\nVarnostni ukrepi<br \/>\nIzbris podatkov<br \/>\nUporaba pi\u0161kotkov<br \/>\nZagotavljanje spletne ponudbe in spletnega gostovanja<br \/>\nUpravljanje stikov in povpra\u0161evanj<br \/>\nSprememba in posodobitev pravilnika o zasebnosti<br \/>\nOpredelitve pojmov<br \/>\nOdgovorno<\/p>\n<p>IN\u0160TITUT DISCIMUS LAB<br \/>\nTr\u017eec 12B<br \/>\n2284 Videm pri Ptuju<br \/>\nSlovenija<\/p>\n<p>Poobla\u0161\u010deni zastopniki:<\/p>\n<p>Dr. Monica H\u00fchner<\/p>\n<p>Elektronski naslov:<\/p>\n<p>monica.huehner@discimus-lab.com<\/p>\n<p>Odtis<\/p>\n<p><blockquote class=\"wp-embedded-content\" data-secret=\"815CD6PbK8\"><a href=\"https:\/\/discimus-lab.com\/sl\/\">Domov<\/a><\/blockquote><iframe class=\"wp-embedded-content\" sandbox=\"allow-scripts\" security=\"restricted\" style=\"position: absolute; visibility: hidden;\" title=\"&#8220;Domov&#8221; &#8212; Institut Discimus Lab Tr\u017eec\" src=\"https:\/\/discimus-lab.com\/sl\/embed\/#?secret=XRC41Sd9YF#?secret=815CD6PbK8\" data-secret=\"815CD6PbK8\" width=\"600\" height=\"338\" frameborder=\"0\" marginwidth=\"0\" marginheight=\"0\" scrolling=\"no\"><\/iframe><\/p>\n<p>Pregled obdelave<\/p>\n<p>V naslednjem pregledu so povzete vrste podatkov, ki se obdelujejo, in nameni njihove obdelave ter sklicevanje na posameznike, na katere se podatki nana\u0161ajo.<\/p>\n<p>Vrste obdelanih podatkov<\/p>\n<p>Podatki o inventuri.<br \/>\nKontaktni podatki.<br \/>\nVsebinski podatki.<br \/>\nPodatki o uporabi.<br \/>\nMeta\/komunikacijski podatki<br \/>\nKategorije zadevnih osebe<\/p>\n<p>Komunikacijski partner.<br \/>\nUporabniki.<br \/>\nNameni obdelave<\/p>\n<p>Zagotavljanje pogodbenih storitev in storitev za stranke.<br \/>\nZahteve za stike in komunikacijo.<br \/>\nzagotavljanje na\u0161e spletne ponudbe in prijaznost do uporabnika.<br \/>\nUstrezne pravne podlage<\/p>\n<p>V nadaljevanju najdete pregled pravnih podlag GDPR, na podlagi katerih obdelujemo osebne podatke. Upo\u0161tevajte, da poleg dolo\u010db GDPR v dr\u017eavi va\u0161ega ali na\u0161ega prebivali\u0161\u010da ali sede\u017ea morda veljajo tudi nacionalni predpisi o varstvu podatkov. \u010ce so v posameznih primerih pomembne podrobnej\u0161e pravne podlage, vas bomo o njih obvestili v izjavi o varstvu podatkov.<\/p>\n<p>Izvajanje pogodb in predpogodbene poizvedbe (\u010dlen 6(1)(1)(b) GDPR) \u2013 Obdelava je potrebna za izvajanje pogodbe, katere stranka je posameznik, na katerega se nana\u0161ajo osebni podatki, ali za izvajanje predpogodbenih ukrepov, sprejetih na zahtevo posameznika, na katerega se nana\u0161ajo osebni podatki.<br \/>\nPravna obveznost (\u010dlen 6(1)(1)(c) GDPR) \u2013 Obdelava je potrebna za izpolnitev pravne obveznosti, ki velja za upravljavca.<br \/>\nZakoniti interesi (\u010dlen 6(1)(1)(f) GDPR) \u2013 Obdelava je potrebna za za\u0161\u010dito zakonitih interesov upravljavca ali tretje osebe, razen \u010de nad takimi interesi prevladajo interesi ali temeljne pravice in svobo\u0161\u010dine posameznika, na katerega se nana\u0161ajo osebni podatki, ki zahtevajo varstvo osebnih podatkov.<br \/>\nVarnostni ukrepi<\/p>\n<p>Sprejmemo ustrezne tehni\u010dne in organizacijske ukrepe za zagotovitev ravni za\u0161\u010dite, ki ustreza tveganju v skladu z zakonskimi zahtevami, pri \u010demer upo\u0161tevamo stanje tehnike, stro\u0161ke izvajanja ter naravo, obseg, okoli\u0161\u010dine in namene obdelave ter razli\u010dne verjetnosti pojava in obseg nevarnosti za pravice in svobo\u0161\u010dine fizi\u010dnih oseb.<\/p>\n<p>Ukrepi vklju\u010dujejo zlasti zagotavljanje zaupnosti, celovitosti in razpolo\u017eljivosti podatkov z nadzorom fizi\u010dnega in elektronskega dostopa do podatkov ter dostopa, vstopa, razkritja, zagotavljanja razpolo\u017eljivosti in lo\u010devanja podatkov. Poleg tega smo vzpostavili postopke za zagotavljanje uveljavljanja pravic posameznikov, na katere se nana\u0161ajo osebni podatki, izbrisa podatkov in odzivov na ogro\u017eanje podatkov. Poleg tega varstvo osebnih podatkov upo\u0161tevamo \u017ee pri razvoju ali izbiri strojne in programske opreme ter postopkov v skladu z na\u010delom varstva podatkov, z zasnovo tehnologije in privzetimi nastavitvami, ki so prijazne do varstva podatkov.<\/p>\n<p>\u0160ifriranje SSL (https): Za za\u0161\u010dito va\u0161ih podatkov, posredovanih prek na\u0161e spletne ponudbe, uporabljamo \u0161ifriranje SSL. Tak\u0161ne \u0161ifrirane povezave prepoznate po predponi https:\/\/ v naslovni vrstici brskalnika.<\/p>\n<p>Izbris podatkov<\/p>\n<p>Podatki, ki jih obdelujemo, bodo izbrisani v skladu z zakonskimi zahtevami takoj, ko bodo preklicana njihova soglasja, dovoljena za obdelavo, ali ko bodo prenehala veljati druga dovoljenja (npr. \u010de je prenehal veljati namen obdelave teh podatkov ali \u010de ti podatki niso ve\u010d potrebni za ta namen).<\/p>\n<p>\u010ce podatki niso izbrisani, ker so potrebni za druge in zakonsko dovoljene namene, je njihova obdelava omejena na te namene. To pomeni, da so podatki blokirani in se ne obdelujejo za druge namene. To velja na primer za podatke, ki jih je treba hraniti zaradi trgovinske ali dav\u010dne zakonodaje ali so potrebni za uveljavljanje, izvajanje ali obrambo pravnih zahtevkov ali za za\u0161\u010dito pravic druge fizi\u010dne ali pravne osebe.<\/p>\n<p>Na\u0161a obvestila o zasebnosti lahko vsebujejo tudi dodatne informacije o hrambi in izbrisu podatkov, ki bodo imele prednost pri zadevnih postopkih obdelave.<\/p>\n<p>Uporaba pi\u0161kotkov<\/p>\n<p>Pi\u0161kotki so majhne besedilne datoteke ali drugi pomnilni\u0161ki zapisi, ki shranjujejo informacije v kon\u010dne naprave in berejo informacije iz kon\u010dnih naprav. Na primer za shranjevanje statusa prijave v uporabni\u0161ki ra\u010dun, vsebine nakupovalne ko\u0161arice v e-trgovini, dostopane vsebine ali uporabljenih funkcij v spletni ponudbi. Pi\u0161kotki se lahko uporabljajo tudi za razli\u010dne namene, npr. za funkcionalnost, varnost in udobje spletnih ponudb ter izdelavo analiz tokov obiskovalcev.<\/p>\n<p>Obvestila o soglasju: Pi\u0161kotke uporabljamo v skladu z zakonskimi zahtevami. Zato od uporabnikov pridobimo predhodno soglasje, razen kadar to ni zakonsko zahtevano. Zlasti soglasje ni potrebno, \u010de je shranjevanje in branje informacij, torej tudi pi\u0161kotkov, nujno potrebno za zagotavljanje telemedijske storitve, ki jo je uporabnik izrecno zahteval (npr. na\u0161a spletna ponudba). Preklicana privolitev je jasno sporo\u010dena uporabnikom in vsebuje informacije o uporabi posameznega pi\u0161kotka.<\/p>\n<p>Opombe o pravnih podlagah po zakonu o varstvu podatkov: Pravna podlaga po zakonu o varstvu podatkov, na podlagi katere obdelujemo osebne podatke uporabnikov s pomo\u010djo pi\u0161kotkov, je odvisna od tega, ali uporabnike prosimo za privolitev. \u010ce se uporabniki strinjajo, je pravna podlaga za obdelavo njihovih podatkov njihova izra\u017eena privolitev. V nasprotnem primeru bodo podatki, obdelani s pomo\u010djo pi\u0161kotkov, obdelani na podlagi na\u0161ih zakonitih interesov (npr. pri poslovnem upravljanju na\u0161e spletne ponudbe in izbolj\u0161anju njene uporabnosti) ali, \u010de to poteka v okviru izpolnjevanja na\u0161ih pogodbenih obveznosti, \u010de je uporaba pi\u0161kotkov potrebna za izpolnjevanje na\u0161ih pogodbenih obveznosti. Namene, za katere obdelujemo pi\u0161kotke, pojasnjujemo v tem pravilniku o zasebnosti ali v okviru na\u0161ih postopkov odobritve in obdelave.<\/p>\n<p>\u010cas shranjevanja: Glede na obdobje shranjevanja razlikujemo naslednje vrste pi\u0161kotkov:<\/p>\n<p>Za\u010dasni pi\u0161kotki (tudi: sejni pi\u0161kotki): Za\u010dasni pi\u0161kotki se izbri\u0161ejo najpozneje po tem, ko uporabnik zapusti spletno ponudbo in zapre svojo kon\u010dno napravo (npr. brskalnik ali mobilno aplikacijo).<br \/>\nTrajni pi\u0161kotki: Trajni pi\u0161kotki ostanejo shranjeni tudi po zaprtju kon\u010dne naprave. Na primer, stanje prijave se lahko shrani ali pa se \u017eelena vsebina prika\u017ee neposredno, ko uporabnik ponovno obi\u0161\u010de spletno mesto. Prav tako se lahko uporabni\u0161ki podatki, zbrani s pomo\u010djo pi\u0161kotkov, uporabijo za merjenje dosega. \u010ce uporabnikom ne zagotovimo izrecnih informacij o vrsti in trajanju shranjevanja pi\u0161kotkov (npr. pri pridobivanju soglasja), morajo uporabniki domnevati, da so pi\u0161kotki trajni in da se lahko shranjujejo do dveh let.<br \/>\nSplo\u0161ne informacije o preklicu in ugovoru (opt-out): Uporabniki lahko kadar koli prekli\u010dejo dano soglasje in ugovarjajo obdelavi v skladu s   pravnimi zahtevami iz \u010dlena 21 DSGVO (dodatne informacije o ugovoru so na voljo v okviru te politike zasebnosti). Uporabniki lahko svoje nasprotovanje izrazijo tudi z nastavitvami svojega brskalnika.<\/p>\n<p>Dodatna navodila o postopkih obdelave, postopkih in storitvah:<\/p>\n<p>Obdelava podatkov o pi\u0161kotkih na podlagi privolitve: Uporabljamo postopek upravljanja soglasij za pi\u0161kotke, v okviru katerega je mogo\u010de pridobiti in upravljati soglasja uporabnikov za uporabo pi\u0161kotkov ali obdelavo in ponudnike, navedene v postopku upravljanja soglasij za pi\u0161kotke, ter jih preklicati. Izjava o privolitvi je shranjena tako, da je ni treba ponavljati in da je privolitev mogo\u010de dokazati v skladu s pravno obveznostjo. Shranjevanje lahko poteka na strani stre\u017enika in\/ali v pi\u0161kotku (tako imenovani opt-in pi\u0161kotek ali s pomo\u010djo primerljivih tehnologij), da se lahko privolitev dodeli uporabniku ali njegovi napravi. Glede na posamezne informacije o ponudnikih storitev upravljanja pi\u0161kotkov veljajo naslednje informacije: Privolitev se lahko hrani najve\u010d dve leti. Pri tem se ustvari in shrani psevdonimni identifikator uporabnika s \u010dasom privolitve, informacijami o obsegu privolitve (npr. katere kategorije pi\u0161kotkov in\/ali ponudniki storitev) ter uporabljenim brskalnikom, sistemom in kon\u010dno napravo.<br \/>\nZagotavljanje spletne ponudbe in spletnega gostovanja<\/p>\n<p>Za varno in u\u010dinkovito zagotavljanje na\u0161e spletne ponudbe uporabljamo storitve enega ali ve\u010d ponudnikov spletnega gostovanja, s katerih stre\u017enikov (ali stre\u017enikov, ki jih upravljajo) je mogo\u010de dostopati do spletne ponudbe. V te namene lahko uporabljamo storitve infrastrukture in platforme, ra\u010dunalni\u0161ke zmogljivosti, prostor za shranjevanje in storitve zbirke podatkov ter varnostne storitve in storitve tehni\u010dnega vzdr\u017eevanja.<\/p>\n<p>Podatki, ki se obdelujejo v okviru zagotavljanja storitve gostovanja, lahko vklju\u010dujejo vse informacije v zvezi z uporabniki na\u0161e spletne storitve, ki nastanejo med uporabo in komunikacijo. To redno vklju\u010duje naslov IP, ki je potreben za posredovanje vsebine spletnih ponudb brskalnikom, in vse vnose v na\u0161i spletni ponudbi ali s spletnih strani.<\/p>\n<p>Vrste obdelanih podatkov: podatki o vsebini (npr. vnosi v spletne obrazce); podatki o uporabi (npr. obiskana spletna mesta, zanimanje za vsebino, \u010das dostopa); meta\/komunikacijski podatki (npr. podatki o napravi, naslovi IP).<br \/>\nPosamezniki, na katere se nana\u0161ajo osebni podatki: Uporabniki (npr. obiskovalci spletnega mesta, uporabniki spletnih storitev).<br \/>\nNamen obdelave: Zagotavljanje na\u0161e spletne ponudbe in prijaznosti do uporabnika.<br \/>\nPravna podlaga: zakoniti interesi (\u010dlen 6(1)(1)(f) GDPR).<br \/>\nDodatna navodila o postopkih obdelave, postopkih in storitvah:<\/p>\n<p>Zbiranje podatkov o dostopu in dnevni\u0161kih datotek: Sami (ali na\u0161 ponudnik spletnega gostovanja) zbiramo podatke o vsakem dostopu do stre\u017enika (tako imenovane dnevni\u0161ke datoteke stre\u017enika). Dnevni\u0161ke datoteke stre\u017enika lahko vklju\u010dujejo naslov in ime obiskanih spletnih strani in datotek, datum in \u010das dostopa, koli\u010dino prenesenih podatkov, obvestilo o uspe\u0161nem dostopu, vrsto in razli\u010dico brskalnika, operacijski sistem uporabnika, referen\u010dni URL (predhodno obiskana stran) ter praviloma naslove IP in ponudnika, ki je poslal zahtevo. Dnevni\u0161ke datoteke stre\u017enika se lahko na eni strani uporabljajo za varnostne namene, npr. za prepre\u010devanje preobremenitve stre\u017enikov (zlasti v primeru zlorab, tako imenovanih napadov DDoS), na drugi strani pa za zagotavljanje uporabe stre\u017enikov in njihove stabilnosti; brisanje podatkov: Podatki v dnevni\u0161ki datoteki so shranjeni najve\u010d 30 dni, nato pa so izbrisani ali anonimizirani. Podatki, katerih nadaljnja hramba je potrebna za dokazne namene, so izvzeti iz izbrisa do dokon\u010dne razjasnitve zadevnega incidenta.<br \/>\nUpravljanje stikov in povpra\u0161evanj<\/p>\n<p>Ko nas kontaktirate (npr. prek kontaktnega obrazca, e-po\u0161te, telefona ali dru\u017ebenih medijev) ter v okviru obstoje\u010dih uporabni\u0161kih in poslovnih odnosov, se podatki povpra\u0161evalcev obdelujejo, \u010de je to potrebno za odgovor na kontaktne poizvedbe in morebitne zahtevane ukrepe.<\/p>\n<p>Odgovarjanje na poizvedbe ter upravljanje podatkov o stikih in poizvedbah v okviru pogodbenih ali predpogodbenih razmerij se izvaja zaradi izpolnjevanja na\u0161ih pogodbenih obveznosti ali odgovarjanja na (pred)pogodbene poizvedbe, poleg tega pa na podlagi zakonitih interesov za odgovarjanje na poizvedbe in vzdr\u017eevanje uporabni\u0161kih ali poslovnih odnosov.<\/p>\n<p>Vrste obdelanih podatkov: popisni podatki (npr. imena, naslovi); kontaktni podatki (npr. e-po\u0161ta, telefonske \u0161tevilke); podatki o vsebini (npr. vnosi v spletne obrazce).<br \/>\nPrizadete osebe: Komunikacijski partner.<br \/>\nNameni obdelave: zahteve za stik in komunikacija; zagotavljanje pogodbenih storitev in storitev za stranke.<br \/>\nPravna podlaga: Izvajanje pogodbe in predpogodbene poizvedbe (\u010dl. 6 odst. (1)(1) (b) GDPR); Zakoniti interesi (\u010dlen 6(1)(1)(f) GDPR); Pravna obveznost (\u010dlen 6(1)(1)(c) GDPR).<br \/>\nDodatna navodila o postopkih obdelave, postopkih in storitvah:<\/p>\n<p>Kontaktni obrazec: \u010ce nas uporabniki kontaktirajo prek kontaktnega obrazca, e-po\u0161te ali drugih komunikacijskih kanalov, obdelujemo podatke, ki so nam bili posredovani v tem kontekstu, za namen obdelave posredovane zahteve. V ta namen obdelujemo osebne podatke v okviru predpogodbenih in pogodbenih poslovnih odnosov, \u010de je to potrebno za njihovo izpolnitev, sicer pa na podlagi na\u0161ih zakonitih interesov in interesov komunikacijskih partnerjev pri odzivanju na zahteve ter na\u0161ih zakonskih obveznosti hrambe.<br \/>\nSprememba in posodobitev pravilnika o zasebnosti<\/p>\n<p>Prosimo vas, da se redno seznanjate z vsebino na\u0161ega pravilnika o zasebnosti. Pravilnik o zasebnosti prilagodimo takoj, ko je to potrebno zaradi sprememb pri obdelavi podatkov, ki jo izvajamo. Obvestili vas bomo takoj, ko bodo spremembe zahtevale va\u0161e sodelovanje (npr. privolitev) ali drugo individualno obvestilo.<\/p>\n<p>\u010ce v tej izjavi o zasebnosti navajamo naslove in kontaktne podatke podjetij in organizacij, upo\u0161tevajte, da se lahko naslovi s\u010dasoma spremenijo, zato preverite podatke, preden stopite v stik z nami.<\/p>\n<p>Opredelitve pojmov<\/p>\n<p>V tem razdelku najdete pregled izrazov, uporabljenih v tej izjavi o zasebnosti. \u0160tevilni izrazi so prevzeti iz zakona in opredeljeni predvsem v 4. \u010dlenu GDPR. Pravne opredelitve so zavezujo\u010de. Naslednja pojasnila pa so namenjena predvsem la\u017ejemu razumevanju. Izrazi so razvr\u0161\u010deni po abecedi..<\/p>\n<p>Osebni podatki: \u201cOsebni podatki\u201d pomenijo vse informacije v zvezi z dolo\u010deno ali dolo\u010dljivo fizi\u010dno osebo (v nadaljnjem besedilu: posameznik, na katerega se nana\u0161ajo osebni podatki); dolo\u010dljiva fizi\u010dna oseba je tista, ki jo je mogo\u010de neposredno ali posredno dolo\u010diti, zlasti na podlagi identifikatorja, kot je ime, identifikacijska \u0161tevilka, lokacijski podatki, spletni identifikator (npr. pi\u0161kotek) ali na podlagi enega ali ve\u010d dejavnikov, zna\u010dilnih za fizi\u010dno, fiziolo\u0161ko, genetsko, du\u0161evno, gospodarsko, kulturno ali dru\u017ebeno identiteto te fizi\u010dne osebe.<br \/>\nUpravljavec: fizi\u010dna ali pravna oseba, javni organ, agencija ali drug organ, ki sam ali skupaj z drugimi dolo\u010da namene in sredstva obdelave osebnih podatkov.<br \/>\nObdelava: \u201cobdelava\u201d pomeni vsako dejanje ali niz dejanj, ki se izvaja v zvezi z osebnimi podatki z avtomatskimi sredstvi ali brez njih. Izraz je \u0161irok in zajema prakti\u010dno vsako ravnanje s podatki, bodisi zbiranje, vrednotenje, shranjevanje, prenos ali brisanje.<br \/>\nUstvarjeno z brezpla\u010dnim Datenschutz-Generator.de by Dr. Thomas Schwenke<\/p>\n\n<p>\u00a0<\/p>\n","protected":false},"excerpt":{"rendered":"<p>ZASEBNOST Pravilnik o zasebnosti Uvod Z naslednjo izjavo o varstvu podatkov vas \u017eelimo obvestiti o tem, katere vrste va\u0161ih osebnih podatkov (v nadaljnjem besedilu tudi \u201cpodatki\u201d) obdelujemo, za katere namene in v kak\u0161nem obsegu. Izjava o varstvu podatkov velja za vso obdelavo osebnih podatkov, ki jo izvajamo v okviru zagotavljanja na\u0161ih storitev, zlasti na na\u0161ih [&hellip;]<\/p>\n","protected":false},"author":1,"featured_media":0,"parent":0,"menu_order":0,"comment_status":"closed","ping_status":"closed","template":"","meta":{"footnotes":""},"class_list":["post-7694","page","type-page","status-publish","hentry"],"yoast_head":"<!-- This site is optimized with the Yoast SEO plugin v27.4 - https:\/\/yoast.com\/product\/yoast-seo-wordpress\/ -->\n<title>Izjava zasebnosti<\/title>\n<meta name=\"description\" content=\"Ta izjava o zasebnosti dolo\u010da, kako se zbrani osebni podatki uporabljajo in ali se shranjujejo.\" \/>\n<meta name=\"robots\" content=\"index, follow, max-snippet:-1, max-image-preview:large, max-video-preview:-1\" \/>\n<link rel=\"canonical\" href=\"https:\/\/discimus-lab.com\/sl\/zasebnost\/\" \/>\n<meta property=\"og:locale\" content=\"sl_SI\" \/>\n<meta property=\"og:type\" content=\"article\" \/>\n<meta property=\"og:title\" content=\"Izjava zasebnosti\" \/>\n<meta property=\"og:description\" content=\"Ta izjava o zasebnosti dolo\u010da, kako se zbrani osebni podatki uporabljajo in ali se shranjujejo.\" \/>\n<meta property=\"og:url\" content=\"https:\/\/discimus-lab.com\/sl\/zasebnost\/\" \/>\n<meta property=\"og:site_name\" content=\"Institut Discimus Lab Tr\u017eec\" \/>\n<meta property=\"article:publisher\" content=\"https:\/\/www.facebook.com\/profile.php?id=61552849460549\" \/>\n<meta property=\"article:modified_time\" content=\"2024-05-25T16:24:48+00:00\" \/>\n<meta name=\"twitter:card\" content=\"summary_large_image\" \/>\n<meta name=\"twitter:label1\" content=\"Est. reading time\" \/>\n\t<meta name=\"twitter:data1\" content=\"11 minut\" \/>\n<script type=\"application\/ld+json\" class=\"yoast-schema-graph\">{\"@context\":\"https:\\\/\\\/schema.org\",\"@graph\":[{\"@type\":\"WebPage\",\"@id\":\"https:\\\/\\\/discimus-lab.com\\\/sl\\\/zasebnost\\\/\",\"url\":\"https:\\\/\\\/discimus-lab.com\\\/sl\\\/zasebnost\\\/\",\"name\":\"Izjava zasebnosti\",\"isPartOf\":{\"@id\":\"https:\\\/\\\/discimus-lab.com\\\/#website\"},\"datePublished\":\"2022-02-27T22:21:21+00:00\",\"dateModified\":\"2024-05-25T16:24:48+00:00\",\"description\":\"Ta izjava o zasebnosti dolo\u010da, kako se zbrani osebni podatki uporabljajo in ali se shranjujejo.\",\"breadcrumb\":{\"@id\":\"https:\\\/\\\/discimus-lab.com\\\/sl\\\/zasebnost\\\/#breadcrumb\"},\"inLanguage\":\"sl-SI\",\"potentialAction\":[{\"@type\":\"ReadAction\",\"target\":[\"https:\\\/\\\/discimus-lab.com\\\/sl\\\/zasebnost\\\/\"]}]},{\"@type\":\"BreadcrumbList\",\"@id\":\"https:\\\/\\\/discimus-lab.com\\\/sl\\\/zasebnost\\\/#breadcrumb\",\"itemListElement\":[{\"@type\":\"ListItem\",\"position\":1,\"name\":\"Startseite\",\"item\":\"https:\\\/\\\/discimus-lab.com\\\/sl\\\/\"},{\"@type\":\"ListItem\",\"position\":2,\"name\":\"ZASEBNOST\"}]},{\"@type\":\"WebSite\",\"@id\":\"https:\\\/\\\/discimus-lab.com\\\/#website\",\"url\":\"https:\\\/\\\/discimus-lab.com\\\/\",\"name\":\"Institut Discimus Lab Tr\u017eec\",\"description\":\"Zavod Discimus Lab Tr\u017eec\",\"publisher\":{\"@id\":\"https:\\\/\\\/discimus-lab.com\\\/#organization\"},\"potentialAction\":[{\"@type\":\"SearchAction\",\"target\":{\"@type\":\"EntryPoint\",\"urlTemplate\":\"https:\\\/\\\/discimus-lab.com\\\/?s={search_term_string}\"},\"query-input\":{\"@type\":\"PropertyValueSpecification\",\"valueRequired\":true,\"valueName\":\"search_term_string\"}}],\"inLanguage\":\"sl-SI\"},{\"@type\":\"Organization\",\"@id\":\"https:\\\/\\\/discimus-lab.com\\\/#organization\",\"name\":\"Institut Discimus Lab Tr\u017eec\",\"url\":\"https:\\\/\\\/discimus-lab.com\\\/\",\"logo\":{\"@type\":\"ImageObject\",\"inLanguage\":\"sl-SI\",\"@id\":\"https:\\\/\\\/discimus-lab.com\\\/#\\\/schema\\\/logo\\\/image\\\/\",\"url\":\"https:\\\/\\\/discimus-lab.com\\\/wp-content\\\/uploads\\\/2021\\\/09\\\/DL-640x221.png\",\"contentUrl\":\"https:\\\/\\\/discimus-lab.com\\\/wp-content\\\/uploads\\\/2021\\\/09\\\/DL-640x221.png\",\"width\":643,\"height\":222,\"caption\":\"Institut Discimus Lab Tr\u017eec\"},\"image\":{\"@id\":\"https:\\\/\\\/discimus-lab.com\\\/#\\\/schema\\\/logo\\\/image\\\/\"},\"sameAs\":[\"https:\\\/\\\/www.facebook.com\\\/profile.php?id=61552849460549\",\"https:\\\/\\\/www.linkedin.com\\\/company\\\/76269864\\\/\",\"https:\\\/\\\/www.instagram.com\\\/discimus_lab\\\/\"]}]}<\/script>\n<!-- \/ Yoast SEO plugin. -->","yoast_head_json":{"title":"Izjava zasebnosti","description":"Ta izjava o zasebnosti dolo\u010da, kako se zbrani osebni podatki uporabljajo in ali se shranjujejo.","robots":{"index":"index","follow":"follow","max-snippet":"max-snippet:-1","max-image-preview":"max-image-preview:large","max-video-preview":"max-video-preview:-1"},"canonical":"https:\/\/discimus-lab.com\/sl\/zasebnost\/","og_locale":"sl_SI","og_type":"article","og_title":"Izjava zasebnosti","og_description":"Ta izjava o zasebnosti dolo\u010da, kako se zbrani osebni podatki uporabljajo in ali se shranjujejo.","og_url":"https:\/\/discimus-lab.com\/sl\/zasebnost\/","og_site_name":"Institut Discimus Lab Tr\u017eec","article_publisher":"https:\/\/www.facebook.com\/profile.php?id=61552849460549","article_modified_time":"2024-05-25T16:24:48+00:00","twitter_card":"summary_large_image","twitter_misc":{"Est. reading time":"11 minut"},"schema":{"@context":"https:\/\/schema.org","@graph":[{"@type":"WebPage","@id":"https:\/\/discimus-lab.com\/sl\/zasebnost\/","url":"https:\/\/discimus-lab.com\/sl\/zasebnost\/","name":"Izjava zasebnosti","isPartOf":{"@id":"https:\/\/discimus-lab.com\/#website"},"datePublished":"2022-02-27T22:21:21+00:00","dateModified":"2024-05-25T16:24:48+00:00","description":"Ta izjava o zasebnosti dolo\u010da, kako se zbrani osebni podatki uporabljajo in ali se shranjujejo.","breadcrumb":{"@id":"https:\/\/discimus-lab.com\/sl\/zasebnost\/#breadcrumb"},"inLanguage":"sl-SI","potentialAction":[{"@type":"ReadAction","target":["https:\/\/discimus-lab.com\/sl\/zasebnost\/"]}]},{"@type":"BreadcrumbList","@id":"https:\/\/discimus-lab.com\/sl\/zasebnost\/#breadcrumb","itemListElement":[{"@type":"ListItem","position":1,"name":"Startseite","item":"https:\/\/discimus-lab.com\/sl\/"},{"@type":"ListItem","position":2,"name":"ZASEBNOST"}]},{"@type":"WebSite","@id":"https:\/\/discimus-lab.com\/#website","url":"https:\/\/discimus-lab.com\/","name":"Institut Discimus Lab Tr\u017eec","description":"Zavod Discimus Lab Tr\u017eec","publisher":{"@id":"https:\/\/discimus-lab.com\/#organization"},"potentialAction":[{"@type":"SearchAction","target":{"@type":"EntryPoint","urlTemplate":"https:\/\/discimus-lab.com\/?s={search_term_string}"},"query-input":{"@type":"PropertyValueSpecification","valueRequired":true,"valueName":"search_term_string"}}],"inLanguage":"sl-SI"},{"@type":"Organization","@id":"https:\/\/discimus-lab.com\/#organization","name":"Institut Discimus Lab Tr\u017eec","url":"https:\/\/discimus-lab.com\/","logo":{"@type":"ImageObject","inLanguage":"sl-SI","@id":"https:\/\/discimus-lab.com\/#\/schema\/logo\/image\/","url":"https:\/\/discimus-lab.com\/wp-content\/uploads\/2021\/09\/DL-640x221.png","contentUrl":"https:\/\/discimus-lab.com\/wp-content\/uploads\/2021\/09\/DL-640x221.png","width":643,"height":222,"caption":"Institut Discimus Lab Tr\u017eec"},"image":{"@id":"https:\/\/discimus-lab.com\/#\/schema\/logo\/image\/"},"sameAs":["https:\/\/www.facebook.com\/profile.php?id=61552849460549","https:\/\/www.linkedin.com\/company\/76269864\/","https:\/\/www.instagram.com\/discimus_lab\/"]}]}},"_links":{"self":[{"href":"https:\/\/discimus-lab.com\/sl\/wp-json\/wp\/v2\/pages\/7694","targetHints":{"allow":["GET"]}}],"collection":[{"href":"https:\/\/discimus-lab.com\/sl\/wp-json\/wp\/v2\/pages"}],"about":[{"href":"https:\/\/discimus-lab.com\/sl\/wp-json\/wp\/v2\/types\/page"}],"author":[{"embeddable":true,"href":"https:\/\/discimus-lab.com\/sl\/wp-json\/wp\/v2\/users\/1"}],"replies":[{"embeddable":true,"href":"https:\/\/discimus-lab.com\/sl\/wp-json\/wp\/v2\/comments?post=7694"}],"version-history":[{"count":2,"href":"https:\/\/discimus-lab.com\/sl\/wp-json\/wp\/v2\/pages\/7694\/revisions"}],"predecessor-version":[{"id":10089,"href":"https:\/\/discimus-lab.com\/sl\/wp-json\/wp\/v2\/pages\/7694\/revisions\/10089"}],"wp:attachment":[{"href":"https:\/\/discimus-lab.com\/sl\/wp-json\/wp\/v2\/media?parent=7694"}],"curies":[{"name":"wp","href":"https:\/\/api.w.org\/{rel}","templated":true}]}}