{"id":7693,"date":"2021-09-09T19:50:24","date_gmt":"2021-09-09T17:50:24","guid":{"rendered":"https:\/\/discimus-lab.com\/o-nas\/"},"modified":"2026-03-23T11:44:55","modified_gmt":"2026-03-23T10:44:55","slug":"o-nas","status":"publish","type":"page","link":"https:\/\/discimus-lab.com\/sl\/naslovna-stran\/o-nas\/","title":{"rendered":"O nas"},"content":{"rendered":"<div class=\"wpb-content-wrapper\"><p>[vc_row css=&#8221;.vc_custom_1435816078010{margin-bottom: 15px !important;}&#8221;][vc_column][vc_column_text css=&#8221;.vc_custom_1701019001376{margin-bottom: 32px !important;}&#8221;]Discimus Lab podpira izobra\u017eevanje\/usposabljanje in spodbuja ve\u010djezi\u010dnost; njegove prakti\u010dne dejavnosti se osredoto\u010dajo na koncepte CLIL\/CLIiG v kombinaciji s predmeti STEM, analognimi in digitalnimi, v celotni vertikali izobra\u017eevanja, od vrtca do poklicnega izobra\u017eevanja in nadaljnjega usposabljanja. Ponudba je namenjena izobra\u017eevalnim ustanovam in podjetjem. Zlasti na podro\u010dju poklicnega izobra\u017eevanja je vse ve\u010d povpra\u0161evanja po strokovnem in tehni\u010dnem jezikovnem izobra\u017eevanju.<br \/>\nNa podlagi<br \/>\n\u2022\tdesetletja izku\u0161enj in strokovnega znanja na podro\u010dju mednarodnega izobra\u017eevanja (dr. sc. Monica H\u00fchner\/skupna ustanoviteljica in dr. phil. Gerald H\u00fchner\/vodja projekta) in<br \/>\n\u2022\trazvoju in usmerjanju uporabe digitaliziranih orodij pri pedago\u0161ko-didakti\u010dnem delu<br \/>\npartnerji \u017eelijo v prihodnje skupaj uresni\u010devati svoja prizadevanja, razvijati in ponujati sodobno in v prihodnost usmerjeno izobra\u017eevalno delo ter ga izvajati v spodbudnih kontekstih.<br \/>\nKer ima ekipa<br \/>\n\u2022\tstrokovne kompetence in kompetence maternega govorca v slovenskem, nem\u0161kem in angle\u0161kem jeziku<br \/>\n\u2022\tin njuna \u017ee obstoje\u010da ustrezna mre\u017ea sega dale\u010d prek neposredne regije Slovenije in srednje jugovzhodne Evrope (SVE) v mednarodni, zlasti nem\u0161ko in angle\u0161ko govore\u010di prostor,<br \/>\nprihodnje skupne dejavnosti bodo zato usmerjene v mednarodno uskladitev.<br \/>\nEkipa si prizadeva<br \/>\n\u2022\toblikujejo digitalizirane in v \u0161ir\u0161em smislu poglobljene izobra\u017eevalne mo\u017enosti,<br \/>\n\u2022\tuvedli ali vzpostavili ustrezne tehni\u010dne zmogljivosti in potrebno znanje,<br \/>\n\u2022\tponudili nastale koncepte \u0161ir\u0161i mednarodni javnosti in jih izvajali s sodelujo\u010dimi partnerji<br \/>\nTi predpogoji bodo lahko zagotovili izobra\u017eevalno delo tudi v prihodnje, \u010de bi bilo v \u010dasu nepredvidljivih okoli\u0161\u010din, kot v okviru pandemije Corona, ovirano &#8220;klasi\u010dno&#8221; izobra\u017eevalno delo v neposrednem sre\u010danju med akterji izobra\u017eevalnega procesa.[\/vc_column_text][\/vc_column][\/vc_row]<\/p>\n<\/div>","protected":false},"excerpt":{"rendered":"<p>[vc_row css=&#8221;.vc_custom_1435816078010{margin-bottom: 15px !important;}&#8221;][vc_column][vc_column_text css=&#8221;.vc_custom_1701019001376{margin-bottom: 32px !important;}&#8221;]Discimus Lab podpira izobra\u017eevanje\/usposabljanje in spodbuja ve\u010djezi\u010dnost; njegove prakti\u010dne dejavnosti se osredoto\u010dajo na koncepte CLIL\/CLIiG v kombinaciji s predmeti STEM, analognimi in digitalnimi, v celotni vertikali izobra\u017eevanja, od vrtca do poklicnega izobra\u017eevanja in nadaljnjega usposabljanja. Ponudba je namenjena izobra\u017eevalnim ustanovam in podjetjem. Zlasti na podro\u010dju poklicnega izobra\u017eevanja je vse [&hellip;]<\/p>\n","protected":false},"author":1,"featured_media":0,"parent":7309,"menu_order":0,"comment_status":"closed","ping_status":"closed","template":"","meta":{"footnotes":""},"class_list":["post-7693","page","type-page","status-publish","hentry"],"yoast_head":"<!-- This site is optimized with the Yoast SEO plugin v27.3 - https:\/\/yoast.com\/product\/yoast-seo-wordpress\/ -->\n<title>O nas<\/title>\n<meta name=\"description\" content=\"O nas opisuje nastanek in delo in\u0161tituta ter predstavlja aktivno ekipo in njene kompetence.\" \/>\n<meta name=\"robots\" content=\"index, follow, max-snippet:-1, max-image-preview:large, max-video-preview:-1\" \/>\n<link rel=\"canonical\" href=\"https:\/\/discimus-lab.com\/sl\/naslovna-stran\/o-nas\/\" \/>\n<meta property=\"og:locale\" content=\"sl_SI\" \/>\n<meta property=\"og:type\" content=\"article\" \/>\n<meta property=\"og:title\" content=\"O nas\" \/>\n<meta property=\"og:description\" content=\"O nas opisuje nastanek in delo in\u0161tituta ter predstavlja aktivno ekipo in njene kompetence.\" \/>\n<meta property=\"og:url\" content=\"https:\/\/discimus-lab.com\/sl\/naslovna-stran\/o-nas\/\" \/>\n<meta property=\"og:site_name\" content=\"Institut Discimus Lab Tr\u017eec\" \/>\n<meta property=\"article:publisher\" content=\"https:\/\/www.facebook.com\/profile.php?id=61552849460549\" \/>\n<meta property=\"article:modified_time\" content=\"2026-03-23T10:44:55+00:00\" \/>\n<meta name=\"twitter:card\" content=\"summary_large_image\" \/>\n<meta name=\"twitter:label1\" content=\"Est. reading time\" \/>\n\t<meta name=\"twitter:data1\" content=\"2 minuti\" \/>\n<script type=\"application\/ld+json\" class=\"yoast-schema-graph\">{\"@context\":\"https:\\\/\\\/schema.org\",\"@graph\":[{\"@type\":\"WebPage\",\"@id\":\"https:\\\/\\\/discimus-lab.com\\\/sl\\\/naslovna-stran\\\/o-nas\\\/\",\"url\":\"https:\\\/\\\/discimus-lab.com\\\/sl\\\/naslovna-stran\\\/o-nas\\\/\",\"name\":\"O nas\",\"isPartOf\":{\"@id\":\"https:\\\/\\\/discimus-lab.com\\\/#website\"},\"datePublished\":\"2021-09-09T17:50:24+00:00\",\"dateModified\":\"2026-03-23T10:44:55+00:00\",\"description\":\"O nas opisuje nastanek in delo in\u0161tituta ter predstavlja aktivno ekipo in njene kompetence.\",\"breadcrumb\":{\"@id\":\"https:\\\/\\\/discimus-lab.com\\\/sl\\\/naslovna-stran\\\/o-nas\\\/#breadcrumb\"},\"inLanguage\":\"sl-SI\",\"potentialAction\":[{\"@type\":\"ReadAction\",\"target\":[\"https:\\\/\\\/discimus-lab.com\\\/sl\\\/naslovna-stran\\\/o-nas\\\/\"]}]},{\"@type\":\"BreadcrumbList\",\"@id\":\"https:\\\/\\\/discimus-lab.com\\\/sl\\\/naslovna-stran\\\/o-nas\\\/#breadcrumb\",\"itemListElement\":[{\"@type\":\"ListItem\",\"position\":1,\"name\":\"Startseite\",\"item\":\"https:\\\/\\\/discimus-lab.com\\\/sl\\\/\"},{\"@type\":\"ListItem\",\"position\":2,\"name\":\"Domov\",\"item\":\"https:\\\/\\\/discimus-lab.com\\\/sl\\\/\"},{\"@type\":\"ListItem\",\"position\":3,\"name\":\"O nas\"}]},{\"@type\":\"WebSite\",\"@id\":\"https:\\\/\\\/discimus-lab.com\\\/#website\",\"url\":\"https:\\\/\\\/discimus-lab.com\\\/\",\"name\":\"Institut Discimus Lab Tr\u017eec\",\"description\":\"Zavod Discimus Lab Tr\u017eec\",\"publisher\":{\"@id\":\"https:\\\/\\\/discimus-lab.com\\\/#organization\"},\"potentialAction\":[{\"@type\":\"SearchAction\",\"target\":{\"@type\":\"EntryPoint\",\"urlTemplate\":\"https:\\\/\\\/discimus-lab.com\\\/?s={search_term_string}\"},\"query-input\":{\"@type\":\"PropertyValueSpecification\",\"valueRequired\":true,\"valueName\":\"search_term_string\"}}],\"inLanguage\":\"sl-SI\"},{\"@type\":\"Organization\",\"@id\":\"https:\\\/\\\/discimus-lab.com\\\/#organization\",\"name\":\"Institut Discimus Lab Tr\u017eec\",\"url\":\"https:\\\/\\\/discimus-lab.com\\\/\",\"logo\":{\"@type\":\"ImageObject\",\"inLanguage\":\"sl-SI\",\"@id\":\"https:\\\/\\\/discimus-lab.com\\\/#\\\/schema\\\/logo\\\/image\\\/\",\"url\":\"https:\\\/\\\/discimus-lab.com\\\/wp-content\\\/uploads\\\/2021\\\/09\\\/DL-640x221.png\",\"contentUrl\":\"https:\\\/\\\/discimus-lab.com\\\/wp-content\\\/uploads\\\/2021\\\/09\\\/DL-640x221.png\",\"width\":643,\"height\":222,\"caption\":\"Institut Discimus Lab Tr\u017eec\"},\"image\":{\"@id\":\"https:\\\/\\\/discimus-lab.com\\\/#\\\/schema\\\/logo\\\/image\\\/\"},\"sameAs\":[\"https:\\\/\\\/www.facebook.com\\\/profile.php?id=61552849460549\",\"https:\\\/\\\/www.linkedin.com\\\/company\\\/76269864\\\/\",\"https:\\\/\\\/www.instagram.com\\\/discimus_lab\\\/\"]}]}<\/script>\n<!-- \/ Yoast SEO plugin. -->","yoast_head_json":{"title":"O nas","description":"O nas opisuje nastanek in delo in\u0161tituta ter predstavlja aktivno ekipo in njene kompetence.","robots":{"index":"index","follow":"follow","max-snippet":"max-snippet:-1","max-image-preview":"max-image-preview:large","max-video-preview":"max-video-preview:-1"},"canonical":"https:\/\/discimus-lab.com\/sl\/naslovna-stran\/o-nas\/","og_locale":"sl_SI","og_type":"article","og_title":"O nas","og_description":"O nas opisuje nastanek in delo in\u0161tituta ter predstavlja aktivno ekipo in njene kompetence.","og_url":"https:\/\/discimus-lab.com\/sl\/naslovna-stran\/o-nas\/","og_site_name":"Institut Discimus Lab Tr\u017eec","article_publisher":"https:\/\/www.facebook.com\/profile.php?id=61552849460549","article_modified_time":"2026-03-23T10:44:55+00:00","twitter_card":"summary_large_image","twitter_misc":{"Est. reading time":"2 minuti"},"schema":{"@context":"https:\/\/schema.org","@graph":[{"@type":"WebPage","@id":"https:\/\/discimus-lab.com\/sl\/naslovna-stran\/o-nas\/","url":"https:\/\/discimus-lab.com\/sl\/naslovna-stran\/o-nas\/","name":"O nas","isPartOf":{"@id":"https:\/\/discimus-lab.com\/#website"},"datePublished":"2021-09-09T17:50:24+00:00","dateModified":"2026-03-23T10:44:55+00:00","description":"O nas opisuje nastanek in delo in\u0161tituta ter predstavlja aktivno ekipo in njene kompetence.","breadcrumb":{"@id":"https:\/\/discimus-lab.com\/sl\/naslovna-stran\/o-nas\/#breadcrumb"},"inLanguage":"sl-SI","potentialAction":[{"@type":"ReadAction","target":["https:\/\/discimus-lab.com\/sl\/naslovna-stran\/o-nas\/"]}]},{"@type":"BreadcrumbList","@id":"https:\/\/discimus-lab.com\/sl\/naslovna-stran\/o-nas\/#breadcrumb","itemListElement":[{"@type":"ListItem","position":1,"name":"Startseite","item":"https:\/\/discimus-lab.com\/sl\/"},{"@type":"ListItem","position":2,"name":"Domov","item":"https:\/\/discimus-lab.com\/sl\/"},{"@type":"ListItem","position":3,"name":"O nas"}]},{"@type":"WebSite","@id":"https:\/\/discimus-lab.com\/#website","url":"https:\/\/discimus-lab.com\/","name":"Institut Discimus Lab Tr\u017eec","description":"Zavod Discimus Lab Tr\u017eec","publisher":{"@id":"https:\/\/discimus-lab.com\/#organization"},"potentialAction":[{"@type":"SearchAction","target":{"@type":"EntryPoint","urlTemplate":"https:\/\/discimus-lab.com\/?s={search_term_string}"},"query-input":{"@type":"PropertyValueSpecification","valueRequired":true,"valueName":"search_term_string"}}],"inLanguage":"sl-SI"},{"@type":"Organization","@id":"https:\/\/discimus-lab.com\/#organization","name":"Institut Discimus Lab Tr\u017eec","url":"https:\/\/discimus-lab.com\/","logo":{"@type":"ImageObject","inLanguage":"sl-SI","@id":"https:\/\/discimus-lab.com\/#\/schema\/logo\/image\/","url":"https:\/\/discimus-lab.com\/wp-content\/uploads\/2021\/09\/DL-640x221.png","contentUrl":"https:\/\/discimus-lab.com\/wp-content\/uploads\/2021\/09\/DL-640x221.png","width":643,"height":222,"caption":"Institut Discimus Lab Tr\u017eec"},"image":{"@id":"https:\/\/discimus-lab.com\/#\/schema\/logo\/image\/"},"sameAs":["https:\/\/www.facebook.com\/profile.php?id=61552849460549","https:\/\/www.linkedin.com\/company\/76269864\/","https:\/\/www.instagram.com\/discimus_lab\/"]}]}},"_links":{"self":[{"href":"https:\/\/discimus-lab.com\/sl\/wp-json\/wp\/v2\/pages\/7693","targetHints":{"allow":["GET"]}}],"collection":[{"href":"https:\/\/discimus-lab.com\/sl\/wp-json\/wp\/v2\/pages"}],"about":[{"href":"https:\/\/discimus-lab.com\/sl\/wp-json\/wp\/v2\/types\/page"}],"author":[{"embeddable":true,"href":"https:\/\/discimus-lab.com\/sl\/wp-json\/wp\/v2\/users\/1"}],"replies":[{"embeddable":true,"href":"https:\/\/discimus-lab.com\/sl\/wp-json\/wp\/v2\/comments?post=7693"}],"version-history":[{"count":13,"href":"https:\/\/discimus-lab.com\/sl\/wp-json\/wp\/v2\/pages\/7693\/revisions"}],"predecessor-version":[{"id":12476,"href":"https:\/\/discimus-lab.com\/sl\/wp-json\/wp\/v2\/pages\/7693\/revisions\/12476"}],"up":[{"embeddable":true,"href":"https:\/\/discimus-lab.com\/sl\/wp-json\/wp\/v2\/pages\/7309"}],"wp:attachment":[{"href":"https:\/\/discimus-lab.com\/sl\/wp-json\/wp\/v2\/media?parent=7693"}],"curies":[{"name":"wp","href":"https:\/\/api.w.org\/{rel}","templated":true}]}}