{"id":7687,"date":"2021-09-14T13:14:00","date_gmt":"2021-09-14T11:14:00","guid":{"rendered":"https:\/\/discimus-lab.com\/projekti\/"},"modified":"2026-03-23T11:27:29","modified_gmt":"2026-03-23T10:27:29","slug":"projekti","status":"publish","type":"page","link":"https:\/\/discimus-lab.com\/sl\/naslovna-stran\/projekti\/","title":{"rendered":"PROJEKTI"},"content":{"rendered":"<div class=\"wpb-content-wrapper\"><p>[vc_row][vc_column][vc_tta_tabs color=&#8221;sky&#8221; spacing=&#8221;2&#8243; active_section=&#8221;1&#8243;][vc_tta_section title=&#8221;Mediji in novinarstvo &#8211; \u201eJugend schreibt&quot; (Mladina pi\u0161e) z FAZ&#8221; tab_id=&#8221;1631794181397-7bc44dce-50e4&#8243;][vc_column_text css=&#8221;&#8221;]Medijska pismenost je klju\u010dni pogoj za samostojno in uspe\u0161no delovanje. Kako lo\u010diti &#8220;novice&#8221; od &#8220;la\u017enih novic&#8221;? Kako raziskati dejstva in \u0161tevilke? Kako voditi intervju? Kako napi\u0161ete in objavite vznemirljivo ali napeto besedilo?<br \/>\nV \u017eelji po doseganju teh kompetenc Discimus Lab trenutno ponuja projekt &#8220;Jugend schreibt (Mladi pi\u0161ejo)&#8221; v sodelovanju z IZOP-Institutom\/Aachen in Frankfurter Allgemeine Zeitung\/FAZ za mre\u017eo osnovnih \u0161ol in gimnazij na Celju in Ptuju v Sloveniji ter podpira projekt v Ogulinu, Vidovcu in Zagrebu na Hrva\u0161kem. Tovrstni medijski projekti so bili do sredine devetdesetih let prej\u0161njega stoletja sprva na voljo le v Nem\u010diji. Dr. Gerald H\u00fchner je nato leta 1996 v Gy\u00f6nku\/Ungarnu v sodelovanju s S\u00fcddeutschen Zeitung prvi\u010d zasnoval projekt &#8220;Zeitung in der Schule (\u010casopis v \u0161oli)&#8221; za pouk nem\u0161\u010dine kot tujega jezika in ga uspe\u0161no izvedel v praksi. Ta &#8220;pionirski dose\u017eek&#8221; (Dr. Gernot Sittner, takratni odgovorni urednik S\u00fcddeutschen Zeitung), ki povezuje evropsko medkulturno razse\u017enost, delo z mediji v teoriji in praksi (publikacija) ter sodelovanje z zunaj\u0161olskim partnerjem z vseh podro\u010dij dru\u017ebenega \u017eivljenja, &#8220;je postal precedens dale\u010d prek meja prvotnega projektnega obmo\u010dja&#8221;. (Peter Brand, generalni direktor IZOP-Instituta, 18.11.2009). Projekt trenutno poteka vsako leto od 1. 2. do 31. 1. naslednjega leta.<\/p>\n<p>&nbsp;<\/p>\n<p>Novinarsko delo je na voljo za:<\/p>\n<ul>\n<li>tiskane medije<\/li>\n<li>TV<\/li>\n<li>Radijske oddaje<\/li>\n<li>socialni mediji<\/li>\n<\/ul>\n<p>&#8211; Delavnice so del novinarskega dela.<\/p>\n<p>Primeri iz arhiva projekta:<\/p>\n<p><strong><a href=\"https:\/\/discimus-lab.com\/wp-content\/uploads\/2021\/09\/SchreibenOhneGrenzen.pdf\">SchreibenOhneGrenzen<\/a><\/strong>[\/vc_column_text][\/vc_tta_section][vc_tta_section title=&#8221;CLIL-Robotika od vrtca do delovnega mesta \u00a9&#8221; tab_id=&#8221;1631794181416-b5bd75f6-13a6&#8243;][vc_column_text css=&#8221;&#8221;]S konceptom &#8220;CLIL Robotika od vrtca do poklica\u00a9&#8221; se \u017eelimo odzvati na velike izzive in prilo\u017enosti, ki jih prina\u0161a pospe\u0161ena uporaba robotike in umetne inteligence. CLIL je kratica za &#8220;vsebinsko in jezikovno integrirano u\u010denje&#8221;. V tem primeru je vsebina robotika. Jezik je lahko kateri koli tuji jezik, v na\u0161em primeru po mo\u017enosti nem\u0161\u010dina in angle\u0161\u010dina. Obstaja soglasje, da je u\u010denje jezikov za otroke v zgodnjem otro\u0161tvu \u0161e posebej enostavno. Zato ponujamo te\u010daje robotike v nem\u0161\u010dini od vrtca in neprekinjeno do poklicnega\/strokovnega usposabljanja.<br \/>\n&#8220;CLIL-ovo prvenstvo v robotiki&#8221;, ki ga trenutno ponujamo na Hrva\u0161kem in v Sloveniji ter ima \u0161iroko mednarodno perspektivo, je zaklju\u010dek vsakega letnega projekta. Na prvenstvu sodelujejo lokalne ekipe, ki jih sestavljata osnovna \u0161ola in gimnazija ali gimnazija s po 6 u\u010denci\/dijaki. Lokalne ekipe podpirata po dva u\u010ditelja na \u0161olo, eden iz oddelka za nem\u0161\u010dino in eden iz oddelka za STEM.<\/p>\n<p>ODLOMEK IZ KONCEPTA, ZA\u0160\u010cITENEGA Z AVTORSKIMI PRAVICAMI<br \/>\nNaslednji predlogi se najprej nana\u0161ajo na prostovoljno in dodatno ponudbo za delo z otroki in mladostniki, dijaki ter vajenci\/sta\u017eisti. Program se lahko izvaja v dogovoru z u\u010ditelji v vrtcih, osnovnih in srednjih \u0161olah. V vertikalnem napredovanju koncept nadgrajuje raven znanja od preprostih do naprednih kompetenc za zaposlitev.<\/p>\n<p>Sprva ponudba podaja le okvir, ki se lahko izvaja razli\u010dno glede na<br \/>\n&#8211; institucionalnih zahtev<br \/>\n&#8211; infrastruktura<br \/>\n&#8211; velikost skupine<br \/>\n&#8211; predhodno znanje<br \/>\n&#8211; interes (delovne skupine ali posameznih u\u010dencev\/\u0161tudentov)<br \/>\n&#8211; \u010dasovne specifikacije (urnik, omejitev)<br \/>\nse lahko izvajajo razli\u010dno. Vendar pa ta pristop ni le posledica razli\u010dnih danih situacijskih kontekstov, temve\u010d tudi pedago\u0161kega na\u010dela &#8220;aktivnega u\u010denja&#8221;. U\u010ditelji delujejo kot spodbujevalci, ki dajejo spodbudo in podporo. Na kratko: gre za &#8220;u\u010denje z delom&#8221;.<\/p>\n<p><strong>Pomembno: avtorstvo tega koncepta je notarsko overjeno in potrjeno. Spodnji \u017eig je dokazilo o registraciji:<\/strong><\/p>\n<p>&nbsp;<\/p>\n<p><img decoding=\"async\" class=\"alignnone size-full wp-image-11226\" src=\"https:\/\/discimus-lab.com\/wp-content\/uploads\/2025\/04\/CLIL-Robotik-Siegel-neu.png\" alt=\"\" width=\"160\" height=\"39\" srcset=\"https:\/\/discimus-lab.com\/wp-content\/uploads\/2025\/04\/CLIL-Robotik-Siegel-neu.png 160w, https:\/\/discimus-lab.com\/wp-content\/uploads\/2025\/04\/CLIL-Robotik-Siegel-neu-150x37.png 150w, https:\/\/discimus-lab.com\/wp-content\/uploads\/2025\/04\/CLIL-Robotik-Siegel-neu-156x38.png 156w\" sizes=\"(max-width: 160px) 100vw, 160px\" \/>[\/vc_column_text][\/vc_tta_section][vc_tta_section title=&#8221;Mednarodni rokometni turnir DaF-Cup Zapre\u0161i\u0107&#8221; tab_id=&#8221;1631794779540-ae74c4f8-bc48&#8243;][vc_column_text]Ta projekt za spodbujanje sre\u010danja mladih in nem\u0161\u010dine kot franco\u0161\u010dine v regiji je leta 2011 za\u010del Dr. Gerald H\u00fchner in se od takrat izvaja vsako leto. Doslej so sodelovale \u0161olske ekipe iz Avstrije, Hrva\u0161ke, Nem\u010dije, Mad\u017earske, Slovenije in Ukrajine. Za naslednji turnir so svojo udele\u017ebo napovedale ekipe iz Bosne in Hercegovine, Italije in \u0160vedske.<br \/>\nOtvoritveno tekmo turnirja tradicionalno odigra &#8220;Ekipa evropskih rokometnih diplomatov\/TED&#8221;, ekipa diplomatov iz sodelujo\u010dih dr\u017eav, proti &#8220;Zentral-Europ\u00e4ische Sch\u00fcler (srednjeevropski \u0161tudenti)\/ZEUS&#8221;, me\u0161ani \u0161tudentski ekipi, ki jo sestavljajo \u0161tudenti iz sodelujo\u010dih dr\u017eav.<br \/>\nDeseti jubilejni turnir je bilo treba zaradi pandemije Corona ve\u010dkrat prestaviti. Nov datum dogodka bo objavljen takoj, ko bo zaradi pandemije to mogo\u010de.<\/p>\n<p>Odlomki iz arhiva projekta:<\/p>\n<p><strong><a href=\"https:\/\/www.dafcup.org\/\">https:\/\/www.dafcup.org\/<\/a><\/strong>[\/vc_column_text][\/vc_tta_section][vc_tta_section title=&#8221;Nem\u0161ko govore\u010da regija MINT SJVE \u00a9&#8221; tab_id=&#8221;1632987159165-ada3a288-acf3&#8243;][vc_column_text]Discimus Lab je pripravil koncept za promocijo predmetov STEM v nem\u0161kem jeziku, ki se bo izvajal \u010dezmejno v regiji CSEE. Koncept je registriran v skladu z zakonom o avtorskih pravicah.<\/p>\n<p>ODLOMEK IZ KONCEPTA, ZA\u0160\u010cITENEGA Z AVTORSKIMI PRAVICAMI:<br \/>\n&#8220;Nem\u0161ko govore\u010da regija STEM CSEE<br \/>\nPromocija matematike, naravoslovja, ra\u010dunalni\u0161tva, tehnologije, od vrtca do poklica; zlasti za dekleta in mlade \u017eenske. V ospredju je nem\u0161\u010dina kot lingva franka. Boj proti pomanjkanju kvalificiranih delavcev. Za individualno in strukturno podporo.<br \/>\nOzadje:<br \/>\nRoboti so \u017ee dolgo tu. Evropa pa je v nevarnosti, da izgubi stik z razvojem v Aziji in ZDA na podro\u010dju robotike\/avtomatizacije\/umetne inteligence. Prednost majhnih dr\u017eav, kot sta Slovenija in Hrva\u0161ka, katerih meja gradi omenjeno jedro regije STEM, je v tem, da se lahko z inovativnimi koncepti pro\u017eno odzivajo na spremembe ter delujejo kot pionirji in neke vrste &#8220;vzorniki&#8221;. V kombinaciji z znanjem in izku\u0161njami iz drugih, predvsem nem\u0161ko govore\u010dih dr\u017eav, lahko dose\u017eejo uspe\u0161ne sinergijske u\u010dinke, ki lahko vplivajo dale\u010d prek njihove regije. (&#8230;)!&#8221;<\/p>\n<p><span style=\"font-family: Times New Roman, Times, serif;\"> <img decoding=\"async\" class=\"alignnone size-full wp-image-5564\" src=\"https:\/\/discimus-lab.com\/wp-content\/uploads\/2021\/09\/Urhenberrecht-Siegel.png\" alt=\"\" width=\"160\" height=\"39\" srcset=\"https:\/\/discimus-lab.com\/wp-content\/uploads\/2021\/09\/Urhenberrecht-Siegel.png 160w, https:\/\/discimus-lab.com\/wp-content\/uploads\/2021\/09\/Urhenberrecht-Siegel-156x38.png 156w\" sizes=\"(max-width: 160px) 100vw, 160px\" \/><\/span>[\/vc_column_text][\/vc_tta_section][vc_tta_section title=&#8221;DecAid: Orodje za podporo postopkom odlo\u010danja&#8221; tab_id=&#8221;1633072367118-92023b06-c91c&#8221;][vc_column_text]Program DecAid je navdihnila disertacija Monice H\u00fchner o uporabi analiti\u010dnega hierarhi\u010dnega procesa (AHP) v kmetijstvu. Analiti\u010dni hierarhi\u010dni proces (AHP) je ve\u010dkriterijska metoda odlo\u010danja, katere algoritem je osnova za program DecAid.<\/p>\n<p>Preizkusite program DecAid:\u00a0 <a href=\"https:\/\/decaid.eu\/\">https:\/\/decaid.eu\/<\/a><\/p>\n<p>Hvale\u017eni smo za vse konstruktivne povratne informacije.[\/vc_column_text][\/vc_tta_section][\/vc_tta_tabs][\/vc_column][\/vc_row]<\/p>\n<\/div>","protected":false},"excerpt":{"rendered":"<p>[vc_row][vc_column][vc_tta_tabs color=&#8221;sky&#8221; spacing=&#8221;2&#8243; active_section=&#8221;1&#8243;][vc_tta_section title=&#8221;Mediji in novinarstvo &#8211; \u201eJugend schreibt&quot; (Mladina pi\u0161e) z FAZ&#8221; tab_id=&#8221;1631794181397-7bc44dce-50e4&#8243;][vc_column_text css=&#8221;&#8221;]Medijska pismenost je klju\u010dni pogoj za samostojno in uspe\u0161no delovanje. Kako lo\u010diti &#8220;novice&#8221; od &#8220;la\u017enih novic&#8221;? Kako raziskati dejstva in \u0161tevilke? Kako voditi intervju? Kako napi\u0161ete in objavite vznemirljivo ali napeto besedilo? V \u017eelji po doseganju teh kompetenc Discimus Lab [&hellip;]<\/p>\n","protected":false},"author":1,"featured_media":0,"parent":7309,"menu_order":0,"comment_status":"closed","ping_status":"closed","template":"","meta":{"footnotes":""},"class_list":["post-7687","page","type-page","status-publish","hentry"],"yoast_head":"<!-- This site is optimized with the Yoast SEO plugin v27.3 - https:\/\/yoast.com\/product\/yoast-seo-wordpress\/ -->\n<title>Na\u0161i projekti<\/title>\n<meta name=\"description\" content=\"Na\u0161 in\u0161titut izvaja \u0161tiri projekte v sodelovanju s partnerji iz izobra\u017eevalnega sektorja, gospodarstva in diplomacije.\" \/>\n<meta name=\"robots\" content=\"index, follow, max-snippet:-1, max-image-preview:large, max-video-preview:-1\" \/>\n<link rel=\"canonical\" href=\"https:\/\/discimus-lab.com\/discimus-lab\/projekte\/\" \/>\n<meta property=\"og:locale\" content=\"sl_SI\" \/>\n<meta property=\"og:type\" content=\"article\" \/>\n<meta property=\"og:title\" content=\"Na\u0161i projekti\" \/>\n<meta property=\"og:description\" content=\"Na\u0161 in\u0161titut izvaja \u0161tiri projekte v sodelovanju s partnerji iz izobra\u017eevalnega sektorja, gospodarstva in diplomacije.\" \/>\n<meta property=\"og:url\" content=\"https:\/\/discimus-lab.com\/discimus-lab\/projekte\/\" \/>\n<meta property=\"og:site_name\" content=\"Institut Discimus Lab Tr\u017eec\" \/>\n<meta property=\"article:publisher\" content=\"https:\/\/www.facebook.com\/profile.php?id=61552849460549\" \/>\n<meta property=\"article:modified_time\" content=\"2026-03-23T10:27:29+00:00\" \/>\n<meta property=\"og:image\" content=\"https:\/\/discimus-lab.com\/wp-content\/uploads\/2025\/04\/CLIL-Robotik-Siegel-neu-156x38.png\" \/>\n\t<meta property=\"og:image:width\" content=\"160\" \/>\n\t<meta property=\"og:image:height\" content=\"39\" \/>\n\t<meta property=\"og:image:type\" content=\"image\/png\" \/>\n<meta name=\"twitter:card\" content=\"summary_large_image\" \/>\n<meta name=\"twitter:label1\" content=\"Est. reading time\" \/>\n\t<meta name=\"twitter:data1\" content=\"5 minut\" \/>\n<script type=\"application\/ld+json\" class=\"yoast-schema-graph\">{\"@context\":\"https:\\\/\\\/schema.org\",\"@graph\":[{\"@type\":\"WebPage\",\"@id\":\"https:\\\/\\\/discimus-lab.com\\\/discimus-lab\\\/projekte\\\/\",\"url\":\"https:\\\/\\\/discimus-lab.com\\\/discimus-lab\\\/projekte\\\/\",\"name\":\"Na\u0161i projekti\",\"isPartOf\":{\"@id\":\"https:\\\/\\\/discimus-lab.com\\\/#website\"},\"primaryImageOfPage\":{\"@id\":\"https:\\\/\\\/discimus-lab.com\\\/discimus-lab\\\/projekte\\\/#primaryimage\"},\"image\":{\"@id\":\"https:\\\/\\\/discimus-lab.com\\\/discimus-lab\\\/projekte\\\/#primaryimage\"},\"thumbnailUrl\":\"https:\\\/\\\/discimus-lab.com\\\/wp-content\\\/uploads\\\/2025\\\/04\\\/CLIL-Robotik-Siegel-neu.png\",\"datePublished\":\"2021-09-14T11:14:00+00:00\",\"dateModified\":\"2026-03-23T10:27:29+00:00\",\"description\":\"Na\u0161 in\u0161titut izvaja \u0161tiri projekte v sodelovanju s partnerji iz izobra\u017eevalnega sektorja, gospodarstva in diplomacije.\",\"breadcrumb\":{\"@id\":\"https:\\\/\\\/discimus-lab.com\\\/discimus-lab\\\/projekte\\\/#breadcrumb\"},\"inLanguage\":\"sl-SI\",\"potentialAction\":[{\"@type\":\"ReadAction\",\"target\":[\"https:\\\/\\\/discimus-lab.com\\\/discimus-lab\\\/projekte\\\/\"]}]},{\"@type\":\"ImageObject\",\"inLanguage\":\"sl-SI\",\"@id\":\"https:\\\/\\\/discimus-lab.com\\\/discimus-lab\\\/projekte\\\/#primaryimage\",\"url\":\"https:\\\/\\\/discimus-lab.com\\\/wp-content\\\/uploads\\\/2025\\\/04\\\/CLIL-Robotik-Siegel-neu.png\",\"contentUrl\":\"https:\\\/\\\/discimus-lab.com\\\/wp-content\\\/uploads\\\/2025\\\/04\\\/CLIL-Robotik-Siegel-neu.png\"},{\"@type\":\"BreadcrumbList\",\"@id\":\"https:\\\/\\\/discimus-lab.com\\\/discimus-lab\\\/projekte\\\/#breadcrumb\",\"itemListElement\":[{\"@type\":\"ListItem\",\"position\":1,\"name\":\"Startseite\",\"item\":\"https:\\\/\\\/discimus-lab.com\\\/sl\\\/\"},{\"@type\":\"ListItem\",\"position\":2,\"name\":\"Domov\",\"item\":\"https:\\\/\\\/discimus-lab.com\\\/sl\\\/\"},{\"@type\":\"ListItem\",\"position\":3,\"name\":\"PROJEKTI\"}]},{\"@type\":\"WebSite\",\"@id\":\"https:\\\/\\\/discimus-lab.com\\\/#website\",\"url\":\"https:\\\/\\\/discimus-lab.com\\\/\",\"name\":\"Institut Discimus Lab Tr\u017eec\",\"description\":\"Zavod Discimus Lab Tr\u017eec\",\"publisher\":{\"@id\":\"https:\\\/\\\/discimus-lab.com\\\/#organization\"},\"potentialAction\":[{\"@type\":\"SearchAction\",\"target\":{\"@type\":\"EntryPoint\",\"urlTemplate\":\"https:\\\/\\\/discimus-lab.com\\\/?s={search_term_string}\"},\"query-input\":{\"@type\":\"PropertyValueSpecification\",\"valueRequired\":true,\"valueName\":\"search_term_string\"}}],\"inLanguage\":\"sl-SI\"},{\"@type\":\"Organization\",\"@id\":\"https:\\\/\\\/discimus-lab.com\\\/#organization\",\"name\":\"Institut Discimus Lab Tr\u017eec\",\"url\":\"https:\\\/\\\/discimus-lab.com\\\/\",\"logo\":{\"@type\":\"ImageObject\",\"inLanguage\":\"sl-SI\",\"@id\":\"https:\\\/\\\/discimus-lab.com\\\/#\\\/schema\\\/logo\\\/image\\\/\",\"url\":\"https:\\\/\\\/discimus-lab.com\\\/wp-content\\\/uploads\\\/2021\\\/09\\\/DL-640x221.png\",\"contentUrl\":\"https:\\\/\\\/discimus-lab.com\\\/wp-content\\\/uploads\\\/2021\\\/09\\\/DL-640x221.png\",\"width\":643,\"height\":222,\"caption\":\"Institut Discimus Lab Tr\u017eec\"},\"image\":{\"@id\":\"https:\\\/\\\/discimus-lab.com\\\/#\\\/schema\\\/logo\\\/image\\\/\"},\"sameAs\":[\"https:\\\/\\\/www.facebook.com\\\/profile.php?id=61552849460549\",\"https:\\\/\\\/www.linkedin.com\\\/company\\\/76269864\\\/\",\"https:\\\/\\\/www.instagram.com\\\/discimus_lab\\\/\"]}]}<\/script>\n<!-- \/ Yoast SEO plugin. -->","yoast_head_json":{"title":"Na\u0161i projekti","description":"Na\u0161 in\u0161titut izvaja \u0161tiri projekte v sodelovanju s partnerji iz izobra\u017eevalnega sektorja, gospodarstva in diplomacije.","robots":{"index":"index","follow":"follow","max-snippet":"max-snippet:-1","max-image-preview":"max-image-preview:large","max-video-preview":"max-video-preview:-1"},"canonical":"https:\/\/discimus-lab.com\/discimus-lab\/projekte\/","og_locale":"sl_SI","og_type":"article","og_title":"Na\u0161i projekti","og_description":"Na\u0161 in\u0161titut izvaja \u0161tiri projekte v sodelovanju s partnerji iz izobra\u017eevalnega sektorja, gospodarstva in diplomacije.","og_url":"https:\/\/discimus-lab.com\/discimus-lab\/projekte\/","og_site_name":"Institut Discimus Lab Tr\u017eec","article_publisher":"https:\/\/www.facebook.com\/profile.php?id=61552849460549","article_modified_time":"2026-03-23T10:27:29+00:00","og_image":[{"width":160,"height":39,"url":"https:\/\/discimus-lab.com\/wp-content\/uploads\/2025\/04\/CLIL-Robotik-Siegel-neu-156x38.png","type":"image\/png"}],"twitter_card":"summary_large_image","twitter_misc":{"Est. reading time":"5 minut"},"schema":{"@context":"https:\/\/schema.org","@graph":[{"@type":"WebPage","@id":"https:\/\/discimus-lab.com\/discimus-lab\/projekte\/","url":"https:\/\/discimus-lab.com\/discimus-lab\/projekte\/","name":"Na\u0161i projekti","isPartOf":{"@id":"https:\/\/discimus-lab.com\/#website"},"primaryImageOfPage":{"@id":"https:\/\/discimus-lab.com\/discimus-lab\/projekte\/#primaryimage"},"image":{"@id":"https:\/\/discimus-lab.com\/discimus-lab\/projekte\/#primaryimage"},"thumbnailUrl":"https:\/\/discimus-lab.com\/wp-content\/uploads\/2025\/04\/CLIL-Robotik-Siegel-neu.png","datePublished":"2021-09-14T11:14:00+00:00","dateModified":"2026-03-23T10:27:29+00:00","description":"Na\u0161 in\u0161titut izvaja \u0161tiri projekte v sodelovanju s partnerji iz izobra\u017eevalnega sektorja, gospodarstva in diplomacije.","breadcrumb":{"@id":"https:\/\/discimus-lab.com\/discimus-lab\/projekte\/#breadcrumb"},"inLanguage":"sl-SI","potentialAction":[{"@type":"ReadAction","target":["https:\/\/discimus-lab.com\/discimus-lab\/projekte\/"]}]},{"@type":"ImageObject","inLanguage":"sl-SI","@id":"https:\/\/discimus-lab.com\/discimus-lab\/projekte\/#primaryimage","url":"https:\/\/discimus-lab.com\/wp-content\/uploads\/2025\/04\/CLIL-Robotik-Siegel-neu.png","contentUrl":"https:\/\/discimus-lab.com\/wp-content\/uploads\/2025\/04\/CLIL-Robotik-Siegel-neu.png"},{"@type":"BreadcrumbList","@id":"https:\/\/discimus-lab.com\/discimus-lab\/projekte\/#breadcrumb","itemListElement":[{"@type":"ListItem","position":1,"name":"Startseite","item":"https:\/\/discimus-lab.com\/sl\/"},{"@type":"ListItem","position":2,"name":"Domov","item":"https:\/\/discimus-lab.com\/sl\/"},{"@type":"ListItem","position":3,"name":"PROJEKTI"}]},{"@type":"WebSite","@id":"https:\/\/discimus-lab.com\/#website","url":"https:\/\/discimus-lab.com\/","name":"Institut Discimus Lab Tr\u017eec","description":"Zavod Discimus Lab Tr\u017eec","publisher":{"@id":"https:\/\/discimus-lab.com\/#organization"},"potentialAction":[{"@type":"SearchAction","target":{"@type":"EntryPoint","urlTemplate":"https:\/\/discimus-lab.com\/?s={search_term_string}"},"query-input":{"@type":"PropertyValueSpecification","valueRequired":true,"valueName":"search_term_string"}}],"inLanguage":"sl-SI"},{"@type":"Organization","@id":"https:\/\/discimus-lab.com\/#organization","name":"Institut Discimus Lab Tr\u017eec","url":"https:\/\/discimus-lab.com\/","logo":{"@type":"ImageObject","inLanguage":"sl-SI","@id":"https:\/\/discimus-lab.com\/#\/schema\/logo\/image\/","url":"https:\/\/discimus-lab.com\/wp-content\/uploads\/2021\/09\/DL-640x221.png","contentUrl":"https:\/\/discimus-lab.com\/wp-content\/uploads\/2021\/09\/DL-640x221.png","width":643,"height":222,"caption":"Institut Discimus Lab Tr\u017eec"},"image":{"@id":"https:\/\/discimus-lab.com\/#\/schema\/logo\/image\/"},"sameAs":["https:\/\/www.facebook.com\/profile.php?id=61552849460549","https:\/\/www.linkedin.com\/company\/76269864\/","https:\/\/www.instagram.com\/discimus_lab\/"]}]}},"_links":{"self":[{"href":"https:\/\/discimus-lab.com\/sl\/wp-json\/wp\/v2\/pages\/7687","targetHints":{"allow":["GET"]}}],"collection":[{"href":"https:\/\/discimus-lab.com\/sl\/wp-json\/wp\/v2\/pages"}],"about":[{"href":"https:\/\/discimus-lab.com\/sl\/wp-json\/wp\/v2\/types\/page"}],"author":[{"embeddable":true,"href":"https:\/\/discimus-lab.com\/sl\/wp-json\/wp\/v2\/users\/1"}],"replies":[{"embeddable":true,"href":"https:\/\/discimus-lab.com\/sl\/wp-json\/wp\/v2\/comments?post=7687"}],"version-history":[{"count":19,"href":"https:\/\/discimus-lab.com\/sl\/wp-json\/wp\/v2\/pages\/7687\/revisions"}],"predecessor-version":[{"id":12442,"href":"https:\/\/discimus-lab.com\/sl\/wp-json\/wp\/v2\/pages\/7687\/revisions\/12442"}],"up":[{"embeddable":true,"href":"https:\/\/discimus-lab.com\/sl\/wp-json\/wp\/v2\/pages\/7309"}],"wp:attachment":[{"href":"https:\/\/discimus-lab.com\/sl\/wp-json\/wp\/v2\/media?parent=7687"}],"curies":[{"name":"wp","href":"https:\/\/api.w.org\/{rel}","templated":true}]}}