{"id":7669,"date":"2020-02-11T10:21:23","date_gmt":"2020-02-11T09:21:23","guid":{"rendered":"https:\/\/discimus-lab.com\/ms\/"},"modified":"2024-05-24T11:00:25","modified_gmt":"2024-05-24T09:00:25","slug":"ms","status":"publish","type":"page","link":"https:\/\/discimus-lab.com\/sl\/ms\/","title":{"rendered":"MS"},"content":{"rendered":"<div class=\"wpb-content-wrapper\"><p>[vc_row full_width=&#8221;stretch_row_content_no_spaces&#8221; css=&#8221;.vc_custom_1432531325225{margin-bottom: 0px !important;}&#8221;][vc_column][rev_slider_vc alias=&#8221;home_slider1&#8243; el_class=&#8221;no-margin-bottom&#8221;][\/vc_column][\/vc_row][vc_row css=&#8221;.vc_custom_1437728525268{margin-top: 0px !important;margin-right: 0px !important;margin-bottom: 28px !important;margin-left: 0px !important;}&#8221; el_class=&#8221;overflowed_content&#8221;][vc_column width=&#8221;1\/4&#8243; css=&#8221;.vc_custom_1434610589736{margin-top: -148px !important;padding-right: 0px !important;padding-left: 0px !important;}&#8221;][stm_icon_box hover_pos=&#8221;none&#8221; icon=&#8221;fa-icon-stm_icon_graduation-hat&#8221; icon_size=&#8221;73&#8243; icon_height=&#8221;69&#8243; icon_color=&#8221;#ffffff&#8221; title=&#8221;Ponudba te\u010dajev&#8221; box_bg_color=&#8221;#10c45c&#8221; box_text_color=&#8221;#ffffff&#8221; css=&#8221;.vc_custom_1631107516711{padding-top: 30px !important;padding-right: 32px !important;padding-bottom: 50px !important;padding-left: 32px !important;}&#8221;]Ponujamo vpogled v medijsko delo, inovativne pedago\u0161ko-didakti\u010dne pristope in sre\u010danja mladih prek \u0161porta.[\/stm_icon_box][\/vc_column][vc_column width=&#8221;1\/4&#8243; css=&#8221;.vc_custom_1434610598979{margin-top: -148px !important;padding-right: 0px !important;padding-left: 0px !important;}&#8221;][stm_icon_box hover_pos=&#8221;none&#8221; icon=&#8221;fa-icon-stm_icon_book&#8221; icon_size=&#8221;61&#8243; icon_height=&#8221;69&#8243; icon_color=&#8221;#ffffff&#8221; title=&#8221;LITERATURA IN LASTNE PUBLIKACIJE&#8221; box_bg_color=&#8221;#fdc735&#8243; box_text_color=&#8221;#ffffff&#8221; css=&#8221;.vc_custom_1631107673835{padding-top: 30px !important;padding-right: 32px !important;padding-bottom: 50px !important;padding-left: 32px !important;}&#8221;][\/stm_icon_box][\/vc_column][vc_column width=&#8221;1\/4&#8243; css=&#8221;.vc_custom_1434610604765{margin-top: -148px !important;padding-right: 0px !important;padding-left: 0px !important;}&#8221;][stm_icon_box hover_pos=&#8221;none&#8221; icon=&#8221;fa-icon-stm_icon_diamond&#8221; icon_size=&#8221;62&#8243; icon_height=&#8221;69&#8243; icon_color=&#8221;#ffffff&#8221; title=&#8221;ZAPOSLENI&#8221; box_bg_color=&#8221;#307ad5&#8243; box_text_color=&#8221;#ffffff&#8221;]Sodelujemo z lokalnimi izobra\u017eevalnimi ustanovami.[\/stm_icon_box][\/vc_column][vc_column width=&#8221;1\/4&#8243; css=&#8221;.vc_custom_1434610618578{margin-top: -148px !important;padding-right: 0px !important;padding-left: 0px !important;}&#8221;][stm_icon_box hover_pos=&#8221;none&#8221; icon=&#8221;fa-icon-stm_icon_license&#8221; icon_size=&#8221;57&#8243; icon_height=&#8221;69&#8243; icon_color=&#8221;#ffffff&#8221; title=&#8221;POTRDILO&#8221; box_bg_color=&#8221;#e948ae&#8221; box_text_color=&#8221;#ffffff&#8221;]U\u010ditelji, ki sodelujejo v projektih in njihovih delavnicah, prejmejo potrdilo o sodelovanju.[\/stm_icon_box][\/vc_column][\/vc_row][vc_row css=&#8221;.vc_custom_1433832974908{margin-bottom: 50px !important;}&#8221;][vc_column][vc_custom_heading text=&#8221;PONUDBE&#8221; font_container=&#8221;tag:h2|font_size:32|text_align:center|line_height:48px&#8221; google_fonts=&#8221;font_family:Montserrat%3Aregular%2C700|font_style:700%20bold%20regular%3A700%3Anormal&#8221;][stm_color_separator color=&#8221;#fdc735&#8243; css=&#8221;.vc_custom_1436266264775{margin-bottom: 18px !important;}&#8221;][vc_row_inner][vc_column_inner][stm_featured_products per_row=&#8221;4&#8243; order=&#8221;ASC&#8221; orderby=&#8221;title&#8221; show_price=&#8221;&#8221;][\/vc_column_inner][\/vc_row_inner][\/vc_column][\/vc_row][vc_row full_width=&#8221;stretch_row&#8221; parallax=&#8221;content-moving&#8221; parallax_image=&#8221;1336&#8243; css=&#8221;.vc_custom_1534225856191{padding-top: 29px !important;padding-bottom: 60px !important;}&#8221; el_class=&#8221;stm_fixed_background&#8221;][vc_column][vc_custom_heading text=&#8221;DOSE\u017dKI&#8221; font_container=&#8221;tag:h2|font_size:32|text_align:center|color:%23ffffff|line_height:48px&#8221; google_fonts=&#8221;font_family:Montserrat%3Aregular%2C700|font_style:700%20bold%20regular%3A700%3Anormal&#8221;][vc_row_inner][vc_column_inner][stm_color_separator color=&#8221;#fdc735&#8243; css=&#8221;.vc_custom_1436163568935{margin-top: 7px !important;margin-bottom: 27px !important;}&#8221;][vc_column_text css=&#8221;.vc_custom_1437037943778{margin-bottom: 11px !important;}&#8221;]<\/p>\n<h4 style=\"text-align: center;\"><span style=\"color: #ffffff;\">Tukaj si lahko ogledate nekaj statisti\u010dnih podatkov o na\u0161em izobra\u017eevalnem centru<\/span><\/h4>\n<p>[\/vc_column_text][\/vc_column_inner][\/vc_row_inner][vc_row_inner css=&#8221;.vc_custom_1436163882282{margin-bottom: 46px !important;}&#8221;][vc_column_inner width=&#8221;1\/4&#8243;][stm_stats_counter counter_value=&#8221;94532&#8243; icon=&#8221;fa-icon-stm_icon_earth&#8221; icon_height=&#8221;72&#8243; title=&#8221;Follower&#8221; icon_text_color=&#8221;#ffffff&#8221;][\/vc_column_inner][vc_column_inner width=&#8221;1\/4&#8243;][stm_stats_counter counter_value=&#8221;11223&#8243; icon=&#8221;fa-icon-stm_icon_alarm&#8221; icon_size=&#8221;71&#8243; icon_height=&#8221;72&#8243; title=&#8221;Publikacije&#8221;][\/vc_column_inner][vc_column_inner width=&#8221;1\/4&#8243;][stm_stats_counter counter_value=&#8221;282673&#8243; icon=&#8221;fa-icon-stm_icon_users&#8221; icon_height=&#8221;72&#8243; title=&#8221;\u0160portni udele\u017eenci&#8221;][\/vc_column_inner][vc_column_inner width=&#8221;1\/4&#8243;][stm_stats_counter counter_value=&#8221;37&#8243; icon=&#8221;fa-icon-stm_icon_briefcase&#8221; icon_height=&#8221;72&#8243; title=&#8221;Ekipa&#8221;][\/vc_column_inner][\/vc_row_inner][stm_icon_button link_tooltip=&#8221;open purchase theme page&#8221; btn_align=&#8221;center&#8221; btn_size=&#8221;btn-normal-size&#8221; button_color=&#8221;#ffffff&#8221; button_text_color_hover=&#8221;#eab830&#8243; button_bg_color=&#8221;rgba(255,255,255,0.01)&#8221; button_border_color=&#8221;#ffffff&#8221; button_border_color_hover=&#8221;#eab830&#8243; icon=&#8221;fa-icon-stm_icon_ecommerce_cart&#8221; icon_size=&#8221;20&#8243; icon_color=&#8221;#ffffff&#8221; link=&#8221;url:https%3A%2F%2F1.envato.market%2Fc%2F1240813%2F475676%2F4415%3Fu%3Dhttp%253A%252F%252Fthemeforest.net%252Fitem%252Fmasterstudy-education-center-wordpress-theme%252F12170274%253Fref%253Dstylemixthemes|title:Purchase%20theme|target:%20_blank|&#8221; icon_bg_color=&#8221;rgba(255,255,255,0.01)&#8221;][\/vc_column][\/vc_row][vc_row css=&#8221;.vc_custom_1436164243861{margin-bottom: 28px !important;}&#8221;][vc_column][vc_custom_heading text=&#8221;NOVI PRISPEVKI&#8221; font_container=&#8221;tag:h2|font_size:32|text_align:center|line_height:48px&#8221; google_fonts=&#8221;font_family:Montserrat%3Aregular%2C700|font_style:700%20bold%20regular%3A700%3Anormal&#8221;][vc_row_inner css=&#8221;.vc_custom_1436164020002{margin-bottom: 27px !important;}&#8221;][vc_column_inner][stm_color_separator css=&#8221;.vc_custom_1437023252855{margin-top: 7px !important;margin-bottom: 0px !important;}&#8221;][\/vc_column_inner][\/vc_row_inner][vc_row_inner][vc_column_inner][stm_post_list post_list_per_row=&#8221;3&#8243; post_list_show_date=&#8221;true&#8221; post_list_show_cats=&#8221;true&#8221; post_list_show_tags=&#8221;true&#8221; post_list_show_comments=&#8221;true&#8221; post_list_per_page=&#8221;3&#8243;][\/vc_column_inner][\/vc_row_inner][\/vc_column][\/vc_row][vc_row full_width=&#8221;stretch_row&#8221; css=&#8221;.vc_custom_1433848297784{margin-bottom: 0px !important;padding-top: 52px !important;padding-bottom: 46px !important;background-color: #eeeeee !important;}&#8221;][vc_column width=&#8221;7\/12&#8243;][stm_icon_box hover_pos=&#8221;none&#8221; icon=&#8221;fa-icon-stm_icon_book&#8221; icon_align=&#8221;left&#8221; icon_color=&#8221;#333333&#8243; box_text_color=&#8221;#555555&#8243; css=&#8221;.vc_custom_1631108679394{padding-top: 0px !important;padding-right: 20px !important;padding-bottom: 0px !important;padding-left: 8px !important;}&#8221;][\/stm_icon_box][\/vc_column][vc_column width=&#8221;5\/12&#8243;][stm_mailchimp title=&#8221;Va\u0161 elektronski naslov&#8221;][\/vc_column][\/vc_row][vc_row full_width=&#8221;stretch_row&#8221; css=&#8221;.vc_custom_1433853927195{margin-bottom: 0px !important;padding-top: 30px !important;padding-bottom: 55px !important;background-color: #414b4f !important;}&#8221;][vc_column][vc_custom_heading text=&#8221;DISCIMUS&#8221; font_container=&#8221;tag:h2|font_size:32|text_align:center|color:%23ffffff|line_height:48px&#8221; google_fonts=&#8221;font_family:Montserrat%3Aregular%2C700|font_style:700%20bold%20regular%3A700%3Anormal&#8221;][stm_color_separator css=&#8221;.vc_custom_1436267074085{margin-top: 18px !important;margin-bottom: 26px !important;}&#8221; color=&#8221;#eab830&#8243;][stm_product_categories per_row=&#8221;6&#8243; title_align=&#8221;center&#8221; box_text_color=&#8221;#ffffff&#8221; css=&#8221;.vc_custom_1631108749797{padding-top: 34px !important;padding-bottom: 14px !important;}&#8221;][\/vc_column][\/vc_row][vc_row css=&#8221;.vc_custom_1578551570789{margin-top: 70px !important;margin-right: 0px !important;margin-left: 0px !important;padding-top: 30px !important;padding-bottom: 27px !important;background-color: #eab830 !important;}&#8221; el_class=&#8221;stm_countdown_bg&#8221;][vc_column width=&#8221;7\/12&#8243;][vc_column_text css=&#8221;.vc_custom_1439784222987{margin-top: 33px !important;margin-bottom: 10px !important;}&#8221;]<\/p>\n<h2 class=\"white-heading\" style=\"text-align: center; line-height: 36px; color: #fff;\">GET THE COACHING TRAINING<br \/>\nBY ADAM JONES <span class=\"demo-label\" style=\"color: #333333;\">FOR FREE<\/span><\/h2>\n<p>[\/vc_column_text][stm_color_separator color=&#8221;#ffffff&#8221; css=&#8221;.vc_custom_1437457505459{margin-bottom: 18px !important;}&#8221;][vc_column_text]<\/p>\n<h3 style=\"text-align: center;\"><span style=\"color: #333;\">Veselimo se \u017eivahnega sodelovanja.<br \/>\n<\/span><\/h3>\n<p>[\/vc_column_text][stm_countdown datepicker=&#8221;12-11-2021 10:00&#8243; css=&#8221;.vc_custom_1631108971862{margin-bottom: 35px !important;}&#8221;][\/vc_column][vc_column width=&#8221;5\/12&#8243;][stm_sign_up_now form=&#8221;1320&#8243; title=&#8221;Prijavite se&#8221;][\/vc_column][\/vc_row][vc_row css=&#8221;.vc_custom_1434695320673{margin-bottom: 0px !important;}&#8221;][vc_column width=&#8221;2\/3&#8243;][stm_testimonials testimonials_slides_per_row=&#8221;2&#8243; testimonials_title=&#8221;REFERENZEN &amp; ERFAHRUNGSBERICHTE&#8221;][\/vc_column][vc_column width=&#8221;1\/3&#8243;][vc_video title=&#8221;VIDEO OGLED&#8221; link=&#8221;https:\/\/www.youtube.com\/embed\/YnZ_-5I72ec&#8221; image=&#8221;418&#8243;][\/vc_column][\/vc_row]<\/p>\n<\/div>","protected":false},"excerpt":{"rendered":"<p>[vc_row full_width=&#8221;stretch_row_content_no_spaces&#8221; css=&#8221;.vc_custom_1432531325225{margin-bottom: 0px !important;}&#8221;][vc_column][rev_slider_vc alias=&#8221;home_slider1&#8243; el_class=&#8221;no-margin-bottom&#8221;][\/vc_column][\/vc_row][vc_row css=&#8221;.vc_custom_1437728525268{margin-top: 0px !important;margin-right: 0px !important;margin-bottom: 28px !important;margin-left: 0px !important;}&#8221; el_class=&#8221;overflowed_content&#8221;][vc_column width=&#8221;1\/4&#8243; css=&#8221;.vc_custom_1434610589736{margin-top: -148px !important;padding-right: 0px !important;padding-left: 0px !important;}&#8221;][stm_icon_box hover_pos=&#8221;none&#8221; icon=&#8221;fa-icon-stm_icon_graduation-hat&#8221; icon_size=&#8221;73&#8243; icon_height=&#8221;69&#8243; icon_color=&#8221;#ffffff&#8221; title=&#8221;Ponudba te\u010dajev&#8221; box_bg_color=&#8221;#10c45c&#8221; box_text_color=&#8221;#ffffff&#8221; css=&#8221;.vc_custom_1631107516711{padding-top: 30px !important;padding-right: 32px !important;padding-bottom: 50px !important;padding-left: 32px !important;}&#8221;]Ponujamo vpogled v medijsko delo, inovativne pedago\u0161ko-didakti\u010dne pristope in sre\u010danja mladih prek \u0161porta.[\/stm_icon_box][\/vc_column][vc_column [&hellip;]<\/p>\n","protected":false},"author":1,"featured_media":0,"parent":0,"menu_order":0,"comment_status":"closed","ping_status":"closed","template":"","meta":{"footnotes":""},"class_list":["post-7669","page","type-page","status-publish","hentry"],"yoast_head":"<!-- This site is optimized with the Yoast SEO plugin v27.4 - https:\/\/yoast.com\/product\/yoast-seo-wordpress\/ -->\n<title>MS - Institut Discimus Lab Tr\u017eec<\/title>\n<meta name=\"robots\" content=\"index, follow, max-snippet:-1, max-image-preview:large, max-video-preview:-1\" \/>\n<link rel=\"canonical\" href=\"https:\/\/discimus-lab.com\/sl\/ms\/\" \/>\n<meta property=\"og:locale\" content=\"sl_SI\" \/>\n<meta property=\"og:type\" content=\"article\" \/>\n<meta property=\"og:title\" content=\"MS - Institut Discimus Lab Tr\u017eec\" \/>\n<meta property=\"og:description\" content=\"[vc_row full_width=&#8221;stretch_row_content_no_spaces&#8221; css=&#8221;.vc_custom_1432531325225{margin-bottom: 0px !important;}&#8221;][vc_column][rev_slider_vc alias=&#8221;home_slider1&#8243; el_class=&#8221;no-margin-bottom&#8221;][\/vc_column][\/vc_row][vc_row css=&#8221;.vc_custom_1437728525268{margin-top: 0px !important;margin-right: 0px !important;margin-bottom: 28px !important;margin-left: 0px !important;}&#8221; el_class=&#8221;overflowed_content&#8221;][vc_column width=&#8221;1\/4&#8243; css=&#8221;.vc_custom_1434610589736{margin-top: -148px !important;padding-right: 0px !important;padding-left: 0px !important;}&#8221;][stm_icon_box hover_pos=&#8221;none&#8221; icon=&#8221;fa-icon-stm_icon_graduation-hat&#8221; icon_size=&#8221;73&#8243; icon_height=&#8221;69&#8243; icon_color=&#8221;#ffffff&#8221; title=&#8221;Ponudba te\u010dajev&#8221; box_bg_color=&#8221;#10c45c&#8221; box_text_color=&#8221;#ffffff&#8221; css=&#8221;.vc_custom_1631107516711{padding-top: 30px !important;padding-right: 32px !important;padding-bottom: 50px !important;padding-left: 32px !important;}&#8221;]Ponujamo vpogled v medijsko delo, inovativne pedago\u0161ko-didakti\u010dne pristope in sre\u010danja mladih prek \u0161porta.[\/stm_icon_box][\/vc_column][vc_column [&hellip;]\" \/>\n<meta property=\"og:url\" content=\"https:\/\/discimus-lab.com\/sl\/ms\/\" \/>\n<meta property=\"og:site_name\" content=\"Institut Discimus Lab Tr\u017eec\" \/>\n<meta property=\"article:publisher\" content=\"https:\/\/www.facebook.com\/profile.php?id=61552849460549\" \/>\n<meta property=\"article:modified_time\" content=\"2024-05-24T09:00:25+00:00\" \/>\n<meta name=\"twitter:card\" content=\"summary_large_image\" \/>\n<meta name=\"twitter:label1\" content=\"Est. reading time\" \/>\n\t<meta name=\"twitter:data1\" content=\"6 minut\" \/>\n<script type=\"application\/ld+json\" class=\"yoast-schema-graph\">{\"@context\":\"https:\\\/\\\/schema.org\",\"@graph\":[{\"@type\":\"WebPage\",\"@id\":\"https:\\\/\\\/discimus-lab.com\\\/sl\\\/ms\\\/\",\"url\":\"https:\\\/\\\/discimus-lab.com\\\/sl\\\/ms\\\/\",\"name\":\"MS - Institut Discimus Lab Tr\u017eec\",\"isPartOf\":{\"@id\":\"https:\\\/\\\/discimus-lab.com\\\/#website\"},\"datePublished\":\"2020-02-11T09:21:23+00:00\",\"dateModified\":\"2024-05-24T09:00:25+00:00\",\"breadcrumb\":{\"@id\":\"https:\\\/\\\/discimus-lab.com\\\/sl\\\/ms\\\/#breadcrumb\"},\"inLanguage\":\"sl-SI\",\"potentialAction\":[{\"@type\":\"ReadAction\",\"target\":[\"https:\\\/\\\/discimus-lab.com\\\/sl\\\/ms\\\/\"]}]},{\"@type\":\"BreadcrumbList\",\"@id\":\"https:\\\/\\\/discimus-lab.com\\\/sl\\\/ms\\\/#breadcrumb\",\"itemListElement\":[{\"@type\":\"ListItem\",\"position\":1,\"name\":\"Startseite\",\"item\":\"https:\\\/\\\/discimus-lab.com\\\/sl\\\/\"},{\"@type\":\"ListItem\",\"position\":2,\"name\":\"MS\"}]},{\"@type\":\"WebSite\",\"@id\":\"https:\\\/\\\/discimus-lab.com\\\/#website\",\"url\":\"https:\\\/\\\/discimus-lab.com\\\/\",\"name\":\"Institut Discimus Lab Tr\u017eec\",\"description\":\"Zavod Discimus Lab Tr\u017eec\",\"publisher\":{\"@id\":\"https:\\\/\\\/discimus-lab.com\\\/#organization\"},\"potentialAction\":[{\"@type\":\"SearchAction\",\"target\":{\"@type\":\"EntryPoint\",\"urlTemplate\":\"https:\\\/\\\/discimus-lab.com\\\/?s={search_term_string}\"},\"query-input\":{\"@type\":\"PropertyValueSpecification\",\"valueRequired\":true,\"valueName\":\"search_term_string\"}}],\"inLanguage\":\"sl-SI\"},{\"@type\":\"Organization\",\"@id\":\"https:\\\/\\\/discimus-lab.com\\\/#organization\",\"name\":\"Institut Discimus Lab Tr\u017eec\",\"url\":\"https:\\\/\\\/discimus-lab.com\\\/\",\"logo\":{\"@type\":\"ImageObject\",\"inLanguage\":\"sl-SI\",\"@id\":\"https:\\\/\\\/discimus-lab.com\\\/#\\\/schema\\\/logo\\\/image\\\/\",\"url\":\"https:\\\/\\\/discimus-lab.com\\\/wp-content\\\/uploads\\\/2021\\\/09\\\/DL-640x221.png\",\"contentUrl\":\"https:\\\/\\\/discimus-lab.com\\\/wp-content\\\/uploads\\\/2021\\\/09\\\/DL-640x221.png\",\"width\":643,\"height\":222,\"caption\":\"Institut Discimus Lab Tr\u017eec\"},\"image\":{\"@id\":\"https:\\\/\\\/discimus-lab.com\\\/#\\\/schema\\\/logo\\\/image\\\/\"},\"sameAs\":[\"https:\\\/\\\/www.facebook.com\\\/profile.php?id=61552849460549\",\"https:\\\/\\\/www.linkedin.com\\\/company\\\/76269864\\\/\",\"https:\\\/\\\/www.instagram.com\\\/discimus_lab\\\/\"]}]}<\/script>\n<!-- \/ Yoast SEO plugin. -->","yoast_head_json":{"title":"MS - Institut Discimus Lab Tr\u017eec","robots":{"index":"index","follow":"follow","max-snippet":"max-snippet:-1","max-image-preview":"max-image-preview:large","max-video-preview":"max-video-preview:-1"},"canonical":"https:\/\/discimus-lab.com\/sl\/ms\/","og_locale":"sl_SI","og_type":"article","og_title":"MS - Institut Discimus Lab Tr\u017eec","og_description":"[vc_row full_width=&#8221;stretch_row_content_no_spaces&#8221; css=&#8221;.vc_custom_1432531325225{margin-bottom: 0px !important;}&#8221;][vc_column][rev_slider_vc alias=&#8221;home_slider1&#8243; el_class=&#8221;no-margin-bottom&#8221;][\/vc_column][\/vc_row][vc_row css=&#8221;.vc_custom_1437728525268{margin-top: 0px !important;margin-right: 0px !important;margin-bottom: 28px !important;margin-left: 0px !important;}&#8221; el_class=&#8221;overflowed_content&#8221;][vc_column width=&#8221;1\/4&#8243; css=&#8221;.vc_custom_1434610589736{margin-top: -148px !important;padding-right: 0px !important;padding-left: 0px !important;}&#8221;][stm_icon_box hover_pos=&#8221;none&#8221; icon=&#8221;fa-icon-stm_icon_graduation-hat&#8221; icon_size=&#8221;73&#8243; icon_height=&#8221;69&#8243; icon_color=&#8221;#ffffff&#8221; title=&#8221;Ponudba te\u010dajev&#8221; box_bg_color=&#8221;#10c45c&#8221; box_text_color=&#8221;#ffffff&#8221; css=&#8221;.vc_custom_1631107516711{padding-top: 30px !important;padding-right: 32px !important;padding-bottom: 50px !important;padding-left: 32px !important;}&#8221;]Ponujamo vpogled v medijsko delo, inovativne pedago\u0161ko-didakti\u010dne pristope in sre\u010danja mladih prek \u0161porta.[\/stm_icon_box][\/vc_column][vc_column [&hellip;]","og_url":"https:\/\/discimus-lab.com\/sl\/ms\/","og_site_name":"Institut Discimus Lab Tr\u017eec","article_publisher":"https:\/\/www.facebook.com\/profile.php?id=61552849460549","article_modified_time":"2024-05-24T09:00:25+00:00","twitter_card":"summary_large_image","twitter_misc":{"Est. reading time":"6 minut"},"schema":{"@context":"https:\/\/schema.org","@graph":[{"@type":"WebPage","@id":"https:\/\/discimus-lab.com\/sl\/ms\/","url":"https:\/\/discimus-lab.com\/sl\/ms\/","name":"MS - Institut Discimus Lab Tr\u017eec","isPartOf":{"@id":"https:\/\/discimus-lab.com\/#website"},"datePublished":"2020-02-11T09:21:23+00:00","dateModified":"2024-05-24T09:00:25+00:00","breadcrumb":{"@id":"https:\/\/discimus-lab.com\/sl\/ms\/#breadcrumb"},"inLanguage":"sl-SI","potentialAction":[{"@type":"ReadAction","target":["https:\/\/discimus-lab.com\/sl\/ms\/"]}]},{"@type":"BreadcrumbList","@id":"https:\/\/discimus-lab.com\/sl\/ms\/#breadcrumb","itemListElement":[{"@type":"ListItem","position":1,"name":"Startseite","item":"https:\/\/discimus-lab.com\/sl\/"},{"@type":"ListItem","position":2,"name":"MS"}]},{"@type":"WebSite","@id":"https:\/\/discimus-lab.com\/#website","url":"https:\/\/discimus-lab.com\/","name":"Institut Discimus Lab Tr\u017eec","description":"Zavod Discimus Lab Tr\u017eec","publisher":{"@id":"https:\/\/discimus-lab.com\/#organization"},"potentialAction":[{"@type":"SearchAction","target":{"@type":"EntryPoint","urlTemplate":"https:\/\/discimus-lab.com\/?s={search_term_string}"},"query-input":{"@type":"PropertyValueSpecification","valueRequired":true,"valueName":"search_term_string"}}],"inLanguage":"sl-SI"},{"@type":"Organization","@id":"https:\/\/discimus-lab.com\/#organization","name":"Institut Discimus Lab Tr\u017eec","url":"https:\/\/discimus-lab.com\/","logo":{"@type":"ImageObject","inLanguage":"sl-SI","@id":"https:\/\/discimus-lab.com\/#\/schema\/logo\/image\/","url":"https:\/\/discimus-lab.com\/wp-content\/uploads\/2021\/09\/DL-640x221.png","contentUrl":"https:\/\/discimus-lab.com\/wp-content\/uploads\/2021\/09\/DL-640x221.png","width":643,"height":222,"caption":"Institut Discimus Lab Tr\u017eec"},"image":{"@id":"https:\/\/discimus-lab.com\/#\/schema\/logo\/image\/"},"sameAs":["https:\/\/www.facebook.com\/profile.php?id=61552849460549","https:\/\/www.linkedin.com\/company\/76269864\/","https:\/\/www.instagram.com\/discimus_lab\/"]}]}},"_links":{"self":[{"href":"https:\/\/discimus-lab.com\/sl\/wp-json\/wp\/v2\/pages\/7669","targetHints":{"allow":["GET"]}}],"collection":[{"href":"https:\/\/discimus-lab.com\/sl\/wp-json\/wp\/v2\/pages"}],"about":[{"href":"https:\/\/discimus-lab.com\/sl\/wp-json\/wp\/v2\/types\/page"}],"author":[{"embeddable":true,"href":"https:\/\/discimus-lab.com\/sl\/wp-json\/wp\/v2\/users\/1"}],"replies":[{"embeddable":true,"href":"https:\/\/discimus-lab.com\/sl\/wp-json\/wp\/v2\/comments?post=7669"}],"version-history":[{"count":1,"href":"https:\/\/discimus-lab.com\/sl\/wp-json\/wp\/v2\/pages\/7669\/revisions"}],"predecessor-version":[{"id":9927,"href":"https:\/\/discimus-lab.com\/sl\/wp-json\/wp\/v2\/pages\/7669\/revisions\/9927"}],"wp:attachment":[{"href":"https:\/\/discimus-lab.com\/sl\/wp-json\/wp\/v2\/media?parent=7669"}],"curies":[{"name":"wp","href":"https:\/\/api.w.org\/{rel}","templated":true}]}}