{"id":7663,"date":"2022-02-15T14:12:42","date_gmt":"2022-02-15T13:12:42","guid":{"rendered":"https:\/\/discimus-lab.com\/visitke\/"},"modified":"2024-05-25T18:33:53","modified_gmt":"2024-05-25T16:33:53","slug":"visitke","status":"publish","type":"page","link":"https:\/\/discimus-lab.com\/sl\/visitke\/","title":{"rendered":"Visitke"},"content":{"rendered":"<div class=\"wpb-content-wrapper\"><p>[vc_row][vc_column][vc_column_text]<\/p>\n<h3><span style=\"color: #008080;\"><strong>ZAVOD DISCIMUS LAB<\/strong><\/span><\/h3>\n<p style=\"text-align: left;\">In\u0161titut za izobra\u017eevanje in poslovne storitve<\/p>\n<p>Tr\u017eec 12B<br \/>\nSI-2284 Videm pri Ptuju<br \/>\nSlowenien<\/p>\n<p>Tel.: +386 59 187 394<br \/>\nDDV-ID\/D\u0160: SI17407028<br \/>\nM\u0160: 8978573000<\/p>\n<p>IBAN: SI56 6100 0002 6480 377<\/p>\n<p>\u00a0<\/p>\n<h4><span style=\"color: #008000;\">URHEBERRECHT<\/span><\/h4>\n<p>Vse datoteke, slike in informacije, objavljene na tem spletnem mestu, so predmet avtorskih pravic dru\u017ebe Discimus Lab, razen \u010de je navedeno druga\u010de, in jih ni dovoljeno razmno\u017eevati, kopirati, spreminjati ali kakor koli prilagajati brez na\u0161ega pisnega dovoljenja. Uporaba na\u0161ega spletnega mesta in storitev vam ne daje nobenih lastni\u0161kih pravic na na\u0161i vsebini.[\/vc_column_text][\/vc_column][\/vc_row]<\/p>\n<\/div>","protected":false},"excerpt":{"rendered":"<p>[vc_row][vc_column][vc_column_text] ZAVOD DISCIMUS LAB In\u0161titut za izobra\u017eevanje in poslovne storitve Tr\u017eec 12B SI-2284 Videm pri Ptuju Slowenien Tel.: +386 59 187 394 DDV-ID\/D\u0160: SI17407028 M\u0160: 8978573000 IBAN: SI56 6100 0002 6480 377 \u00a0 URHEBERRECHT Vse datoteke, slike in informacije, objavljene na tem spletnem mestu, so predmet avtorskih pravic dru\u017ebe Discimus Lab, razen \u010de je navedeno [&hellip;]<\/p>\n","protected":false},"author":1,"featured_media":0,"parent":0,"menu_order":0,"comment_status":"closed","ping_status":"closed","template":"","meta":{"footnotes":""},"class_list":["post-7663","page","type-page","status-publish","hentry"],"yoast_head":"<!-- This site is optimized with the Yoast SEO plugin v27.4 - https:\/\/yoast.com\/product\/yoast-seo-wordpress\/ -->\n<title>Odtis<\/title>\n<meta name=\"description\" content=\"Odtis vsebuje informacije o instituciji, ki so pomembne za obiskovalce na\u0161ega spletnega mesta: naslov, telefonsko \u0161tevilko, dav\u010dno \u0161tevilko in ban\u010dne podatke.\" \/>\n<meta name=\"robots\" content=\"index, follow, max-snippet:-1, max-image-preview:large, max-video-preview:-1\" \/>\n<link rel=\"canonical\" href=\"https:\/\/discimus-lab.com\/impressum\/\" \/>\n<meta property=\"og:locale\" content=\"sl_SI\" \/>\n<meta property=\"og:type\" content=\"article\" \/>\n<meta property=\"og:title\" content=\"Odtis\" \/>\n<meta property=\"og:description\" content=\"Odtis vsebuje informacije o instituciji, ki so pomembne za obiskovalce na\u0161ega spletnega mesta: naslov, telefonsko \u0161tevilko, dav\u010dno \u0161tevilko in ban\u010dne podatke.\" \/>\n<meta property=\"og:url\" content=\"https:\/\/discimus-lab.com\/impressum\/\" \/>\n<meta property=\"og:site_name\" content=\"Institut Discimus Lab Tr\u017eec\" \/>\n<meta property=\"article:publisher\" content=\"https:\/\/www.facebook.com\/profile.php?id=61552849460549\" \/>\n<meta property=\"article:modified_time\" content=\"2024-05-25T16:33:53+00:00\" \/>\n<meta name=\"twitter:card\" content=\"summary_large_image\" \/>\n<meta name=\"twitter:label1\" content=\"Est. reading time\" \/>\n\t<meta name=\"twitter:data1\" content=\"1 minuta\" \/>\n<script type=\"application\/ld+json\" class=\"yoast-schema-graph\">{\"@context\":\"https:\\\/\\\/schema.org\",\"@graph\":[{\"@type\":\"WebPage\",\"@id\":\"https:\\\/\\\/discimus-lab.com\\\/impressum\\\/\",\"url\":\"https:\\\/\\\/discimus-lab.com\\\/impressum\\\/\",\"name\":\"Odtis\",\"isPartOf\":{\"@id\":\"https:\\\/\\\/discimus-lab.com\\\/#website\"},\"datePublished\":\"2022-02-15T13:12:42+00:00\",\"dateModified\":\"2024-05-25T16:33:53+00:00\",\"description\":\"Odtis vsebuje informacije o instituciji, ki so pomembne za obiskovalce na\u0161ega spletnega mesta: naslov, telefonsko \u0161tevilko, dav\u010dno \u0161tevilko in ban\u010dne podatke.\",\"breadcrumb\":{\"@id\":\"https:\\\/\\\/discimus-lab.com\\\/impressum\\\/#breadcrumb\"},\"inLanguage\":\"sl-SI\",\"potentialAction\":[{\"@type\":\"ReadAction\",\"target\":[\"https:\\\/\\\/discimus-lab.com\\\/impressum\\\/\"]}]},{\"@type\":\"BreadcrumbList\",\"@id\":\"https:\\\/\\\/discimus-lab.com\\\/impressum\\\/#breadcrumb\",\"itemListElement\":[{\"@type\":\"ListItem\",\"position\":1,\"name\":\"Startseite\",\"item\":\"https:\\\/\\\/discimus-lab.com\\\/sl\\\/\"},{\"@type\":\"ListItem\",\"position\":2,\"name\":\"Visitke\"}]},{\"@type\":\"WebSite\",\"@id\":\"https:\\\/\\\/discimus-lab.com\\\/#website\",\"url\":\"https:\\\/\\\/discimus-lab.com\\\/\",\"name\":\"Institut Discimus Lab Tr\u017eec\",\"description\":\"Zavod Discimus Lab Tr\u017eec\",\"publisher\":{\"@id\":\"https:\\\/\\\/discimus-lab.com\\\/#organization\"},\"potentialAction\":[{\"@type\":\"SearchAction\",\"target\":{\"@type\":\"EntryPoint\",\"urlTemplate\":\"https:\\\/\\\/discimus-lab.com\\\/?s={search_term_string}\"},\"query-input\":{\"@type\":\"PropertyValueSpecification\",\"valueRequired\":true,\"valueName\":\"search_term_string\"}}],\"inLanguage\":\"sl-SI\"},{\"@type\":\"Organization\",\"@id\":\"https:\\\/\\\/discimus-lab.com\\\/#organization\",\"name\":\"Institut Discimus Lab Tr\u017eec\",\"url\":\"https:\\\/\\\/discimus-lab.com\\\/\",\"logo\":{\"@type\":\"ImageObject\",\"inLanguage\":\"sl-SI\",\"@id\":\"https:\\\/\\\/discimus-lab.com\\\/#\\\/schema\\\/logo\\\/image\\\/\",\"url\":\"https:\\\/\\\/discimus-lab.com\\\/wp-content\\\/uploads\\\/2021\\\/09\\\/DL-640x221.png\",\"contentUrl\":\"https:\\\/\\\/discimus-lab.com\\\/wp-content\\\/uploads\\\/2021\\\/09\\\/DL-640x221.png\",\"width\":643,\"height\":222,\"caption\":\"Institut Discimus Lab Tr\u017eec\"},\"image\":{\"@id\":\"https:\\\/\\\/discimus-lab.com\\\/#\\\/schema\\\/logo\\\/image\\\/\"},\"sameAs\":[\"https:\\\/\\\/www.facebook.com\\\/profile.php?id=61552849460549\",\"https:\\\/\\\/www.linkedin.com\\\/company\\\/76269864\\\/\",\"https:\\\/\\\/www.instagram.com\\\/discimus_lab\\\/\"]}]}<\/script>\n<!-- \/ Yoast SEO plugin. -->","yoast_head_json":{"title":"Odtis","description":"Odtis vsebuje informacije o instituciji, ki so pomembne za obiskovalce na\u0161ega spletnega mesta: naslov, telefonsko \u0161tevilko, dav\u010dno \u0161tevilko in ban\u010dne podatke.","robots":{"index":"index","follow":"follow","max-snippet":"max-snippet:-1","max-image-preview":"max-image-preview:large","max-video-preview":"max-video-preview:-1"},"canonical":"https:\/\/discimus-lab.com\/impressum\/","og_locale":"sl_SI","og_type":"article","og_title":"Odtis","og_description":"Odtis vsebuje informacije o instituciji, ki so pomembne za obiskovalce na\u0161ega spletnega mesta: naslov, telefonsko \u0161tevilko, dav\u010dno \u0161tevilko in ban\u010dne podatke.","og_url":"https:\/\/discimus-lab.com\/impressum\/","og_site_name":"Institut Discimus Lab Tr\u017eec","article_publisher":"https:\/\/www.facebook.com\/profile.php?id=61552849460549","article_modified_time":"2024-05-25T16:33:53+00:00","twitter_card":"summary_large_image","twitter_misc":{"Est. reading time":"1 minuta"},"schema":{"@context":"https:\/\/schema.org","@graph":[{"@type":"WebPage","@id":"https:\/\/discimus-lab.com\/impressum\/","url":"https:\/\/discimus-lab.com\/impressum\/","name":"Odtis","isPartOf":{"@id":"https:\/\/discimus-lab.com\/#website"},"datePublished":"2022-02-15T13:12:42+00:00","dateModified":"2024-05-25T16:33:53+00:00","description":"Odtis vsebuje informacije o instituciji, ki so pomembne za obiskovalce na\u0161ega spletnega mesta: naslov, telefonsko \u0161tevilko, dav\u010dno \u0161tevilko in ban\u010dne podatke.","breadcrumb":{"@id":"https:\/\/discimus-lab.com\/impressum\/#breadcrumb"},"inLanguage":"sl-SI","potentialAction":[{"@type":"ReadAction","target":["https:\/\/discimus-lab.com\/impressum\/"]}]},{"@type":"BreadcrumbList","@id":"https:\/\/discimus-lab.com\/impressum\/#breadcrumb","itemListElement":[{"@type":"ListItem","position":1,"name":"Startseite","item":"https:\/\/discimus-lab.com\/sl\/"},{"@type":"ListItem","position":2,"name":"Visitke"}]},{"@type":"WebSite","@id":"https:\/\/discimus-lab.com\/#website","url":"https:\/\/discimus-lab.com\/","name":"Institut Discimus Lab Tr\u017eec","description":"Zavod Discimus Lab Tr\u017eec","publisher":{"@id":"https:\/\/discimus-lab.com\/#organization"},"potentialAction":[{"@type":"SearchAction","target":{"@type":"EntryPoint","urlTemplate":"https:\/\/discimus-lab.com\/?s={search_term_string}"},"query-input":{"@type":"PropertyValueSpecification","valueRequired":true,"valueName":"search_term_string"}}],"inLanguage":"sl-SI"},{"@type":"Organization","@id":"https:\/\/discimus-lab.com\/#organization","name":"Institut Discimus Lab Tr\u017eec","url":"https:\/\/discimus-lab.com\/","logo":{"@type":"ImageObject","inLanguage":"sl-SI","@id":"https:\/\/discimus-lab.com\/#\/schema\/logo\/image\/","url":"https:\/\/discimus-lab.com\/wp-content\/uploads\/2021\/09\/DL-640x221.png","contentUrl":"https:\/\/discimus-lab.com\/wp-content\/uploads\/2021\/09\/DL-640x221.png","width":643,"height":222,"caption":"Institut Discimus Lab Tr\u017eec"},"image":{"@id":"https:\/\/discimus-lab.com\/#\/schema\/logo\/image\/"},"sameAs":["https:\/\/www.facebook.com\/profile.php?id=61552849460549","https:\/\/www.linkedin.com\/company\/76269864\/","https:\/\/www.instagram.com\/discimus_lab\/"]}]}},"_links":{"self":[{"href":"https:\/\/discimus-lab.com\/sl\/wp-json\/wp\/v2\/pages\/7663","targetHints":{"allow":["GET"]}}],"collection":[{"href":"https:\/\/discimus-lab.com\/sl\/wp-json\/wp\/v2\/pages"}],"about":[{"href":"https:\/\/discimus-lab.com\/sl\/wp-json\/wp\/v2\/types\/page"}],"author":[{"embeddable":true,"href":"https:\/\/discimus-lab.com\/sl\/wp-json\/wp\/v2\/users\/1"}],"replies":[{"embeddable":true,"href":"https:\/\/discimus-lab.com\/sl\/wp-json\/wp\/v2\/comments?post=7663"}],"version-history":[{"count":4,"href":"https:\/\/discimus-lab.com\/sl\/wp-json\/wp\/v2\/pages\/7663\/revisions"}],"predecessor-version":[{"id":10095,"href":"https:\/\/discimus-lab.com\/sl\/wp-json\/wp\/v2\/pages\/7663\/revisions\/10095"}],"wp:attachment":[{"href":"https:\/\/discimus-lab.com\/sl\/wp-json\/wp\/v2\/media?parent=7663"}],"curies":[{"name":"wp","href":"https:\/\/api.w.org\/{rel}","templated":true}]}}