{"id":7658,"date":"2021-09-09T15:28:00","date_gmt":"2021-09-09T13:28:00","guid":{"rendered":"https:\/\/discimus-lab.com\/arhiv\/"},"modified":"2024-05-24T10:08:21","modified_gmt":"2024-05-24T08:08:21","slug":"arhiv","status":"publish","type":"page","link":"https:\/\/discimus-lab.com\/sl\/arhiv\/","title":{"rendered":"ARHIV"},"content":{"rendered":"<div class=\"wpb-content-wrapper\"><p>[vc_row][vc_column width=&#8221;1\/4&#8243;][vc_column_text]<\/p>\n<p>&nbsp;<\/p>\n<p>[\/vc_column_text][\/vc_column][vc_column width=&#8221;1\/4&#8243;][\/vc_column][vc_column width=&#8221;1\/4&#8243;][\/vc_column][vc_column width=&#8221;1\/4&#8243;][vc_column_text]<\/p>\n<p>Sre\u010devanje mladih preko \u0161porta. Ve\u010d informacij najdete tukaj: <strong><a href=\"https:\/\/www.dafcup.org\/\">https:\/\/www.dafcup.org\/<\/a><\/strong><\/p>\n<p><img fetchpriority=\"high\" decoding=\"async\" class=\"alignnone size-medium wp-image-5543\" src=\"https:\/\/discimus-lab.si\/wp-content\/uploads\/2021\/09\/cup2013-52-300x225.jpg\" alt=\"\" width=\"300\" height=\"225\" srcset=\"https:\/\/discimus-lab.com\/wp-content\/uploads\/2021\/09\/cup2013-52-300x225.jpg 300w, https:\/\/discimus-lab.com\/wp-content\/uploads\/2021\/09\/cup2013-52-scaled-600x450.jpg 600w, https:\/\/discimus-lab.com\/wp-content\/uploads\/2021\/09\/cup2013-52-1024x768.jpg 1024w, https:\/\/discimus-lab.com\/wp-content\/uploads\/2021\/09\/cup2013-52-768x576.jpg 768w, https:\/\/discimus-lab.com\/wp-content\/uploads\/2021\/09\/cup2013-52-1536x1152.jpg 1536w, https:\/\/discimus-lab.com\/wp-content\/uploads\/2021\/09\/cup2013-52-2048x1536.jpg 2048w, https:\/\/discimus-lab.com\/wp-content\/uploads\/2021\/09\/cup2013-52-scaled-scaled.jpg 1200w\" sizes=\"(max-width: 300px) 100vw, 300px\" \/>[\/vc_column_text][\/vc_column][\/vc_row][vc_row][vc_column][\/vc_column][\/vc_row]<\/p>\n<\/div>","protected":false},"excerpt":{"rendered":"<p>[vc_row][vc_column width=&#8221;1\/4&#8243;][vc_column_text] &nbsp; [\/vc_column_text][\/vc_column][vc_column width=&#8221;1\/4&#8243;][\/vc_column][vc_column width=&#8221;1\/4&#8243;][\/vc_column][vc_column width=&#8221;1\/4&#8243;][vc_column_text] Sre\u010devanje mladih preko \u0161porta. Ve\u010d informacij najdete tukaj: https:\/\/www.dafcup.org\/ [\/vc_column_text][\/vc_column][\/vc_row][vc_row][vc_column][\/vc_column][\/vc_row]<\/p>\n","protected":false},"author":1,"featured_media":0,"parent":0,"menu_order":0,"comment_status":"closed","ping_status":"closed","template":"","meta":{"footnotes":""},"class_list":["post-7658","page","type-page","status-publish","hentry"],"yoast_head":"<!-- This site is optimized with the Yoast SEO plugin v27.4 - https:\/\/yoast.com\/product\/yoast-seo-wordpress\/ -->\n<title>ARHIV - Institut Discimus Lab Tr\u017eec<\/title>\n<meta name=\"robots\" content=\"index, follow, max-snippet:-1, max-image-preview:large, max-video-preview:-1\" \/>\n<link rel=\"canonical\" href=\"https:\/\/discimus-lab.com\/sl\/arhiv\/\" \/>\n<meta property=\"og:locale\" content=\"sl_SI\" \/>\n<meta property=\"og:type\" content=\"article\" \/>\n<meta property=\"og:title\" content=\"ARHIV - Institut Discimus Lab Tr\u017eec\" \/>\n<meta property=\"og:description\" content=\"[vc_row][vc_column width=&#8221;1\/4&#8243;][vc_column_text] &nbsp; [\/vc_column_text][\/vc_column][vc_column width=&#8221;1\/4&#8243;][\/vc_column][vc_column width=&#8221;1\/4&#8243;][\/vc_column][vc_column width=&#8221;1\/4&#8243;][vc_column_text] Sre\u010devanje mladih preko \u0161porta. Ve\u010d informacij najdete tukaj: https:\/\/www.dafcup.org\/ [\/vc_column_text][\/vc_column][\/vc_row][vc_row][vc_column][\/vc_column][\/vc_row]\" \/>\n<meta property=\"og:url\" content=\"https:\/\/discimus-lab.com\/sl\/arhiv\/\" \/>\n<meta property=\"og:site_name\" content=\"Institut Discimus Lab Tr\u017eec\" \/>\n<meta property=\"article:publisher\" content=\"https:\/\/www.facebook.com\/profile.php?id=61552849460549\" \/>\n<meta property=\"article:modified_time\" content=\"2024-05-24T08:08:21+00:00\" \/>\n<meta property=\"og:image\" content=\"https:\/\/discimus-lab.si\/wp-content\/uploads\/2021\/09\/cup2013-52-300x225.jpg\" \/>\n<meta name=\"twitter:card\" content=\"summary_large_image\" \/>\n<meta name=\"twitter:label1\" content=\"Est. reading time\" \/>\n\t<meta name=\"twitter:data1\" content=\"1 minuta\" \/>\n<script type=\"application\/ld+json\" class=\"yoast-schema-graph\">{\"@context\":\"https:\\\/\\\/schema.org\",\"@graph\":[{\"@type\":\"WebPage\",\"@id\":\"https:\\\/\\\/discimus-lab.com\\\/sl\\\/arhiv\\\/\",\"url\":\"https:\\\/\\\/discimus-lab.com\\\/sl\\\/arhiv\\\/\",\"name\":\"ARHIV - Institut Discimus Lab Tr\u017eec\",\"isPartOf\":{\"@id\":\"https:\\\/\\\/discimus-lab.com\\\/#website\"},\"primaryImageOfPage\":{\"@id\":\"https:\\\/\\\/discimus-lab.com\\\/sl\\\/arhiv\\\/#primaryimage\"},\"image\":{\"@id\":\"https:\\\/\\\/discimus-lab.com\\\/sl\\\/arhiv\\\/#primaryimage\"},\"thumbnailUrl\":\"https:\\\/\\\/discimus-lab.si\\\/wp-content\\\/uploads\\\/2021\\\/09\\\/cup2013-52-300x225.jpg\",\"datePublished\":\"2021-09-09T13:28:00+00:00\",\"dateModified\":\"2024-05-24T08:08:21+00:00\",\"breadcrumb\":{\"@id\":\"https:\\\/\\\/discimus-lab.com\\\/sl\\\/arhiv\\\/#breadcrumb\"},\"inLanguage\":\"sl-SI\",\"potentialAction\":[{\"@type\":\"ReadAction\",\"target\":[\"https:\\\/\\\/discimus-lab.com\\\/sl\\\/arhiv\\\/\"]}]},{\"@type\":\"ImageObject\",\"inLanguage\":\"sl-SI\",\"@id\":\"https:\\\/\\\/discimus-lab.com\\\/sl\\\/arhiv\\\/#primaryimage\",\"url\":\"https:\\\/\\\/discimus-lab.si\\\/wp-content\\\/uploads\\\/2021\\\/09\\\/cup2013-52-300x225.jpg\",\"contentUrl\":\"https:\\\/\\\/discimus-lab.si\\\/wp-content\\\/uploads\\\/2021\\\/09\\\/cup2013-52-300x225.jpg\"},{\"@type\":\"BreadcrumbList\",\"@id\":\"https:\\\/\\\/discimus-lab.com\\\/sl\\\/arhiv\\\/#breadcrumb\",\"itemListElement\":[{\"@type\":\"ListItem\",\"position\":1,\"name\":\"Startseite\",\"item\":\"https:\\\/\\\/discimus-lab.com\\\/sl\\\/\"},{\"@type\":\"ListItem\",\"position\":2,\"name\":\"ARHIV\"}]},{\"@type\":\"WebSite\",\"@id\":\"https:\\\/\\\/discimus-lab.com\\\/#website\",\"url\":\"https:\\\/\\\/discimus-lab.com\\\/\",\"name\":\"Institut Discimus Lab Tr\u017eec\",\"description\":\"Zavod Discimus Lab Tr\u017eec\",\"publisher\":{\"@id\":\"https:\\\/\\\/discimus-lab.com\\\/#organization\"},\"potentialAction\":[{\"@type\":\"SearchAction\",\"target\":{\"@type\":\"EntryPoint\",\"urlTemplate\":\"https:\\\/\\\/discimus-lab.com\\\/?s={search_term_string}\"},\"query-input\":{\"@type\":\"PropertyValueSpecification\",\"valueRequired\":true,\"valueName\":\"search_term_string\"}}],\"inLanguage\":\"sl-SI\"},{\"@type\":\"Organization\",\"@id\":\"https:\\\/\\\/discimus-lab.com\\\/#organization\",\"name\":\"Institut Discimus Lab Tr\u017eec\",\"url\":\"https:\\\/\\\/discimus-lab.com\\\/\",\"logo\":{\"@type\":\"ImageObject\",\"inLanguage\":\"sl-SI\",\"@id\":\"https:\\\/\\\/discimus-lab.com\\\/#\\\/schema\\\/logo\\\/image\\\/\",\"url\":\"https:\\\/\\\/discimus-lab.com\\\/wp-content\\\/uploads\\\/2021\\\/09\\\/DL-640x221.png\",\"contentUrl\":\"https:\\\/\\\/discimus-lab.com\\\/wp-content\\\/uploads\\\/2021\\\/09\\\/DL-640x221.png\",\"width\":643,\"height\":222,\"caption\":\"Institut Discimus Lab Tr\u017eec\"},\"image\":{\"@id\":\"https:\\\/\\\/discimus-lab.com\\\/#\\\/schema\\\/logo\\\/image\\\/\"},\"sameAs\":[\"https:\\\/\\\/www.facebook.com\\\/profile.php?id=61552849460549\",\"https:\\\/\\\/www.linkedin.com\\\/company\\\/76269864\\\/\",\"https:\\\/\\\/www.instagram.com\\\/discimus_lab\\\/\"]}]}<\/script>\n<!-- \/ Yoast SEO plugin. -->","yoast_head_json":{"title":"ARHIV - Institut Discimus Lab Tr\u017eec","robots":{"index":"index","follow":"follow","max-snippet":"max-snippet:-1","max-image-preview":"max-image-preview:large","max-video-preview":"max-video-preview:-1"},"canonical":"https:\/\/discimus-lab.com\/sl\/arhiv\/","og_locale":"sl_SI","og_type":"article","og_title":"ARHIV - Institut Discimus Lab Tr\u017eec","og_description":"[vc_row][vc_column width=&#8221;1\/4&#8243;][vc_column_text] &nbsp; [\/vc_column_text][\/vc_column][vc_column width=&#8221;1\/4&#8243;][\/vc_column][vc_column width=&#8221;1\/4&#8243;][\/vc_column][vc_column width=&#8221;1\/4&#8243;][vc_column_text] Sre\u010devanje mladih preko \u0161porta. Ve\u010d informacij najdete tukaj: https:\/\/www.dafcup.org\/ [\/vc_column_text][\/vc_column][\/vc_row][vc_row][vc_column][\/vc_column][\/vc_row]","og_url":"https:\/\/discimus-lab.com\/sl\/arhiv\/","og_site_name":"Institut Discimus Lab Tr\u017eec","article_publisher":"https:\/\/www.facebook.com\/profile.php?id=61552849460549","article_modified_time":"2024-05-24T08:08:21+00:00","og_image":[{"url":"https:\/\/discimus-lab.si\/wp-content\/uploads\/2021\/09\/cup2013-52-300x225.jpg","type":"","width":"","height":""}],"twitter_card":"summary_large_image","twitter_misc":{"Est. reading time":"1 minuta"},"schema":{"@context":"https:\/\/schema.org","@graph":[{"@type":"WebPage","@id":"https:\/\/discimus-lab.com\/sl\/arhiv\/","url":"https:\/\/discimus-lab.com\/sl\/arhiv\/","name":"ARHIV - Institut Discimus Lab Tr\u017eec","isPartOf":{"@id":"https:\/\/discimus-lab.com\/#website"},"primaryImageOfPage":{"@id":"https:\/\/discimus-lab.com\/sl\/arhiv\/#primaryimage"},"image":{"@id":"https:\/\/discimus-lab.com\/sl\/arhiv\/#primaryimage"},"thumbnailUrl":"https:\/\/discimus-lab.si\/wp-content\/uploads\/2021\/09\/cup2013-52-300x225.jpg","datePublished":"2021-09-09T13:28:00+00:00","dateModified":"2024-05-24T08:08:21+00:00","breadcrumb":{"@id":"https:\/\/discimus-lab.com\/sl\/arhiv\/#breadcrumb"},"inLanguage":"sl-SI","potentialAction":[{"@type":"ReadAction","target":["https:\/\/discimus-lab.com\/sl\/arhiv\/"]}]},{"@type":"ImageObject","inLanguage":"sl-SI","@id":"https:\/\/discimus-lab.com\/sl\/arhiv\/#primaryimage","url":"https:\/\/discimus-lab.si\/wp-content\/uploads\/2021\/09\/cup2013-52-300x225.jpg","contentUrl":"https:\/\/discimus-lab.si\/wp-content\/uploads\/2021\/09\/cup2013-52-300x225.jpg"},{"@type":"BreadcrumbList","@id":"https:\/\/discimus-lab.com\/sl\/arhiv\/#breadcrumb","itemListElement":[{"@type":"ListItem","position":1,"name":"Startseite","item":"https:\/\/discimus-lab.com\/sl\/"},{"@type":"ListItem","position":2,"name":"ARHIV"}]},{"@type":"WebSite","@id":"https:\/\/discimus-lab.com\/#website","url":"https:\/\/discimus-lab.com\/","name":"Institut Discimus Lab Tr\u017eec","description":"Zavod Discimus Lab Tr\u017eec","publisher":{"@id":"https:\/\/discimus-lab.com\/#organization"},"potentialAction":[{"@type":"SearchAction","target":{"@type":"EntryPoint","urlTemplate":"https:\/\/discimus-lab.com\/?s={search_term_string}"},"query-input":{"@type":"PropertyValueSpecification","valueRequired":true,"valueName":"search_term_string"}}],"inLanguage":"sl-SI"},{"@type":"Organization","@id":"https:\/\/discimus-lab.com\/#organization","name":"Institut Discimus Lab Tr\u017eec","url":"https:\/\/discimus-lab.com\/","logo":{"@type":"ImageObject","inLanguage":"sl-SI","@id":"https:\/\/discimus-lab.com\/#\/schema\/logo\/image\/","url":"https:\/\/discimus-lab.com\/wp-content\/uploads\/2021\/09\/DL-640x221.png","contentUrl":"https:\/\/discimus-lab.com\/wp-content\/uploads\/2021\/09\/DL-640x221.png","width":643,"height":222,"caption":"Institut Discimus Lab Tr\u017eec"},"image":{"@id":"https:\/\/discimus-lab.com\/#\/schema\/logo\/image\/"},"sameAs":["https:\/\/www.facebook.com\/profile.php?id=61552849460549","https:\/\/www.linkedin.com\/company\/76269864\/","https:\/\/www.instagram.com\/discimus_lab\/"]}]}},"_links":{"self":[{"href":"https:\/\/discimus-lab.com\/sl\/wp-json\/wp\/v2\/pages\/7658","targetHints":{"allow":["GET"]}}],"collection":[{"href":"https:\/\/discimus-lab.com\/sl\/wp-json\/wp\/v2\/pages"}],"about":[{"href":"https:\/\/discimus-lab.com\/sl\/wp-json\/wp\/v2\/types\/page"}],"author":[{"embeddable":true,"href":"https:\/\/discimus-lab.com\/sl\/wp-json\/wp\/v2\/users\/1"}],"replies":[{"embeddable":true,"href":"https:\/\/discimus-lab.com\/sl\/wp-json\/wp\/v2\/comments?post=7658"}],"version-history":[{"count":1,"href":"https:\/\/discimus-lab.com\/sl\/wp-json\/wp\/v2\/pages\/7658\/revisions"}],"predecessor-version":[{"id":9899,"href":"https:\/\/discimus-lab.com\/sl\/wp-json\/wp\/v2\/pages\/7658\/revisions\/9899"}],"wp:attachment":[{"href":"https:\/\/discimus-lab.com\/sl\/wp-json\/wp\/v2\/media?parent=7658"}],"curies":[{"name":"wp","href":"https:\/\/api.w.org\/{rel}","templated":true}]}}