{"id":7319,"date":"2021-09-30T08:49:32","date_gmt":"2021-09-30T06:49:32","guid":{"rendered":"https:\/\/discimus-lab.com\/nase-storitve\/"},"modified":"2026-03-23T11:24:29","modified_gmt":"2026-03-23T10:24:29","slug":"nase-storitve","status":"publish","type":"page","link":"https:\/\/discimus-lab.com\/sl\/naslovna-stran\/nase-storitve\/","title":{"rendered":"Na\u0161e storitve"},"content":{"rendered":"<div class=\"wpb-content-wrapper\"><p>[vc_row][vc_column][vc_tta_accordion style=&#8221;modern&#8221; color=&#8221;blue&#8221; gap=&#8221;3&#8243; active_section=&#8221;1&#8243;][vc_tta_section title=&#8221;Te\u010daji nem\u0161\u010dine\/DaF&#8221; tab_id=&#8221;1637682515568-eeeca693-0e31&#8243;][vc_column_text]<span style=\"color: #000000;\"><strong>Zur Unterst\u00fctzung schulischer Arbeit.<br \/>\n<\/strong><\/span><\/p>\n<p>Ponujamo:<\/p>\n<ul>\n<li>\u2022\tPosvetovanja<\/li>\n<\/ul>\n<p> o\tzasebno pou\u010devanje<\/p>\n<ul>\n<li>\u2022\tpriprava na izpit<\/li>\n<\/ul>\n<p>o\tPodpiramo priprave na izpit iz nem\u0161kega jezika<\/p>\n<ul>\n<li>\u2022\tkonverzacijske vaje<\/li>\n<li>\u2022\tTe\u010daji so namenjeni posameznikom ali skupinam<\/li>\n<\/ul>\n<p>To vklju\u010duje tudi:<\/p>\n<ul>\n<li>Poslu\u0161anje z razumevanjem<\/li>\n<li>Branje z razumevanjem<\/li>\n<li>Govorne vaje<\/li>\n<li>vaje za pisanje<\/li>\n<\/ul>\n<p><span style=\"color: #000000;\"><strong>Vsi te\u010daji so zasnovani v kontekstu \u0161ole, \u0161tudija, vsakdanjega \u017eivljenja in poklica.<br \/>\n<\/strong><\/span>[\/vc_column_text][\/vc_tta_section][vc_tta_section title=&#8221;Nem\u0161\u010dina v (tehni\u010dnem) poklicu&#8221; tab_id=&#8221;1637682515583-9c47f56a-a8f1&#8243;][vc_column_text]<\/p>\n<ul>\n<li>\u2022\tJezikovni te\u010daji za posameznike ali skupine<\/li>\n<li>\u2022\tPosebne teme in \u010das po dogovoru<\/li>\n<li>\u2022\tRazli\u010dne metode<\/li>\n<li>\u2022\tOrodje Zgodbe: Shakespeare v \u0161katli z orodjem<\/li>\n<\/ul>\n<p>[\/vc_column_text][\/vc_tta_section][vc_tta_section title=&#8221;Poklicna dejavnost v Nem\u010diji&#8221; tab_id=&#8221;1637683773082-b3411a68-be62&#8243;][vc_column_text]<\/p>\n<ul>\n<li>\u2022\tPosvetovanje\/svetovanje<\/li>\n<li>\u2022\tPodpora pri upravljanju<\/li>\n<\/ul>\n<p>\u00ad            &#8211; Registracija in odjava registracije<\/p>\n<p>            &#8211; \u00addav\u010dna vpra\u0161anja<\/p>\n<p>            &#8211; \u00adzadeve v zvezi z zavarovanjem<\/p>\n<ul>\n<li>\u2022\tStoritve<\/li>\n<\/ul>\n<p>[\/vc_column_text][\/vc_tta_section][vc_tta_section title=&#8221;Zunaj\u0161olski te\u010daji CLIL robotike &#8221; tab_id=&#8221;1637683971263-90386f31-ac15&#8243;][vc_column_text]Te\u010daji so za \u0161ole brezpla\u010dni.[\/vc_column_text][\/vc_tta_section][vc_tta_section title=&#8221;Nadaljnje usposabljanje&#8221; tab_id=&#8221;1637684121197-1e17f5dc-a27e&#8221;][vc_column_text]<\/p>\n<ul>\n<li>Predavanja<\/li>\n<li>Delavnice<\/li>\n<li>Ve\u010d tukaj <strong><a href=\"https:\/\/discimus-lab.com\/wp-content\/uploads\/2021\/11\/Fortbildungsangebot_11_2021.pdf\">Fortbildungsangebot<\/a><\/strong><\/li>\n<\/ul>\n<p>[\/vc_column_text][\/vc_tta_section][vc_tta_section title=&#8221;Lektoriranje | Preverjanje | Ocenjevanje&#8221; tab_id=&#8221;1637684368880-f529b902-38ef&#8221;][vc_column_text]Zaposleni v Discimus Lab \u017ee ve\u010d kot 20 let zagotavljajo profesionalne storitve lektoriranja:<\/p>\n<ul>\n<li>\u2022\tneumetnostna in literarna besedila,<\/li>\n<li>\u2022\tu\u010dbeni\u0161kih enot ali celotnih u\u010dbenikov za nem\u0161\u010dino kot tuji jezik,<\/li>\n<li>\u2022\tizpitne naloge<\/li>\n<li>\u2022\treklamnih sporo\u010dil.<\/li>\n<\/ul>\n<p>Institut Discimus Lab je trenutno vklju\u010deno v opravljanje ustnih izpitov iz &#8220;poslovne nem\u0161\u010dine&#8221; na Univerzi v Mariboru\/Sloveniji in v zunanje ocenjevanje nem\u0161ke mature na Hrva\u0161kem.[\/vc_column_text][\/vc_tta_section][vc_tta_section title=&#8221;Narrator&#8221; tab_id=&#8221;1637684986623-f66be1a4-25db&#8221;][vc_column_text]Gerald H\u00fchner \u017ee desetletja dela kot pripovedovalec za predstavitve podjetij in druge dokumentarne filme.<\/p>\n<p>Med drugim pripoveduje naloge za slu\u0161no razumevanje za u\u010dbenike in izpite iz nem\u0161\u010dine kot tujega jezika.[\/vc_column_text][\/vc_tta_section][vc_tta_section title=&#8221;Texter&#8221; tab_id=&#8221;1637781904402-aa042de5-6671&#8243;][vc_column_text]V nem\u0161kem jeziku za:<\/p>\n<p>&#8211; Dokumentacija<\/p>\n<p>&#8211; \u00adOgla\u0161evalsko besedilo\/promocija<\/p>\n<p>&#8211; Rap\/Slam poezija[\/vc_column_text][\/vc_tta_section][\/vc_tta_accordion][\/vc_column][\/vc_row][vc_row][vc_column][\/vc_column][\/vc_row]<\/p>\n<\/div>","protected":false},"excerpt":{"rendered":"<p>[vc_row][vc_column][vc_tta_accordion style=&#8221;modern&#8221; color=&#8221;blue&#8221; gap=&#8221;3&#8243; active_section=&#8221;1&#8243;][vc_tta_section title=&#8221;Te\u010daji nem\u0161\u010dine\/DaF&#8221; tab_id=&#8221;1637682515568-eeeca693-0e31&#8243;][vc_column_text]Zur Unterst\u00fctzung schulischer Arbeit. Ponujamo: \u2022 Posvetovanja o zasebno pou\u010devanje \u2022 priprava na izpit o Podpiramo priprave na izpit iz nem\u0161kega jezika \u2022 konverzacijske vaje \u2022 Te\u010daji so namenjeni posameznikom ali skupinam To vklju\u010duje tudi: Poslu\u0161anje z razumevanjem Branje z razumevanjem Govorne vaje vaje za pisanje Vsi te\u010daji [&hellip;]<\/p>\n","protected":false},"author":1,"featured_media":0,"parent":7309,"menu_order":0,"comment_status":"closed","ping_status":"closed","template":"","meta":{"footnotes":""},"class_list":["post-7319","page","type-page","status-publish","hentry"],"yoast_head":"<!-- This site is optimized with the Yoast SEO plugin v27.3 - https:\/\/yoast.com\/product\/yoast-seo-wordpress\/ -->\n<title>Na\u0161e storitve<\/title>\n<meta name=\"description\" content=\"Na\u0161i izobra\u017eevalni programi se osredoto\u010dajo na jezikovno usposabljanje, ve\u010djezi\u010dnost in komunikacijo na delovnem mestu. Ponujamo tudi u\u010dno pomo\u010d in \u0161e veliko ve\u010d.\" \/>\n<meta name=\"robots\" content=\"index, follow, max-snippet:-1, max-image-preview:large, max-video-preview:-1\" \/>\n<link rel=\"canonical\" href=\"https:\/\/discimus-lab.com\/sl\/naslovna-stran\/nase-storitve\/\" \/>\n<meta property=\"og:locale\" content=\"sl_SI\" \/>\n<meta property=\"og:type\" content=\"article\" \/>\n<meta property=\"og:title\" content=\"Na\u0161e storitve\" \/>\n<meta property=\"og:description\" content=\"Na\u0161i izobra\u017eevalni programi se osredoto\u010dajo na jezikovno usposabljanje, ve\u010djezi\u010dnost in komunikacijo na delovnem mestu. Ponujamo tudi u\u010dno pomo\u010d in \u0161e veliko ve\u010d.\" \/>\n<meta property=\"og:url\" content=\"https:\/\/discimus-lab.com\/sl\/naslovna-stran\/nase-storitve\/\" \/>\n<meta property=\"og:site_name\" content=\"Institut Discimus Lab Tr\u017eec\" \/>\n<meta property=\"article:publisher\" content=\"https:\/\/www.facebook.com\/profile.php?id=61552849460549\" \/>\n<meta property=\"article:modified_time\" content=\"2026-03-23T10:24:29+00:00\" \/>\n<meta name=\"twitter:card\" content=\"summary_large_image\" \/>\n<meta name=\"twitter:label1\" content=\"Est. reading time\" \/>\n\t<meta name=\"twitter:data1\" content=\"2 minuti\" \/>\n<script type=\"application\/ld+json\" class=\"yoast-schema-graph\">{\"@context\":\"https:\\\/\\\/schema.org\",\"@graph\":[{\"@type\":\"WebPage\",\"@id\":\"https:\\\/\\\/discimus-lab.com\\\/sl\\\/naslovna-stran\\\/nase-storitve\\\/\",\"url\":\"https:\\\/\\\/discimus-lab.com\\\/sl\\\/naslovna-stran\\\/nase-storitve\\\/\",\"name\":\"Na\u0161e storitve\",\"isPartOf\":{\"@id\":\"https:\\\/\\\/discimus-lab.com\\\/#website\"},\"datePublished\":\"2021-09-30T06:49:32+00:00\",\"dateModified\":\"2026-03-23T10:24:29+00:00\",\"description\":\"Na\u0161i izobra\u017eevalni programi se osredoto\u010dajo na jezikovno usposabljanje, ve\u010djezi\u010dnost in komunikacijo na delovnem mestu. Ponujamo tudi u\u010dno pomo\u010d in \u0161e veliko ve\u010d.\",\"breadcrumb\":{\"@id\":\"https:\\\/\\\/discimus-lab.com\\\/sl\\\/naslovna-stran\\\/nase-storitve\\\/#breadcrumb\"},\"inLanguage\":\"sl-SI\",\"potentialAction\":[{\"@type\":\"ReadAction\",\"target\":[\"https:\\\/\\\/discimus-lab.com\\\/sl\\\/naslovna-stran\\\/nase-storitve\\\/\"]}]},{\"@type\":\"BreadcrumbList\",\"@id\":\"https:\\\/\\\/discimus-lab.com\\\/sl\\\/naslovna-stran\\\/nase-storitve\\\/#breadcrumb\",\"itemListElement\":[{\"@type\":\"ListItem\",\"position\":1,\"name\":\"Startseite\",\"item\":\"https:\\\/\\\/discimus-lab.com\\\/sl\\\/\"},{\"@type\":\"ListItem\",\"position\":2,\"name\":\"Domov\",\"item\":\"https:\\\/\\\/discimus-lab.com\\\/sl\\\/\"},{\"@type\":\"ListItem\",\"position\":3,\"name\":\"Na\u0161e storitve\"}]},{\"@type\":\"WebSite\",\"@id\":\"https:\\\/\\\/discimus-lab.com\\\/#website\",\"url\":\"https:\\\/\\\/discimus-lab.com\\\/\",\"name\":\"Institut Discimus Lab Tr\u017eec\",\"description\":\"Zavod Discimus Lab Tr\u017eec\",\"publisher\":{\"@id\":\"https:\\\/\\\/discimus-lab.com\\\/#organization\"},\"potentialAction\":[{\"@type\":\"SearchAction\",\"target\":{\"@type\":\"EntryPoint\",\"urlTemplate\":\"https:\\\/\\\/discimus-lab.com\\\/?s={search_term_string}\"},\"query-input\":{\"@type\":\"PropertyValueSpecification\",\"valueRequired\":true,\"valueName\":\"search_term_string\"}}],\"inLanguage\":\"sl-SI\"},{\"@type\":\"Organization\",\"@id\":\"https:\\\/\\\/discimus-lab.com\\\/#organization\",\"name\":\"Institut Discimus Lab Tr\u017eec\",\"url\":\"https:\\\/\\\/discimus-lab.com\\\/\",\"logo\":{\"@type\":\"ImageObject\",\"inLanguage\":\"sl-SI\",\"@id\":\"https:\\\/\\\/discimus-lab.com\\\/#\\\/schema\\\/logo\\\/image\\\/\",\"url\":\"https:\\\/\\\/discimus-lab.com\\\/wp-content\\\/uploads\\\/2021\\\/09\\\/DL-640x221.png\",\"contentUrl\":\"https:\\\/\\\/discimus-lab.com\\\/wp-content\\\/uploads\\\/2021\\\/09\\\/DL-640x221.png\",\"width\":643,\"height\":222,\"caption\":\"Institut Discimus Lab Tr\u017eec\"},\"image\":{\"@id\":\"https:\\\/\\\/discimus-lab.com\\\/#\\\/schema\\\/logo\\\/image\\\/\"},\"sameAs\":[\"https:\\\/\\\/www.facebook.com\\\/profile.php?id=61552849460549\",\"https:\\\/\\\/www.linkedin.com\\\/company\\\/76269864\\\/\",\"https:\\\/\\\/www.instagram.com\\\/discimus_lab\\\/\"]}]}<\/script>\n<!-- \/ Yoast SEO plugin. -->","yoast_head_json":{"title":"Na\u0161e storitve","description":"Na\u0161i izobra\u017eevalni programi se osredoto\u010dajo na jezikovno usposabljanje, ve\u010djezi\u010dnost in komunikacijo na delovnem mestu. Ponujamo tudi u\u010dno pomo\u010d in \u0161e veliko ve\u010d.","robots":{"index":"index","follow":"follow","max-snippet":"max-snippet:-1","max-image-preview":"max-image-preview:large","max-video-preview":"max-video-preview:-1"},"canonical":"https:\/\/discimus-lab.com\/sl\/naslovna-stran\/nase-storitve\/","og_locale":"sl_SI","og_type":"article","og_title":"Na\u0161e storitve","og_description":"Na\u0161i izobra\u017eevalni programi se osredoto\u010dajo na jezikovno usposabljanje, ve\u010djezi\u010dnost in komunikacijo na delovnem mestu. Ponujamo tudi u\u010dno pomo\u010d in \u0161e veliko ve\u010d.","og_url":"https:\/\/discimus-lab.com\/sl\/naslovna-stran\/nase-storitve\/","og_site_name":"Institut Discimus Lab Tr\u017eec","article_publisher":"https:\/\/www.facebook.com\/profile.php?id=61552849460549","article_modified_time":"2026-03-23T10:24:29+00:00","twitter_card":"summary_large_image","twitter_misc":{"Est. reading time":"2 minuti"},"schema":{"@context":"https:\/\/schema.org","@graph":[{"@type":"WebPage","@id":"https:\/\/discimus-lab.com\/sl\/naslovna-stran\/nase-storitve\/","url":"https:\/\/discimus-lab.com\/sl\/naslovna-stran\/nase-storitve\/","name":"Na\u0161e storitve","isPartOf":{"@id":"https:\/\/discimus-lab.com\/#website"},"datePublished":"2021-09-30T06:49:32+00:00","dateModified":"2026-03-23T10:24:29+00:00","description":"Na\u0161i izobra\u017eevalni programi se osredoto\u010dajo na jezikovno usposabljanje, ve\u010djezi\u010dnost in komunikacijo na delovnem mestu. Ponujamo tudi u\u010dno pomo\u010d in \u0161e veliko ve\u010d.","breadcrumb":{"@id":"https:\/\/discimus-lab.com\/sl\/naslovna-stran\/nase-storitve\/#breadcrumb"},"inLanguage":"sl-SI","potentialAction":[{"@type":"ReadAction","target":["https:\/\/discimus-lab.com\/sl\/naslovna-stran\/nase-storitve\/"]}]},{"@type":"BreadcrumbList","@id":"https:\/\/discimus-lab.com\/sl\/naslovna-stran\/nase-storitve\/#breadcrumb","itemListElement":[{"@type":"ListItem","position":1,"name":"Startseite","item":"https:\/\/discimus-lab.com\/sl\/"},{"@type":"ListItem","position":2,"name":"Domov","item":"https:\/\/discimus-lab.com\/sl\/"},{"@type":"ListItem","position":3,"name":"Na\u0161e storitve"}]},{"@type":"WebSite","@id":"https:\/\/discimus-lab.com\/#website","url":"https:\/\/discimus-lab.com\/","name":"Institut Discimus Lab Tr\u017eec","description":"Zavod Discimus Lab Tr\u017eec","publisher":{"@id":"https:\/\/discimus-lab.com\/#organization"},"potentialAction":[{"@type":"SearchAction","target":{"@type":"EntryPoint","urlTemplate":"https:\/\/discimus-lab.com\/?s={search_term_string}"},"query-input":{"@type":"PropertyValueSpecification","valueRequired":true,"valueName":"search_term_string"}}],"inLanguage":"sl-SI"},{"@type":"Organization","@id":"https:\/\/discimus-lab.com\/#organization","name":"Institut Discimus Lab Tr\u017eec","url":"https:\/\/discimus-lab.com\/","logo":{"@type":"ImageObject","inLanguage":"sl-SI","@id":"https:\/\/discimus-lab.com\/#\/schema\/logo\/image\/","url":"https:\/\/discimus-lab.com\/wp-content\/uploads\/2021\/09\/DL-640x221.png","contentUrl":"https:\/\/discimus-lab.com\/wp-content\/uploads\/2021\/09\/DL-640x221.png","width":643,"height":222,"caption":"Institut Discimus Lab Tr\u017eec"},"image":{"@id":"https:\/\/discimus-lab.com\/#\/schema\/logo\/image\/"},"sameAs":["https:\/\/www.facebook.com\/profile.php?id=61552849460549","https:\/\/www.linkedin.com\/company\/76269864\/","https:\/\/www.instagram.com\/discimus_lab\/"]}]}},"_links":{"self":[{"href":"https:\/\/discimus-lab.com\/sl\/wp-json\/wp\/v2\/pages\/7319","targetHints":{"allow":["GET"]}}],"collection":[{"href":"https:\/\/discimus-lab.com\/sl\/wp-json\/wp\/v2\/pages"}],"about":[{"href":"https:\/\/discimus-lab.com\/sl\/wp-json\/wp\/v2\/types\/page"}],"author":[{"embeddable":true,"href":"https:\/\/discimus-lab.com\/sl\/wp-json\/wp\/v2\/users\/1"}],"replies":[{"embeddable":true,"href":"https:\/\/discimus-lab.com\/sl\/wp-json\/wp\/v2\/comments?post=7319"}],"version-history":[{"count":11,"href":"https:\/\/discimus-lab.com\/sl\/wp-json\/wp\/v2\/pages\/7319\/revisions"}],"predecessor-version":[{"id":12437,"href":"https:\/\/discimus-lab.com\/sl\/wp-json\/wp\/v2\/pages\/7319\/revisions\/12437"}],"up":[{"embeddable":true,"href":"https:\/\/discimus-lab.com\/sl\/wp-json\/wp\/v2\/pages\/7309"}],"wp:attachment":[{"href":"https:\/\/discimus-lab.com\/sl\/wp-json\/wp\/v2\/media?parent=7319"}],"curies":[{"name":"wp","href":"https:\/\/api.w.org\/{rel}","templated":true}]}}