{"id":7947,"date":"2022-12-05T10:00:21","date_gmt":"2022-12-05T09:00:21","guid":{"rendered":"https:\/\/discimus-lab.com\/our-team\/"},"modified":"2024-05-25T16:07:24","modified_gmt":"2024-05-25T14:07:24","slug":"our-team","status":"publish","type":"page","link":"https:\/\/discimus-lab.com\/en\/our-team\/","title":{"rendered":"Our team"},"content":{"rendered":"<h4>Dr. phil. Gerald H\u00fchner:<\/h4>\n<ul>\n<li>&#8211; dual vocational training as technical draftsman<\/li>\n<li>&#8211; Studies of literature, philosophy and history of arts (MA, University of Bonn\/D)<\/li>\n<li>&#8211; Study of literature science (Dr. phil., University of Bielefeld\/D)<\/li>\n<li>&#8211; More than 26 years of professional activity in international CLIL-\/CLILiG-educational work<\/li>\n<li>&#8211; Conception, implementation, documentation of international projects<\/li>\n<li>Teacher training\/Train the Trainer<\/li>\n<li>&#8211; German school service abroad in Hungary, Slovenia and Croatia (1995 &#8211; 2017)<\/li>\n<li>&#8211; Teaching expert at the Goethe-Institut Zagreb (2017 &#8211; 2019)<\/li>\n<li>&#8211; Since then, conception and implementation of specific (training) education projects in the Central and Southeast Europe (CSEE) region.<\/li>\n<li>Aktuelle, motivierende Lehr- und Lernverfahren \u2013 u.a. durch Medienprojekte mit Publikation<\/li>\n<li>Storytelling, Rap.<\/li>\n<\/ul>\n<h4>Dr. sc. Monica H\u00fchner:<\/h4>\n<ul>\n<li>&#8211; University degree in Agriculture (University of Leipzig\/D)<\/li>\n<li>&#8211; Doctorate in Agricultural Management (University of Maribor\/SLO)<\/li>\n<li>&#8211; Expertise in the field of website maintenance<\/li>\n<li>&#8211; Expertise in the use of digital tools, especially in <strong>decision making<\/strong> as the subject of her dissertation. &#8211; For this purpose, a tool to support scientific and everyday decision making processes is currently being programmed. (<strong>\u201eDecAid\u201c:<\/strong> <a href=\"http:\/\/www.decaid.eu\/\"><strong>www.decaid.eu<\/strong><\/a><strong>).<\/strong><\/li>\n<li><strong>&#8211; V<\/strong>Volunteering office manager for the Foundation &#8220;Knowledge at Work\/Zaklada znanje na djelu&#8221;, in the context of vocational education in Croatia.<\/li>\n<li>&#8211; Co-founder (with Gerald H\u00fchner) and co-organizer of the Croatian and Slovenian National Championships in CLILiG Robotics for elementary\/grammar schools (2018ff.), to promote early and continuously built skills in robotics and German as a lingua franca in the region.<\/li>\n<li>&#8211; Co-founder (with Gerald H\u00fchner) of the International Handball Tournament &#8220;DaF-Cup&#8221; in Zapre\u0161i\u0107, Croatia (2011ff.), to promote international youth encounter and German as a lingua franca in the region.<\/li>\n<\/ul>\n","protected":false},"excerpt":{"rendered":"<p>Dr. phil. Gerald H\u00fchner: &#8211; dual vocational training as technical draftsman &#8211; Studies of literature, philosophy and history of arts (MA, University of Bonn\/D) &#8211; Study of literature science (Dr. phil., University of Bielefeld\/D) &#8211; More than 26 years of professional activity in international CLIL-\/CLILiG-educational work &#8211; Conception, implementation, documentation of international projects Teacher training\/Train [&hellip;]<\/p>\n","protected":false},"author":1,"featured_media":0,"parent":0,"menu_order":0,"comment_status":"closed","ping_status":"closed","template":"","meta":{"footnotes":""},"class_list":["post-7947","page","type-page","status-publish","hentry"],"yoast_head":"<!-- This site is optimized with the Yoast SEO plugin v27.3 - https:\/\/yoast.com\/product\/yoast-seo-wordpress\/ -->\n<title>The team<\/title>\n<meta name=\"description\" content=\"The team at the institute consists of two people who are mainly involved in project development, planning and realisation.\" \/>\n<meta name=\"robots\" content=\"index, follow, max-snippet:-1, max-image-preview:large, max-video-preview:-1\" \/>\n<link rel=\"canonical\" href=\"https:\/\/discimus-lab.com\/unser-team\/\" \/>\n<meta property=\"og:locale\" content=\"en_US\" \/>\n<meta property=\"og:type\" content=\"article\" \/>\n<meta property=\"og:title\" content=\"The team\" \/>\n<meta property=\"og:description\" content=\"The team at the institute consists of two people who are mainly involved in project development, planning and realisation.\" \/>\n<meta property=\"og:url\" content=\"https:\/\/discimus-lab.com\/unser-team\/\" \/>\n<meta property=\"og:site_name\" content=\"Institut Discimus Lab Tr\u017eec\" \/>\n<meta property=\"article:publisher\" content=\"https:\/\/www.facebook.com\/profile.php?id=61552849460549\" \/>\n<meta property=\"article:modified_time\" content=\"2024-05-25T14:07:24+00:00\" \/>\n<meta name=\"twitter:card\" content=\"summary_large_image\" \/>\n<meta name=\"twitter:label1\" content=\"Est. reading time\" \/>\n\t<meta name=\"twitter:data1\" content=\"2 minutes\" \/>\n<script type=\"application\/ld+json\" class=\"yoast-schema-graph\">{\"@context\":\"https:\\\/\\\/schema.org\",\"@graph\":[{\"@type\":\"WebPage\",\"@id\":\"https:\\\/\\\/discimus-lab.com\\\/unser-team\\\/\",\"url\":\"https:\\\/\\\/discimus-lab.com\\\/unser-team\\\/\",\"name\":\"The team\",\"isPartOf\":{\"@id\":\"https:\\\/\\\/discimus-lab.com\\\/#website\"},\"datePublished\":\"2022-12-05T09:00:21+00:00\",\"dateModified\":\"2024-05-25T14:07:24+00:00\",\"description\":\"The team at the institute consists of two people who are mainly involved in project development, planning and realisation.\",\"breadcrumb\":{\"@id\":\"https:\\\/\\\/discimus-lab.com\\\/unser-team\\\/#breadcrumb\"},\"inLanguage\":\"en-US\",\"potentialAction\":[{\"@type\":\"ReadAction\",\"target\":[\"https:\\\/\\\/discimus-lab.com\\\/unser-team\\\/\"]}]},{\"@type\":\"BreadcrumbList\",\"@id\":\"https:\\\/\\\/discimus-lab.com\\\/unser-team\\\/#breadcrumb\",\"itemListElement\":[{\"@type\":\"ListItem\",\"position\":1,\"name\":\"Startseite\",\"item\":\"https:\\\/\\\/discimus-lab.com\\\/en\\\/\"},{\"@type\":\"ListItem\",\"position\":2,\"name\":\"Our team\"}]},{\"@type\":\"WebSite\",\"@id\":\"https:\\\/\\\/discimus-lab.com\\\/#website\",\"url\":\"https:\\\/\\\/discimus-lab.com\\\/\",\"name\":\"Institut Discimus Lab Tr\u017eec\",\"description\":\"Zavod Discimus Lab Tr\u017eec\",\"publisher\":{\"@id\":\"https:\\\/\\\/discimus-lab.com\\\/#organization\"},\"potentialAction\":[{\"@type\":\"SearchAction\",\"target\":{\"@type\":\"EntryPoint\",\"urlTemplate\":\"https:\\\/\\\/discimus-lab.com\\\/?s={search_term_string}\"},\"query-input\":{\"@type\":\"PropertyValueSpecification\",\"valueRequired\":true,\"valueName\":\"search_term_string\"}}],\"inLanguage\":\"en-US\"},{\"@type\":\"Organization\",\"@id\":\"https:\\\/\\\/discimus-lab.com\\\/#organization\",\"name\":\"Institut Discimus Lab Tr\u017eec\",\"url\":\"https:\\\/\\\/discimus-lab.com\\\/\",\"logo\":{\"@type\":\"ImageObject\",\"inLanguage\":\"en-US\",\"@id\":\"https:\\\/\\\/discimus-lab.com\\\/#\\\/schema\\\/logo\\\/image\\\/\",\"url\":\"https:\\\/\\\/discimus-lab.com\\\/wp-content\\\/uploads\\\/2021\\\/09\\\/DL-640x221.png\",\"contentUrl\":\"https:\\\/\\\/discimus-lab.com\\\/wp-content\\\/uploads\\\/2021\\\/09\\\/DL-640x221.png\",\"width\":643,\"height\":222,\"caption\":\"Institut Discimus Lab Tr\u017eec\"},\"image\":{\"@id\":\"https:\\\/\\\/discimus-lab.com\\\/#\\\/schema\\\/logo\\\/image\\\/\"},\"sameAs\":[\"https:\\\/\\\/www.facebook.com\\\/profile.php?id=61552849460549\",\"https:\\\/\\\/www.linkedin.com\\\/company\\\/76269864\\\/\",\"https:\\\/\\\/www.instagram.com\\\/discimus_lab\\\/\"]}]}<\/script>\n<!-- \/ Yoast SEO plugin. -->","yoast_head_json":{"title":"The team","description":"The team at the institute consists of two people who are mainly involved in project development, planning and realisation.","robots":{"index":"index","follow":"follow","max-snippet":"max-snippet:-1","max-image-preview":"max-image-preview:large","max-video-preview":"max-video-preview:-1"},"canonical":"https:\/\/discimus-lab.com\/unser-team\/","og_locale":"en_US","og_type":"article","og_title":"The team","og_description":"The team at the institute consists of two people who are mainly involved in project development, planning and realisation.","og_url":"https:\/\/discimus-lab.com\/unser-team\/","og_site_name":"Institut Discimus Lab Tr\u017eec","article_publisher":"https:\/\/www.facebook.com\/profile.php?id=61552849460549","article_modified_time":"2024-05-25T14:07:24+00:00","twitter_card":"summary_large_image","twitter_misc":{"Est. reading time":"2 minutes"},"schema":{"@context":"https:\/\/schema.org","@graph":[{"@type":"WebPage","@id":"https:\/\/discimus-lab.com\/unser-team\/","url":"https:\/\/discimus-lab.com\/unser-team\/","name":"The team","isPartOf":{"@id":"https:\/\/discimus-lab.com\/#website"},"datePublished":"2022-12-05T09:00:21+00:00","dateModified":"2024-05-25T14:07:24+00:00","description":"The team at the institute consists of two people who are mainly involved in project development, planning and realisation.","breadcrumb":{"@id":"https:\/\/discimus-lab.com\/unser-team\/#breadcrumb"},"inLanguage":"en-US","potentialAction":[{"@type":"ReadAction","target":["https:\/\/discimus-lab.com\/unser-team\/"]}]},{"@type":"BreadcrumbList","@id":"https:\/\/discimus-lab.com\/unser-team\/#breadcrumb","itemListElement":[{"@type":"ListItem","position":1,"name":"Startseite","item":"https:\/\/discimus-lab.com\/en\/"},{"@type":"ListItem","position":2,"name":"Our team"}]},{"@type":"WebSite","@id":"https:\/\/discimus-lab.com\/#website","url":"https:\/\/discimus-lab.com\/","name":"Institut Discimus Lab Tr\u017eec","description":"Zavod Discimus Lab Tr\u017eec","publisher":{"@id":"https:\/\/discimus-lab.com\/#organization"},"potentialAction":[{"@type":"SearchAction","target":{"@type":"EntryPoint","urlTemplate":"https:\/\/discimus-lab.com\/?s={search_term_string}"},"query-input":{"@type":"PropertyValueSpecification","valueRequired":true,"valueName":"search_term_string"}}],"inLanguage":"en-US"},{"@type":"Organization","@id":"https:\/\/discimus-lab.com\/#organization","name":"Institut Discimus Lab Tr\u017eec","url":"https:\/\/discimus-lab.com\/","logo":{"@type":"ImageObject","inLanguage":"en-US","@id":"https:\/\/discimus-lab.com\/#\/schema\/logo\/image\/","url":"https:\/\/discimus-lab.com\/wp-content\/uploads\/2021\/09\/DL-640x221.png","contentUrl":"https:\/\/discimus-lab.com\/wp-content\/uploads\/2021\/09\/DL-640x221.png","width":643,"height":222,"caption":"Institut Discimus Lab Tr\u017eec"},"image":{"@id":"https:\/\/discimus-lab.com\/#\/schema\/logo\/image\/"},"sameAs":["https:\/\/www.facebook.com\/profile.php?id=61552849460549","https:\/\/www.linkedin.com\/company\/76269864\/","https:\/\/www.instagram.com\/discimus_lab\/"]}]}},"_links":{"self":[{"href":"https:\/\/discimus-lab.com\/en\/wp-json\/wp\/v2\/pages\/7947","targetHints":{"allow":["GET"]}}],"collection":[{"href":"https:\/\/discimus-lab.com\/en\/wp-json\/wp\/v2\/pages"}],"about":[{"href":"https:\/\/discimus-lab.com\/en\/wp-json\/wp\/v2\/types\/page"}],"author":[{"embeddable":true,"href":"https:\/\/discimus-lab.com\/en\/wp-json\/wp\/v2\/users\/1"}],"replies":[{"embeddable":true,"href":"https:\/\/discimus-lab.com\/en\/wp-json\/wp\/v2\/comments?post=7947"}],"version-history":[{"count":3,"href":"https:\/\/discimus-lab.com\/en\/wp-json\/wp\/v2\/pages\/7947\/revisions"}],"predecessor-version":[{"id":10067,"href":"https:\/\/discimus-lab.com\/en\/wp-json\/wp\/v2\/pages\/7947\/revisions\/10067"}],"wp:attachment":[{"href":"https:\/\/discimus-lab.com\/en\/wp-json\/wp\/v2\/media?parent=7947"}],"curies":[{"name":"wp","href":"https:\/\/api.w.org\/{rel}","templated":true}]}}